{"id":107,"date":"2020-07-13T15:08:30","date_gmt":"2020-07-13T15:08:30","guid":{"rendered":"https:\/\/demeas.rs\/neodent\/?page_id=107"},"modified":"2020-08-10T14:39:29","modified_gmt":"2020-08-10T14:39:29","slug":"helix","status":"publish","type":"page","link":"https:\/\/demeas.rs\/neodent\/helix\/","title":{"rendered":"Helix"},"content":{"rendered":"<div class=\"wpb-content-wrapper\"><p>[vc_row row_type=&#8221;parallax&#8221; parallax_content_width=&#8221;full_width&#8221; text_align=&#8221;center&#8221; full_screen_section_height=&#8221;no&#8221; background_image=&#8221;105&#8243; css=&#8221;.vc_custom_1594138254070{padding-top: 200px !important;padding-bottom: 200px !important;}&#8221;][vc_column][vc_empty_space height=&#8221;12px&#8221; css=&#8221;.vc_custom_1594140581359{background-color: #262626 !important;}&#8221;][vc_row_inner row_type=&#8221;row&#8221; type=&#8221;grid&#8221; text_align=&#8221;left&#8221; css_animation=&#8221;&#8221; background_color=&#8221;#ffffff&#8221;][vc_column_inner width=&#8221;2\/3&#8243;][vc_empty_space][vc_empty_space][vc_column_text]<\/p>\n<h3>Hibridni dvostruko koni\u010dan implantat\u00a0dizajniran za estetsko savr\u0161enstvo<\/h3>\n<p>&nbsp;<\/p>\n<p>Novi\u00a0<strong>Helix Grand Morse<\/strong>\u00a0je inovativni koncept koji kombinuje dvostruko koni\u010dan oblik i hibridnu spoljnu konturu: cilindri\u010dnu u koronarnom delu i konusnu u apikalnom delu. Ovakav dizajn omogu\u0107uje maksimalnu fleksibilnost kod vertikalnog ugra\u0111ivanja implantata u kombinaciji sa osteotomijom, potpoma\u017eu\u0107i o\u010duvanje periimplatne ko\u0161tane strukture u krestalnom delu \u0161to je veoma va\u017ean preduslov za dobijanje optimalnih rezultata u estetskoj regiji.[\/vc_column_text][vc_empty_space][\/vc_column_inner][vc_column_inner width=&#8221;1\/3&#8243;][vc_empty_space][vc_single_image image=&#8221;110&#8243; img_size=&#8221;full&#8221; onclick=&#8221;link_image&#8221; qode_css_animation=&#8221;&#8221;][vc_empty_space][\/vc_column_inner][\/vc_row_inner][\/vc_column][\/vc_row][vc_row row_type=&#8221;parallax&#8221; parallax_content_width=&#8221;full_width&#8221; text_align=&#8221;left&#8221; full_screen_section_height=&#8221;no&#8221; background_image=&#8221;77&#8243; section_height=&#8221;350&#8243;][vc_column][\/vc_column][\/vc_row][vc_row css_animation=&#8221;&#8221; row_type=&#8221;row&#8221; use_row_as_full_screen_section=&#8221;no&#8221; type=&#8221;grid&#8221; angled_section=&#8221;no&#8221; text_align=&#8221;left&#8221; background_image_as_pattern=&#8221;without_pattern&#8221; css=&#8221;.vc_custom_1594649312484{background-color: #833177 !important;}&#8221; z_index=&#8221;&#8221; background_color=&#8221;#833177&#8243;][vc_column][vc_empty_space][vc_column_text]<\/p>\n<h3><span style=\"color: #ffffff\">Primarna stabilnost bez presedana \u010dak i u najizazovnijim situacijama<\/span><\/h3>\n<p>[\/vc_column_text][vc_empty_space][\/vc_column][\/vc_row][vc_row css_animation=&#8221;&#8221; row_type=&#8221;row&#8221; use_row_as_full_screen_section=&#8221;no&#8221; type=&#8221;grid&#8221; angled_section=&#8221;no&#8221; text_align=&#8221;left&#8221; background_image_as_pattern=&#8221;without_pattern&#8221; z_index=&#8221;&#8221;][vc_column width=&#8221;1\/3&#8243;][vc_empty_space][vc_single_image image=&#8221;111&#8243; img_size=&#8221;full&#8221; onclick=&#8221;link_image&#8221; qode_css_animation=&#8221;&#8221;][\/vc_column][vc_column css_animation=&#8221;none&#8221; width=&#8221;2\/3&#8243;][vc_empty_space][vc_empty_space]<div class='q_icon_with_title medium custom_icon_image '><div class=\"icon_holder \" style=\" \"><img decoding=\"async\" src=\"https:\/\/demeas.rs\/neodent\/wp-content\/uploads\/sites\/3\/2020\/07\/deo1.jpg\" alt=\"\"><\/div><div class=\"icon_text_holder\" style=\"\"><div class=\"icon_text_inner\" style=\"\"><h3 class=\"icon_title\" style=\"\">Koronarni deo:<\/h3><div class=\"separator small left\" style=\"height: 2px;background-color: #ffffff;width: 20px;margin-top: 20px;margin-bottom: 15px;\"><\/div><p style=''>Trapezoidni&gt;Komprimovani<\/p><\/div><\/div><\/div>[vc_empty_space]<div class='q_icon_with_title medium custom_icon_image '><div class=\"icon_holder \" style=\" \"><img decoding=\"async\" src=\"https:\/\/demeas.rs\/neodent\/wp-content\/uploads\/sites\/3\/2020\/07\/deo2.jpg\" alt=\"\"><\/div><div class=\"icon_text_holder\" style=\"\"><div class=\"icon_text_inner\" style=\"\"><h3 class=\"icon_title\" style=\"\">Apikalni deo:<\/h3><p style=''>V-oblik&gt;Samonarezuju\u0107i<\/p><\/div><\/div><\/div>[vc_empty_space][vc_empty_space][\/vc_column][\/vc_row][vc_row css_animation=&#8221;&#8221; row_type=&#8221;row&#8221; use_row_as_full_screen_section=&#8221;no&#8221; type=&#8221;grid&#8221; angled_section=&#8221;no&#8221; text_align=&#8221;left&#8221; background_image_as_pattern=&#8221;without_pattern&#8221; css=&#8221;.vc_custom_1594649312484{background-color: #833177 !important;}&#8221; z_index=&#8221;&#8221; background_color=&#8221;#833177&#8243;][vc_column][vc_empty_space][vc_column_text]<\/p>\n<h3><span style=\"color: #ffffff\">Dostizanje visoke primarne stabilnosti kod svih tipova kostiju<\/span><\/h3>\n<p>[\/vc_column_text][vc_empty_space][\/vc_column][\/vc_row][vc_row css_animation=&#8221;&#8221; row_type=&#8221;row&#8221; use_row_as_full_screen_section=&#8221;no&#8221; type=&#8221;grid&#8221; angled_section=&#8221;no&#8221; text_align=&#8221;left&#8221; background_image_as_pattern=&#8221;without_pattern&#8221; z_index=&#8221;&#8221;][vc_column width=&#8221;1\/2&#8243;][vc_single_image image=&#8221;114&#8243; img_size=&#8221;full&#8221; alignment=&#8221;center&#8221; qode_css_animation=&#8221;&#8221;][\/vc_column][vc_column width=&#8221;1\/2&#8243;][vc_empty_space height=&#8221;52px&#8221;][vc_column_text]<\/p>\n<h3>Potpuno konusni oblik<\/h3>\n<p>Koronarno: 2\u00b0 \u2013 12\u00b0<br \/>\nApikalno: 16\u00b0<\/p>\n<p>\u00bb Omogu\u0107uje kondenzaciju kosti[\/vc_column_text][\/vc_column][\/vc_row][vc_row css_animation=&#8221;&#8221; row_type=&#8221;row&#8221; use_row_as_full_screen_section=&#8221;no&#8221; type=&#8221;grid&#8221; angled_section=&#8221;no&#8221; text_align=&#8221;left&#8221; background_image_as_pattern=&#8221;without_pattern&#8221; z_index=&#8221;&#8221;][vc_column width=&#8221;1\/2&#8243;][vc_single_image image=&#8221;115&#8243; img_size=&#8221;full&#8221; alignment=&#8221;center&#8221; qode_css_animation=&#8221;&#8221;][\/vc_column][vc_column width=&#8221;1\/2&#8243;][vc_empty_space height=&#8221;52px&#8221;][vc_column_text]<\/p>\n<h3>Hibridna kontura<\/h3>\n<p>Koronarno: Cilindri\u010dan<br \/>\nApikalno: Koni\u010dan<\/p>\n<p>\u00bb Za stabilnost sa fleksibilnom vertikalnom ugradnjom[\/vc_column_text][\/vc_column][\/vc_row][vc_row css_animation=&#8221;&#8221; row_type=&#8221;row&#8221; use_row_as_full_screen_section=&#8221;no&#8221; type=&#8221;grid&#8221; angled_section=&#8221;no&#8221; text_align=&#8221;left&#8221; background_image_as_pattern=&#8221;without_pattern&#8221; z_index=&#8221;&#8221;][vc_column width=&#8221;1\/2&#8243;][vc_single_image image=&#8221;116&#8243; img_size=&#8221;full&#8221; alignment=&#8221;center&#8221; qode_css_animation=&#8221;&#8221;][\/vc_column][vc_column width=&#8221;1\/2&#8243;][vc_empty_space height=&#8221;52px&#8221;][vc_column_text]<\/p>\n<h3>Aktivan vrh<\/h3>\n<p>Blago zaobljen mali vrh<br \/>\nSpiralni \u017eljebovi<\/p>\n<p>\u00bb Omogu\u0107uje imedijatno optere\u0107enje[\/vc_column_text][\/vc_column][\/vc_row][vc_row css_animation=&#8221;&#8221; row_type=&#8221;row&#8221; use_row_as_full_screen_section=&#8221;no&#8221; type=&#8221;grid&#8221; angled_section=&#8221;no&#8221; text_align=&#8221;left&#8221; background_image_as_pattern=&#8221;without_pattern&#8221; z_index=&#8221;&#8221; background_color=&#8221;#833177&#8243;][vc_column][vc_empty_space height=&#8221;52px&#8221;][vc_column_text]<\/p>\n<h3><span style=\"color: #ffffff\">Novi\u00a0<strong>Helix Grand Morse\u00a0<\/strong>ima jedinstven progresivan i dinami\u010dan dizajn navoja, kombinovan sa malim vrhom i \u017eljebom koji omogu\u0107avaju imedijatnu ugradnju. Ovakve karakteristike obezbe\u0111uju primarnu stabilnost \u010dak i kod zahtevnih klini\u010dkih slu\u010dajeva kao \u0161to su meka kost, ugradnja neposredno nakon ekstrakcije, kod konvergentnih vrhova korena ili kod imedijatnog optere\u0107enja.<\/span><\/h3>\n<p>[\/vc_column_text][vc_empty_space height=&#8221;52px&#8221;][\/vc_column][\/vc_row]<\/p>\n<\/div>","protected":false},"excerpt":{"rendered":"<p>[vc_row row_type=&#8221;parallax&#8221; parallax_content_width=&#8221;full_width&#8221; text_align=&#8221;center&#8221; full_screen_section_height=&#8221;no&#8221; background_image=&#8221;105&#8243; css=&#8221;.vc_custom_1594138254070{padding-top: 200px !important;padding-bottom: 200px !important;}&#8221;][vc_column][vc_empty_space height=&#8221;12px&#8221; css=&#8221;.vc_custom_1594140581359{background-color: #262626 !important;}&#8221;][vc_row_inner row_type=&#8221;row&#8221; type=&#8221;grid&#8221; text_align=&#8221;left&#8221; css_animation=&#8221;&#8221; background_color=&#8221;#ffffff&#8221;][vc_column_inner width=&#8221;2\/3&#8243;][vc_empty_space][vc_empty_space][vc_column_text] Hibridni dvostruko koni\u010dan implantat\u00a0dizajniran za estetsko savr\u0161enstvo &nbsp; Novi\u00a0Helix Grand Morse\u00a0je inovativni koncept koji kombinuje dvostruko koni\u010dan oblik i hibridnu spoljnu konturu: cilindri\u010dnu u&#8230;<\/p>\n","protected":false},"author":1,"featured_media":0,"parent":0,"menu_order":0,"comment_status":"closed","ping_status":"closed","template":"full_width.php","meta":{"footnotes":""},"class_list":["post-107","page","type-page","status-publish","hentry"],"yoast_head":"<!-- This site is optimized with the Yoast SEO plugin v27.2 - https:\/\/yoast.com\/product\/yoast-seo-wordpress\/ -->\n<title>Helix - Neodent<\/title>\n<meta name=\"robots\" content=\"index, follow, max-snippet:-1, max-image-preview:large, max-video-preview:-1\" \/>\n<link rel=\"canonical\" href=\"https:\/\/demeas.rs\/neodent\/helix\/\" \/>\n<meta property=\"og:locale\" content=\"en_US\" \/>\n<meta property=\"og:type\" content=\"article\" \/>\n<meta property=\"og:title\" content=\"Helix - Neodent\" \/>\n<meta property=\"og:description\" content=\"[vc_row row_type=&#8221;parallax&#8221; parallax_content_width=&#8221;full_width&#8221; text_align=&#8221;center&#8221; full_screen_section_height=&#8221;no&#8221; background_image=&#8221;105&#8243; css=&#8221;.vc_custom_1594138254070{padding-top: 200px !important;padding-bottom: 200px !important;}&#8221;][vc_column][vc_empty_space height=&#8221;12px&#8221; css=&#8221;.vc_custom_1594140581359{background-color: #262626 !important;}&#8221;][vc_row_inner row_type=&#8221;row&#8221; type=&#8221;grid&#8221; text_align=&#8221;left&#8221; css_animation=&#8221;&#8221; background_color=&#8221;#ffffff&#8221;][vc_column_inner width=&#8221;2\/3&#8243;][vc_empty_space][vc_empty_space][vc_column_text] Hibridni dvostruko koni\u010dan implantat\u00a0dizajniran za estetsko savr\u0161enstvo &nbsp; Novi\u00a0Helix Grand Morse\u00a0je inovativni koncept koji kombinuje dvostruko koni\u010dan oblik i hibridnu spoljnu konturu: cilindri\u010dnu u...\" \/>\n<meta property=\"og:url\" content=\"https:\/\/demeas.rs\/neodent\/helix\/\" \/>\n<meta property=\"og:site_name\" content=\"Neodent\" \/>\n<meta property=\"article:modified_time\" content=\"2020-08-10T14:39:29+00:00\" \/>\n<meta name=\"twitter:card\" content=\"summary_large_image\" \/>\n<meta name=\"twitter:label1\" content=\"Est. reading time\" \/>\n\t<meta name=\"twitter:data1\" content=\"4 minutes\" \/>\n<script type=\"application\/ld+json\" class=\"yoast-schema-graph\">{\"@context\":\"https:\/\/schema.org\",\"@graph\":[{\"@type\":\"WebPage\",\"@id\":\"https:\/\/demeas.rs\/neodent\/helix\/\",\"url\":\"https:\/\/demeas.rs\/neodent\/helix\/\",\"name\":\"Helix - Neodent\",\"isPartOf\":{\"@id\":\"https:\/\/demeas.rs\/neodent\/#website\"},\"datePublished\":\"2020-07-13T15:08:30+00:00\",\"dateModified\":\"2020-08-10T14:39:29+00:00\",\"breadcrumb\":{\"@id\":\"https:\/\/demeas.rs\/neodent\/helix\/#breadcrumb\"},\"inLanguage\":\"en-US\",\"potentialAction\":[{\"@type\":\"ReadAction\",\"target\":[\"https:\/\/demeas.rs\/neodent\/helix\/\"]}]},{\"@type\":\"BreadcrumbList\",\"@id\":\"https:\/\/demeas.rs\/neodent\/helix\/#breadcrumb\",\"itemListElement\":[{\"@type\":\"ListItem\",\"position\":1,\"name\":\"Home\",\"item\":\"https:\/\/demeas.rs\/neodent\/\"},{\"@type\":\"ListItem\",\"position\":2,\"name\":\"Helix\"}]},{\"@type\":\"WebSite\",\"@id\":\"https:\/\/demeas.rs\/neodent\/#website\",\"url\":\"https:\/\/demeas.rs\/neodent\/\",\"name\":\"Neodent\",\"description\":\"\",\"publisher\":{\"@id\":\"https:\/\/demeas.rs\/neodent\/#organization\"},\"potentialAction\":[{\"@type\":\"SearchAction\",\"target\":{\"@type\":\"EntryPoint\",\"urlTemplate\":\"https:\/\/demeas.rs\/neodent\/?s={search_term_string}\"},\"query-input\":{\"@type\":\"PropertyValueSpecification\",\"valueRequired\":true,\"valueName\":\"search_term_string\"}}],\"inLanguage\":\"en-US\"},{\"@type\":\"Organization\",\"@id\":\"https:\/\/demeas.rs\/neodent\/#organization\",\"name\":\"Demeas - Neodent\",\"url\":\"https:\/\/demeas.rs\/neodent\/\",\"logo\":{\"@type\":\"ImageObject\",\"inLanguage\":\"en-US\",\"@id\":\"https:\/\/demeas.rs\/neodent\/#\/schema\/logo\/image\/\",\"url\":\"https:\/\/demeas.rs\/neodent\/wp-content\/uploads\/sites\/3\/2020\/07\/Neodent_Logo-1.png\",\"contentUrl\":\"https:\/\/demeas.rs\/neodent\/wp-content\/uploads\/sites\/3\/2020\/07\/Neodent_Logo-1.png\",\"width\":200,\"height\":107,\"caption\":\"Demeas - Neodent\"},\"image\":{\"@id\":\"https:\/\/demeas.rs\/neodent\/#\/schema\/logo\/image\/\"}}]}<\/script>\n<!-- \/ Yoast SEO plugin. -->","yoast_head_json":{"title":"Helix - Neodent","robots":{"index":"index","follow":"follow","max-snippet":"max-snippet:-1","max-image-preview":"max-image-preview:large","max-video-preview":"max-video-preview:-1"},"canonical":"https:\/\/demeas.rs\/neodent\/helix\/","og_locale":"en_US","og_type":"article","og_title":"Helix - Neodent","og_description":"[vc_row row_type=&#8221;parallax&#8221; parallax_content_width=&#8221;full_width&#8221; text_align=&#8221;center&#8221; full_screen_section_height=&#8221;no&#8221; background_image=&#8221;105&#8243; css=&#8221;.vc_custom_1594138254070{padding-top: 200px !important;padding-bottom: 200px !important;}&#8221;][vc_column][vc_empty_space height=&#8221;12px&#8221; css=&#8221;.vc_custom_1594140581359{background-color: #262626 !important;}&#8221;][vc_row_inner row_type=&#8221;row&#8221; type=&#8221;grid&#8221; text_align=&#8221;left&#8221; css_animation=&#8221;&#8221; background_color=&#8221;#ffffff&#8221;][vc_column_inner width=&#8221;2\/3&#8243;][vc_empty_space][vc_empty_space][vc_column_text] Hibridni dvostruko koni\u010dan implantat\u00a0dizajniran za estetsko savr\u0161enstvo &nbsp; Novi\u00a0Helix Grand Morse\u00a0je inovativni koncept koji kombinuje dvostruko koni\u010dan oblik i hibridnu spoljnu konturu: cilindri\u010dnu u...","og_url":"https:\/\/demeas.rs\/neodent\/helix\/","og_site_name":"Neodent","article_modified_time":"2020-08-10T14:39:29+00:00","twitter_card":"summary_large_image","twitter_misc":{"Est. reading time":"4 minutes"},"schema":{"@context":"https:\/\/schema.org","@graph":[{"@type":"WebPage","@id":"https:\/\/demeas.rs\/neodent\/helix\/","url":"https:\/\/demeas.rs\/neodent\/helix\/","name":"Helix - Neodent","isPartOf":{"@id":"https:\/\/demeas.rs\/neodent\/#website"},"datePublished":"2020-07-13T15:08:30+00:00","dateModified":"2020-08-10T14:39:29+00:00","breadcrumb":{"@id":"https:\/\/demeas.rs\/neodent\/helix\/#breadcrumb"},"inLanguage":"en-US","potentialAction":[{"@type":"ReadAction","target":["https:\/\/demeas.rs\/neodent\/helix\/"]}]},{"@type":"BreadcrumbList","@id":"https:\/\/demeas.rs\/neodent\/helix\/#breadcrumb","itemListElement":[{"@type":"ListItem","position":1,"name":"Home","item":"https:\/\/demeas.rs\/neodent\/"},{"@type":"ListItem","position":2,"name":"Helix"}]},{"@type":"WebSite","@id":"https:\/\/demeas.rs\/neodent\/#website","url":"https:\/\/demeas.rs\/neodent\/","name":"Neodent","description":"","publisher":{"@id":"https:\/\/demeas.rs\/neodent\/#organization"},"potentialAction":[{"@type":"SearchAction","target":{"@type":"EntryPoint","urlTemplate":"https:\/\/demeas.rs\/neodent\/?s={search_term_string}"},"query-input":{"@type":"PropertyValueSpecification","valueRequired":true,"valueName":"search_term_string"}}],"inLanguage":"en-US"},{"@type":"Organization","@id":"https:\/\/demeas.rs\/neodent\/#organization","name":"Demeas - Neodent","url":"https:\/\/demeas.rs\/neodent\/","logo":{"@type":"ImageObject","inLanguage":"en-US","@id":"https:\/\/demeas.rs\/neodent\/#\/schema\/logo\/image\/","url":"https:\/\/demeas.rs\/neodent\/wp-content\/uploads\/sites\/3\/2020\/07\/Neodent_Logo-1.png","contentUrl":"https:\/\/demeas.rs\/neodent\/wp-content\/uploads\/sites\/3\/2020\/07\/Neodent_Logo-1.png","width":200,"height":107,"caption":"Demeas - Neodent"},"image":{"@id":"https:\/\/demeas.rs\/neodent\/#\/schema\/logo\/image\/"}}]}},"_links":{"self":[{"href":"https:\/\/demeas.rs\/neodent\/wp-json\/wp\/v2\/pages\/107","targetHints":{"allow":["GET"]}}],"collection":[{"href":"https:\/\/demeas.rs\/neodent\/wp-json\/wp\/v2\/pages"}],"about":[{"href":"https:\/\/demeas.rs\/neodent\/wp-json\/wp\/v2\/types\/page"}],"author":[{"embeddable":true,"href":"https:\/\/demeas.rs\/neodent\/wp-json\/wp\/v2\/users\/1"}],"replies":[{"embeddable":true,"href":"https:\/\/demeas.rs\/neodent\/wp-json\/wp\/v2\/comments?post=107"}],"version-history":[{"count":7,"href":"https:\/\/demeas.rs\/neodent\/wp-json\/wp\/v2\/pages\/107\/revisions"}],"predecessor-version":[{"id":160,"href":"https:\/\/demeas.rs\/neodent\/wp-json\/wp\/v2\/pages\/107\/revisions\/160"}],"wp:attachment":[{"href":"https:\/\/demeas.rs\/neodent\/wp-json\/wp\/v2\/media?parent=107"}],"curies":[{"name":"wp","href":"https:\/\/api.w.org\/{rel}","templated":true}]}}