{"id":25,"date":"2020-07-02T13:41:34","date_gmt":"2020-07-02T13:41:34","guid":{"rendered":"https:\/\/demeas.rs\/neodent\/?page_id=25"},"modified":"2020-07-13T15:08:12","modified_gmt":"2020-07-13T15:08:12","slug":"helix-long","status":"publish","type":"page","link":"https:\/\/demeas.rs\/neodent\/helix-long\/","title":{"rendered":"Helix GM\u00ae Long"},"content":{"rendered":"<div class=\"wpb-content-wrapper\"><p>[vc_row row_type=&#8221;parallax&#8221; parallax_content_width=&#8221;full_width&#8221; text_align=&#8221;center&#8221; full_screen_section_height=&#8221;no&#8221; background_image=&#8221;105&#8243; css=&#8221;.vc_custom_1594138254070{padding-top: 200px !important;padding-bottom: 200px !important;}&#8221;][vc_column][vc_empty_space height=&#8221;12px&#8221; css=&#8221;.vc_custom_1594140581359{background-color: #262626 !important;}&#8221;][vc_row_inner row_type=&#8221;row&#8221; type=&#8221;grid&#8221; text_align=&#8221;left&#8221; css_animation=&#8221;&#8221; background_color=&#8221;#ffffff&#8221;][vc_column_inner width=&#8221;2\/3&#8243;][vc_empty_space][vc_empty_space][vc_column_text]<\/p>\n<h2>Re\u0161enje za bikortikalni pristup.<\/h2>\n<p>&nbsp;<\/p>\n<p><strong>Neodent\u00ae Helix GM\u00ae Long<\/strong> implantati upotpunjuju <strong>Helix GM\u00ae<\/strong> portfolio. Dizajnirani su da obezbede hirur\u0161ku predvidljivost kod rehabilitacije atrofi\u010dne maksile.[\/vc_column_text][vc_empty_space][\/vc_column_inner][vc_column_inner width=&#8221;1\/3&#8243;][vc_empty_space][vc_empty_space][vc_single_image image=&#8221;67&#8243; img_size=&#8221;full&#8221; onclick=&#8221;link_image&#8221; qode_css_animation=&#8221;&#8221;][vc_empty_space][\/vc_column_inner][\/vc_row_inner][\/vc_column][\/vc_row][vc_row row_type=&#8221;parallax&#8221; parallax_content_width=&#8221;full_width&#8221; text_align=&#8221;left&#8221; full_screen_section_height=&#8221;no&#8221; background_image=&#8221;77&#8243; section_height=&#8221;350&#8243;][vc_column][\/vc_column][\/vc_row][vc_row css_animation=&#8221;&#8221; row_type=&#8221;row&#8221; use_row_as_full_screen_section=&#8221;no&#8221; type=&#8221;grid&#8221; angled_section=&#8221;no&#8221; text_align=&#8221;left&#8221; background_image_as_pattern=&#8221;without_pattern&#8221; css=&#8221;.vc_custom_1594649312484{background-color: #833177 !important;}&#8221; z_index=&#8221;&#8221; background_color=&#8221;#833177&#8243;][vc_column][vc_empty_space][vc_column_text]<\/p>\n<h3><span style=\"color: #ffffff;\">Karakteristike i prednosti<\/span><\/h3>\n<p>[\/vc_column_text][vc_empty_space][\/vc_column][\/vc_row][vc_row css_animation=&#8221;&#8221; row_type=&#8221;row&#8221; use_row_as_full_screen_section=&#8221;no&#8221; type=&#8221;grid&#8221; angled_section=&#8221;no&#8221; text_align=&#8221;left&#8221; background_image_as_pattern=&#8221;without_pattern&#8221; z_index=&#8221;&#8221;][vc_column width=&#8221;1\/3&#8243;][vc_empty_space][vc_single_image image=&#8221;68&#8243; img_size=&#8221;full&#8221; onclick=&#8221;link_image&#8221; qode_css_animation=&#8221;&#8221;][\/vc_column][vc_column css_animation=&#8221;none&#8221; width=&#8221;2\/3&#8243;][vc_empty_space][vc_empty_space]<div class='q_icon_with_title medium custom_icon_image '><div class=\"icon_holder \" style=\" \"><img decoding=\"async\" src=\"https:\/\/demeas.rs\/neodent\/wp-content\/uploads\/sites\/3\/2020\/07\/Connections-Purple.png\" alt=\"\"><\/div><div class=\"icon_text_holder\" style=\"\"><div class=\"icon_text_inner\" style=\"\"><h3 class=\"icon_title\" style=\"\">Grand Morse konekcija<\/h3><div class=\"separator small left\" style=\"height: 2px;background-color: #ffffff;width: 20px;margin-top: 20px;margin-bottom: 15px;\"><\/div><p style=''>Sve prednosti originalne \u0161esnaestostepene koni\u010dne Morse konekcije, dizajnirane da osigura \u010dvrsto poklapanje za optimalno zatvaranje konekcije.<\/p><\/div><\/div><\/div>[vc_empty_space]<div class='q_icon_with_title medium custom_icon_image '><div class=\"icon_holder \" style=\" \"><img decoding=\"async\" src=\"\" alt=\"\"><\/div><div class=\"icon_text_holder\" style=\"\"><div class=\"icon_text_inner\" style=\"\"><h4 class=\"icon_title\" style=\"\"><\/h4><p style=''>Jedna konekcija bez obzira na dijametar.<\/p><\/div><\/div><\/div>[vc_empty_space]<div class='q_icon_with_title medium custom_icon_image '><div class=\"icon_holder \" style=\" \"><img decoding=\"async\" src=\"https:\/\/demeas.rs\/neodent\/wp-content\/uploads\/sites\/3\/2020\/07\/Butterfly-Purple.png\" alt=\"\"><\/div><div class=\"icon_text_holder\" style=\"\"><div class=\"icon_text_inner\" style=\"\"><h3 class=\"icon_title\" style=\"\">Dizajn implantata<\/h3><div class=\"separator small left\" style=\"height: 2px;background-color: #ffffff;width: 20px;margin-top: 20px;margin-bottom: 15px;\"><\/div><p style=''>Hibridno telo Helix implantata pove\u0107ava izbor razli\u010ditih opcija za le\u010denje kao i efikasnost tretmana.<\/p><\/div><\/div><\/div>[vc_empty_space]<div class='q_icon_with_title medium custom_icon_image '><div class=\"icon_holder \" style=\" \"><img decoding=\"async\" src=\"\" alt=\"\"><\/div><div class=\"icon_text_holder\" style=\"\"><div class=\"icon_text_inner\" style=\"\"><h4 class=\"icon_title\" style=\"\"><\/h4><p style=''>Dinami\u010dni progresivni navoji obezbe\u0111uju visoku primarnu stabilnost.<\/p><\/div><\/div><\/div>[vc_empty_space]<div class='q_icon_with_title medium custom_icon_image '><div class=\"icon_holder \" style=\" \"><img decoding=\"async\" src=\"https:\/\/demeas.rs\/neodent\/wp-content\/uploads\/sites\/3\/2020\/07\/Implant-Health-Purple.png\" alt=\"\"><\/div><div class=\"icon_text_holder\" style=\"\"><div class=\"icon_text_inner\" style=\"\"><h3 class=\"icon_title\" style=\"\">Obiman portfolio<\/h3><div class=\"separator small left\" style=\"height: 2px;background-color: #ffffff;width: 20px;margin-top: 20px;margin-bottom: 15px;\"><\/div><p style=''>Dijametri 3.75 I 4.0 mm omogu\u0107uju ve\u0107u raznovrsnost tretmana.<\/p><\/div><\/div><\/div>[vc_empty_space]<div class='q_icon_with_title medium custom_icon_image '><div class=\"icon_holder \" style=\" \"><img decoding=\"async\" src=\"\" alt=\"\"><\/div><div class=\"icon_text_holder\" style=\"\"><div class=\"icon_text_inner\" style=\"\"><h4 class=\"icon_title\" style=\"\"><\/h4><p style=''>Du\u017eine implantata od 20, 22.5 i 25 mm omogu\u0107uju bikortikalni pristup.<\/p><\/div><\/div><\/div>[vc_empty_space][vc_empty_space][\/vc_column][\/vc_row]<\/p>\n<\/div>","protected":false},"excerpt":{"rendered":"<p>[vc_row row_type=&#8221;parallax&#8221; parallax_content_width=&#8221;full_width&#8221; text_align=&#8221;center&#8221; full_screen_section_height=&#8221;no&#8221; background_image=&#8221;105&#8243; css=&#8221;.vc_custom_1594138254070{padding-top: 200px !important;padding-bottom: 200px !important;}&#8221;][vc_column][vc_empty_space height=&#8221;12px&#8221; css=&#8221;.vc_custom_1594140581359{background-color: #262626 !important;}&#8221;][vc_row_inner row_type=&#8221;row&#8221; type=&#8221;grid&#8221; text_align=&#8221;left&#8221; css_animation=&#8221;&#8221; background_color=&#8221;#ffffff&#8221;][vc_column_inner width=&#8221;2\/3&#8243;][vc_empty_space][vc_empty_space][vc_column_text] Re\u0161enje za bikortikalni pristup. &nbsp; Neodent\u00ae Helix GM\u00ae Long implantati upotpunjuju Helix GM\u00ae portfolio. Dizajnirani su da obezbede hirur\u0161ku predvidljivost kod rehabilitacije atrofi\u010dne maksile.[\/vc_column_text][vc_empty_space][\/vc_column_inner][vc_column_inner&#8230;<\/p>\n","protected":false},"author":1,"featured_media":0,"parent":0,"menu_order":0,"comment_status":"closed","ping_status":"closed","template":"full_width.php","meta":{"footnotes":""},"class_list":["post-25","page","type-page","status-publish","hentry"],"yoast_head":"<!-- This site is optimized with the Yoast SEO plugin v27.2 - https:\/\/yoast.com\/product\/yoast-seo-wordpress\/ -->\n<title>Helix GM\u00ae Long - Neodent<\/title>\n<meta name=\"robots\" content=\"index, follow, max-snippet:-1, max-image-preview:large, max-video-preview:-1\" \/>\n<link rel=\"canonical\" href=\"https:\/\/demeas.rs\/neodent\/helix-long\/\" \/>\n<meta property=\"og:locale\" content=\"en_US\" \/>\n<meta property=\"og:type\" content=\"article\" \/>\n<meta property=\"og:title\" content=\"Helix GM\u00ae Long - Neodent\" \/>\n<meta property=\"og:description\" content=\"[vc_row row_type=&#8221;parallax&#8221; parallax_content_width=&#8221;full_width&#8221; text_align=&#8221;center&#8221; full_screen_section_height=&#8221;no&#8221; background_image=&#8221;105&#8243; css=&#8221;.vc_custom_1594138254070{padding-top: 200px !important;padding-bottom: 200px !important;}&#8221;][vc_column][vc_empty_space height=&#8221;12px&#8221; css=&#8221;.vc_custom_1594140581359{background-color: #262626 !important;}&#8221;][vc_row_inner row_type=&#8221;row&#8221; type=&#8221;grid&#8221; text_align=&#8221;left&#8221; css_animation=&#8221;&#8221; background_color=&#8221;#ffffff&#8221;][vc_column_inner width=&#8221;2\/3&#8243;][vc_empty_space][vc_empty_space][vc_column_text] Re\u0161enje za bikortikalni pristup. &nbsp; Neodent\u00ae Helix GM\u00ae Long implantati upotpunjuju Helix GM\u00ae portfolio. Dizajnirani su da obezbede hirur\u0161ku predvidljivost kod rehabilitacije atrofi\u010dne maksile.[\/vc_column_text][vc_empty_space][\/vc_column_inner][vc_column_inner...\" \/>\n<meta property=\"og:url\" content=\"https:\/\/demeas.rs\/neodent\/helix-long\/\" \/>\n<meta property=\"og:site_name\" content=\"Neodent\" \/>\n<meta property=\"article:modified_time\" content=\"2020-07-13T15:08:12+00:00\" \/>\n<meta name=\"twitter:card\" content=\"summary_large_image\" \/>\n<meta name=\"twitter:label1\" content=\"Est. reading time\" \/>\n\t<meta name=\"twitter:data1\" content=\"3 minutes\" \/>\n<script type=\"application\/ld+json\" class=\"yoast-schema-graph\">{\"@context\":\"https:\/\/schema.org\",\"@graph\":[{\"@type\":\"WebPage\",\"@id\":\"https:\/\/demeas.rs\/neodent\/helix-long\/\",\"url\":\"https:\/\/demeas.rs\/neodent\/helix-long\/\",\"name\":\"Helix GM\u00ae Long - Neodent\",\"isPartOf\":{\"@id\":\"https:\/\/demeas.rs\/neodent\/#website\"},\"datePublished\":\"2020-07-02T13:41:34+00:00\",\"dateModified\":\"2020-07-13T15:08:12+00:00\",\"breadcrumb\":{\"@id\":\"https:\/\/demeas.rs\/neodent\/helix-long\/#breadcrumb\"},\"inLanguage\":\"en-US\",\"potentialAction\":[{\"@type\":\"ReadAction\",\"target\":[\"https:\/\/demeas.rs\/neodent\/helix-long\/\"]}]},{\"@type\":\"BreadcrumbList\",\"@id\":\"https:\/\/demeas.rs\/neodent\/helix-long\/#breadcrumb\",\"itemListElement\":[{\"@type\":\"ListItem\",\"position\":1,\"name\":\"Home\",\"item\":\"https:\/\/demeas.rs\/neodent\/\"},{\"@type\":\"ListItem\",\"position\":2,\"name\":\"Helix GM\u00ae Long\"}]},{\"@type\":\"WebSite\",\"@id\":\"https:\/\/demeas.rs\/neodent\/#website\",\"url\":\"https:\/\/demeas.rs\/neodent\/\",\"name\":\"Neodent\",\"description\":\"\",\"publisher\":{\"@id\":\"https:\/\/demeas.rs\/neodent\/#organization\"},\"potentialAction\":[{\"@type\":\"SearchAction\",\"target\":{\"@type\":\"EntryPoint\",\"urlTemplate\":\"https:\/\/demeas.rs\/neodent\/?s={search_term_string}\"},\"query-input\":{\"@type\":\"PropertyValueSpecification\",\"valueRequired\":true,\"valueName\":\"search_term_string\"}}],\"inLanguage\":\"en-US\"},{\"@type\":\"Organization\",\"@id\":\"https:\/\/demeas.rs\/neodent\/#organization\",\"name\":\"Demeas - Neodent\",\"url\":\"https:\/\/demeas.rs\/neodent\/\",\"logo\":{\"@type\":\"ImageObject\",\"inLanguage\":\"en-US\",\"@id\":\"https:\/\/demeas.rs\/neodent\/#\/schema\/logo\/image\/\",\"url\":\"https:\/\/demeas.rs\/neodent\/wp-content\/uploads\/sites\/3\/2020\/07\/Neodent_Logo-1.png\",\"contentUrl\":\"https:\/\/demeas.rs\/neodent\/wp-content\/uploads\/sites\/3\/2020\/07\/Neodent_Logo-1.png\",\"width\":200,\"height\":107,\"caption\":\"Demeas - Neodent\"},\"image\":{\"@id\":\"https:\/\/demeas.rs\/neodent\/#\/schema\/logo\/image\/\"}}]}<\/script>\n<!-- \/ Yoast SEO plugin. -->","yoast_head_json":{"title":"Helix GM\u00ae Long - Neodent","robots":{"index":"index","follow":"follow","max-snippet":"max-snippet:-1","max-image-preview":"max-image-preview:large","max-video-preview":"max-video-preview:-1"},"canonical":"https:\/\/demeas.rs\/neodent\/helix-long\/","og_locale":"en_US","og_type":"article","og_title":"Helix GM\u00ae Long - Neodent","og_description":"[vc_row row_type=&#8221;parallax&#8221; parallax_content_width=&#8221;full_width&#8221; text_align=&#8221;center&#8221; full_screen_section_height=&#8221;no&#8221; background_image=&#8221;105&#8243; css=&#8221;.vc_custom_1594138254070{padding-top: 200px !important;padding-bottom: 200px !important;}&#8221;][vc_column][vc_empty_space height=&#8221;12px&#8221; css=&#8221;.vc_custom_1594140581359{background-color: #262626 !important;}&#8221;][vc_row_inner row_type=&#8221;row&#8221; type=&#8221;grid&#8221; text_align=&#8221;left&#8221; css_animation=&#8221;&#8221; background_color=&#8221;#ffffff&#8221;][vc_column_inner width=&#8221;2\/3&#8243;][vc_empty_space][vc_empty_space][vc_column_text] Re\u0161enje za bikortikalni pristup. &nbsp; Neodent\u00ae Helix GM\u00ae Long implantati upotpunjuju Helix GM\u00ae portfolio. Dizajnirani su da obezbede hirur\u0161ku predvidljivost kod rehabilitacije atrofi\u010dne maksile.[\/vc_column_text][vc_empty_space][\/vc_column_inner][vc_column_inner...","og_url":"https:\/\/demeas.rs\/neodent\/helix-long\/","og_site_name":"Neodent","article_modified_time":"2020-07-13T15:08:12+00:00","twitter_card":"summary_large_image","twitter_misc":{"Est. reading time":"3 minutes"},"schema":{"@context":"https:\/\/schema.org","@graph":[{"@type":"WebPage","@id":"https:\/\/demeas.rs\/neodent\/helix-long\/","url":"https:\/\/demeas.rs\/neodent\/helix-long\/","name":"Helix GM\u00ae Long - Neodent","isPartOf":{"@id":"https:\/\/demeas.rs\/neodent\/#website"},"datePublished":"2020-07-02T13:41:34+00:00","dateModified":"2020-07-13T15:08:12+00:00","breadcrumb":{"@id":"https:\/\/demeas.rs\/neodent\/helix-long\/#breadcrumb"},"inLanguage":"en-US","potentialAction":[{"@type":"ReadAction","target":["https:\/\/demeas.rs\/neodent\/helix-long\/"]}]},{"@type":"BreadcrumbList","@id":"https:\/\/demeas.rs\/neodent\/helix-long\/#breadcrumb","itemListElement":[{"@type":"ListItem","position":1,"name":"Home","item":"https:\/\/demeas.rs\/neodent\/"},{"@type":"ListItem","position":2,"name":"Helix GM\u00ae Long"}]},{"@type":"WebSite","@id":"https:\/\/demeas.rs\/neodent\/#website","url":"https:\/\/demeas.rs\/neodent\/","name":"Neodent","description":"","publisher":{"@id":"https:\/\/demeas.rs\/neodent\/#organization"},"potentialAction":[{"@type":"SearchAction","target":{"@type":"EntryPoint","urlTemplate":"https:\/\/demeas.rs\/neodent\/?s={search_term_string}"},"query-input":{"@type":"PropertyValueSpecification","valueRequired":true,"valueName":"search_term_string"}}],"inLanguage":"en-US"},{"@type":"Organization","@id":"https:\/\/demeas.rs\/neodent\/#organization","name":"Demeas - Neodent","url":"https:\/\/demeas.rs\/neodent\/","logo":{"@type":"ImageObject","inLanguage":"en-US","@id":"https:\/\/demeas.rs\/neodent\/#\/schema\/logo\/image\/","url":"https:\/\/demeas.rs\/neodent\/wp-content\/uploads\/sites\/3\/2020\/07\/Neodent_Logo-1.png","contentUrl":"https:\/\/demeas.rs\/neodent\/wp-content\/uploads\/sites\/3\/2020\/07\/Neodent_Logo-1.png","width":200,"height":107,"caption":"Demeas - Neodent"},"image":{"@id":"https:\/\/demeas.rs\/neodent\/#\/schema\/logo\/image\/"}}]}},"_links":{"self":[{"href":"https:\/\/demeas.rs\/neodent\/wp-json\/wp\/v2\/pages\/25","targetHints":{"allow":["GET"]}}],"collection":[{"href":"https:\/\/demeas.rs\/neodent\/wp-json\/wp\/v2\/pages"}],"about":[{"href":"https:\/\/demeas.rs\/neodent\/wp-json\/wp\/v2\/types\/page"}],"author":[{"embeddable":true,"href":"https:\/\/demeas.rs\/neodent\/wp-json\/wp\/v2\/users\/1"}],"replies":[{"embeddable":true,"href":"https:\/\/demeas.rs\/neodent\/wp-json\/wp\/v2\/comments?post=25"}],"version-history":[{"count":8,"href":"https:\/\/demeas.rs\/neodent\/wp-json\/wp\/v2\/pages\/25\/revisions"}],"predecessor-version":[{"id":90,"href":"https:\/\/demeas.rs\/neodent\/wp-json\/wp\/v2\/pages\/25\/revisions\/90"}],"wp:attachment":[{"href":"https:\/\/demeas.rs\/neodent\/wp-json\/wp\/v2\/media?parent=25"}],"curies":[{"name":"wp","href":"https:\/\/api.w.org\/{rel}","templated":true}]}}