{"id":33,"date":"2020-07-02T13:42:53","date_gmt":"2020-07-02T13:42:53","guid":{"rendered":"https:\/\/demeas.rs\/neodent\/?page_id=33"},"modified":"2020-07-13T15:03:54","modified_gmt":"2020-07-13T15:03:54","slug":"grand-morse-implantoloski-sistem","status":"publish","type":"page","link":"https:\/\/demeas.rs\/neodent\/grand-morse-implantoloski-sistem\/","title":{"rendered":"Neodent\u00ae Grand Morse\u00ae implantolo\u0161ki sistem"},"content":{"rendered":"<div class=\"wpb-content-wrapper\"><p>[vc_row row_type=&#8221;parallax&#8221; parallax_content_width=&#8221;full_width&#8221; text_align=&#8221;center&#8221; full_screen_section_height=&#8221;no&#8221; background_image=&#8221;105&#8243; css=&#8221;.vc_custom_1594138254070{padding-top: 200px !important;padding-bottom: 200px !important;}&#8221;][vc_column][vc_empty_space height=&#8221;12px&#8221; css=&#8221;.vc_custom_1594140581359{background-color: #262626 !important;}&#8221;][vc_row_inner row_type=&#8221;row&#8221; type=&#8221;grid&#8221; text_align=&#8221;left&#8221; css_animation=&#8221;&#8221; background_color=&#8221;#ffffff&#8221;][vc_column_inner width=&#8221;2\/3&#8243;][vc_empty_space][vc_empty_space][vc_column_text]<\/p>\n<h2><strong>Grandioznost je na\u0161e dostignu\u0107e!<\/strong><\/h2>\n<p>&nbsp;<\/p>\n<p><strong>Neodent<\/strong><strong><sup>\u00ae<\/sup><\/strong><strong>\u00a0Grand Morse<\/strong><strong><sup>\u00ae<\/sup><\/strong>\u00a0implantolo\u0161ki sistem je dostignu\u0107e zasnovano na 20 godina iskustva u implantologiji i razmeni iskustava mnogih klini\u010dara \u0161irom sveta. Istrajan u nameri da obezbedi visok kvalitet tretmana koji menjaju \u017eivot pacijenta, Neodent<sup>\u00ae<\/sup>\u00a0je izumeo Grand Morse<sup>\u00ae<\/sup>\u00a0implantolo\u0161ki sistem koji predstavlja novi stepen evolucije u implantologiji. \u010cvrsto vezan za filozofiju po\u0161tovanja mehani\u010dkih i biolo\u0161kih principa, GM linija vam predstavlja implantat broj jedan u stomatolo\u0161koj implantolo\u0161koj terapiji.[\/vc_column_text][vc_empty_space][\/vc_column_inner][vc_column_inner width=&#8221;1\/3&#8243;][vc_empty_space][vc_empty_space][vc_single_image image=&#8221;99&#8243; img_size=&#8221;full&#8221; onclick=&#8221;link_image&#8221; qode_css_animation=&#8221;&#8221;][vc_empty_space][\/vc_column_inner][\/vc_row_inner][\/vc_column][\/vc_row][vc_row row_type=&#8221;parallax&#8221; parallax_content_width=&#8221;in_grid&#8221; text_align=&#8221;left&#8221; full_screen_section_height=&#8221;no&#8221; background_image=&#8221;97&#8243; css=&#8221;.vc_custom_1594651402852{padding-top: 120px !important;padding-bottom: 120px !important;}&#8221;][vc_column][vc_column_text css=&#8221;.vc_custom_1594651897762{padding-top: 200px !important;padding-bottom: 200px !important;}&#8221;]<\/p>\n<h2><span style=\"color: #ffffff;\">Rezultat interakcije iskustva, talenta i odlu\u010dnosti<\/span><\/h2>\n<h1><span style=\"color: #ffffff;\">Grand Morse\u00ae<\/span><\/h1>\n<p>[\/vc_column_text][\/vc_column][\/vc_row][vc_row css_animation=&#8221;&#8221; row_type=&#8221;row&#8221; use_row_as_full_screen_section=&#8221;no&#8221; type=&#8221;grid&#8221; angled_section=&#8221;no&#8221; text_align=&#8221;left&#8221; background_image_as_pattern=&#8221;without_pattern&#8221; css=&#8221;.vc_custom_1594649312484{background-color: #833177 !important;}&#8221; z_index=&#8221;&#8221; background_color=&#8221;#833177&#8243;][vc_column][vc_empty_space height=&#8221;52px&#8221;][vc_column_text]<\/p>\n<h4><span style=\"color: #ffffff;\"><strong>Grand Morse<\/strong><strong><sup>\u00ae<\/sup><\/strong>\u00a0implantolo\u0161ki sistem je razvijen na osnovu koncepta unutra\u0161njosti, po\u010dev\u0161i od jezgra implantata: protetskog interfejsa. Rezultat toga je re\u0161enje koje kombinuje mehani\u010dku snagu i svestrana protetska re\u0161enja \u2013 od unitarnih do vi\u0161estrukih, od konvencionalnih do digitalnih. Dobili smo kompletan sistem sa vi\u0161estrukim benefitima, dizajniran da va\u0161 rad u\u010dini jo\u0161 efikasnijim.<\/span><\/h4>\n<p>[\/vc_column_text][vc_empty_space height=&#8221;52px&#8221;][\/vc_column][\/vc_row][vc_row css_animation=&#8221;&#8221; row_type=&#8221;row&#8221; use_row_as_full_screen_section=&#8221;no&#8221; type=&#8221;grid&#8221; angled_section=&#8221;no&#8221; text_align=&#8221;left&#8221; background_image_as_pattern=&#8221;without_pattern&#8221; z_index=&#8221;&#8221;][vc_column width=&#8221;1\/3&#8243;][vc_empty_space][vc_single_image image=&#8221;100&#8243; img_size=&#8221;full&#8221; onclick=&#8221;link_image&#8221; qode_css_animation=&#8221;&#8221;][\/vc_column][vc_column css_animation=&#8221;none&#8221; width=&#8221;2\/3&#8243;][vc_empty_space][vc_empty_space]<div class='q_icon_with_title medium custom_icon_image '><div class=\"icon_holder \" style=\" \"><img decoding=\"async\" src=\"https:\/\/demeas.rs\/neodent\/wp-content\/uploads\/sites\/3\/2020\/07\/1.png\" alt=\"\"><\/div><div class=\"icon_text_holder\" style=\"\"><div class=\"icon_text_inner\" style=\"\"><h3 class=\"icon_title\" style=\"\">GRANDIOZNA STABILNOST<\/h3><div class=\"separator small left\" style=\"height: 2px;background-color: #ffffff;width: 20px;margin-top: 20px;margin-bottom: 15px;\"><\/div><p style=''>Dizajniran za imedijatne tretmane kod svih tipova kostiju<\/p><\/div><\/div><\/div>[vc_empty_space]<div class='q_icon_with_title medium custom_icon_image '><div class=\"icon_holder \" style=\" \"><img decoding=\"async\" src=\"https:\/\/demeas.rs\/neodent\/wp-content\/uploads\/sites\/3\/2020\/07\/Smile-Purple.png\" alt=\"\"><\/div><div class=\"icon_text_holder\" style=\"\"><div class=\"icon_text_inner\" style=\"\"><h3 class=\"icon_title\" style=\"\">GRANDIOZNA ESTETIKA<\/h3><div class=\"separator small left\" style=\"height: 2px;background-color: #ffffff;width: 20px;margin-top: 20px;margin-bottom: 15px;\"><\/div><p style=''>Obezbe\u0111uje lep i prirodan osmeh<\/p><\/div><\/div><\/div>[vc_empty_space]<div class='q_icon_with_title medium custom_icon_image '><div class=\"icon_holder \" style=\" \"><img decoding=\"async\" src=\"https:\/\/demeas.rs\/neodent\/wp-content\/uploads\/sites\/3\/2020\/07\/Comfort-Purple.png\" alt=\"\"><\/div><div class=\"icon_text_holder\" style=\"\"><div class=\"icon_text_inner\" style=\"\"><h3 class=\"icon_title\" style=\"\">GRANDIOZNA JEDNOSTAVNOST<\/h3><div class=\"separator small left\" style=\"height: 2px;background-color: #ffffff;width: 20px;margin-top: 20px;margin-bottom: 15px;\"><\/div><p style=''>Lako\u0107a upotrebe u svom najboljem obliku<\/p><\/div><\/div><\/div>[vc_empty_space]<div class='q_icon_with_title medium custom_icon_image '><div class=\"icon_holder \" style=\" \"><img decoding=\"async\" src=\"https:\/\/demeas.rs\/neodent\/wp-content\/uploads\/sites\/3\/2020\/07\/3.png\" alt=\"\"><\/div><div class=\"icon_text_holder\" style=\"\"><div class=\"icon_text_inner\" style=\"\"><h3 class=\"icon_title\" style=\"\">GRANDIOZNA POUZDANOST<\/h3><div class=\"separator small left\" style=\"height: 2px;background-color: #ffffff;width: 20px;margin-top: 20px;margin-bottom: 15px;\"><\/div><p style=''>Stabilna i sna\u017ena osnova dizajnirana za dugoro\u010dni uspeh<\/p><\/div><\/div><\/div>[vc_empty_space][vc_empty_space][\/vc_column][\/vc_row]<\/p>\n<\/div>","protected":false},"excerpt":{"rendered":"<p>[vc_row row_type=&#8221;parallax&#8221; parallax_content_width=&#8221;full_width&#8221; text_align=&#8221;center&#8221; full_screen_section_height=&#8221;no&#8221; background_image=&#8221;105&#8243; css=&#8221;.vc_custom_1594138254070{padding-top: 200px !important;padding-bottom: 200px !important;}&#8221;][vc_column][vc_empty_space height=&#8221;12px&#8221; css=&#8221;.vc_custom_1594140581359{background-color: #262626 !important;}&#8221;][vc_row_inner row_type=&#8221;row&#8221; type=&#8221;grid&#8221; text_align=&#8221;left&#8221; css_animation=&#8221;&#8221; background_color=&#8221;#ffffff&#8221;][vc_column_inner width=&#8221;2\/3&#8243;][vc_empty_space][vc_empty_space][vc_column_text] Grandioznost je na\u0161e dostignu\u0107e! &nbsp; Neodent\u00ae\u00a0Grand Morse\u00ae\u00a0implantolo\u0161ki sistem je dostignu\u0107e zasnovano na 20 godina iskustva u implantologiji i razmeni iskustava mnogih klini\u010dara \u0161irom sveta&#8230;.<\/p>\n","protected":false},"author":1,"featured_media":0,"parent":0,"menu_order":0,"comment_status":"closed","ping_status":"closed","template":"full_width.php","meta":{"footnotes":""},"class_list":["post-33","page","type-page","status-publish","hentry"],"yoast_head":"<!-- This site is optimized with the Yoast SEO plugin v27.2 - https:\/\/yoast.com\/product\/yoast-seo-wordpress\/ -->\n<title>Neodent\u00ae Grand Morse\u00ae implantolo\u0161ki sistem - Neodent<\/title>\n<meta name=\"robots\" content=\"index, follow, max-snippet:-1, max-image-preview:large, max-video-preview:-1\" \/>\n<link rel=\"canonical\" href=\"https:\/\/demeas.rs\/neodent\/grand-morse-implantoloski-sistem\/\" \/>\n<meta property=\"og:locale\" content=\"en_US\" \/>\n<meta property=\"og:type\" content=\"article\" \/>\n<meta property=\"og:title\" content=\"Neodent\u00ae Grand Morse\u00ae implantolo\u0161ki sistem - Neodent\" \/>\n<meta property=\"og:description\" content=\"[vc_row row_type=&#8221;parallax&#8221; parallax_content_width=&#8221;full_width&#8221; text_align=&#8221;center&#8221; full_screen_section_height=&#8221;no&#8221; background_image=&#8221;105&#8243; css=&#8221;.vc_custom_1594138254070{padding-top: 200px !important;padding-bottom: 200px !important;}&#8221;][vc_column][vc_empty_space height=&#8221;12px&#8221; css=&#8221;.vc_custom_1594140581359{background-color: #262626 !important;}&#8221;][vc_row_inner row_type=&#8221;row&#8221; type=&#8221;grid&#8221; text_align=&#8221;left&#8221; css_animation=&#8221;&#8221; background_color=&#8221;#ffffff&#8221;][vc_column_inner width=&#8221;2\/3&#8243;][vc_empty_space][vc_empty_space][vc_column_text] Grandioznost je na\u0161e dostignu\u0107e! &nbsp; Neodent\u00ae\u00a0Grand Morse\u00ae\u00a0implantolo\u0161ki sistem je dostignu\u0107e zasnovano na 20 godina iskustva u implantologiji i razmeni iskustava mnogih klini\u010dara \u0161irom sveta....\" \/>\n<meta property=\"og:url\" content=\"https:\/\/demeas.rs\/neodent\/grand-morse-implantoloski-sistem\/\" \/>\n<meta property=\"og:site_name\" content=\"Neodent\" \/>\n<meta property=\"article:modified_time\" content=\"2020-07-13T15:03:54+00:00\" \/>\n<meta name=\"twitter:card\" content=\"summary_large_image\" \/>\n<meta name=\"twitter:label1\" content=\"Est. reading time\" \/>\n\t<meta name=\"twitter:data1\" content=\"3 minutes\" \/>\n<script type=\"application\/ld+json\" class=\"yoast-schema-graph\">{\"@context\":\"https:\/\/schema.org\",\"@graph\":[{\"@type\":\"WebPage\",\"@id\":\"https:\/\/demeas.rs\/neodent\/grand-morse-implantoloski-sistem\/\",\"url\":\"https:\/\/demeas.rs\/neodent\/grand-morse-implantoloski-sistem\/\",\"name\":\"Neodent\u00ae Grand Morse\u00ae implantolo\u0161ki sistem - Neodent\",\"isPartOf\":{\"@id\":\"https:\/\/demeas.rs\/neodent\/#website\"},\"datePublished\":\"2020-07-02T13:42:53+00:00\",\"dateModified\":\"2020-07-13T15:03:54+00:00\",\"breadcrumb\":{\"@id\":\"https:\/\/demeas.rs\/neodent\/grand-morse-implantoloski-sistem\/#breadcrumb\"},\"inLanguage\":\"en-US\",\"potentialAction\":[{\"@type\":\"ReadAction\",\"target\":[\"https:\/\/demeas.rs\/neodent\/grand-morse-implantoloski-sistem\/\"]}]},{\"@type\":\"BreadcrumbList\",\"@id\":\"https:\/\/demeas.rs\/neodent\/grand-morse-implantoloski-sistem\/#breadcrumb\",\"itemListElement\":[{\"@type\":\"ListItem\",\"position\":1,\"name\":\"Home\",\"item\":\"https:\/\/demeas.rs\/neodent\/\"},{\"@type\":\"ListItem\",\"position\":2,\"name\":\"Neodent\u00ae Grand Morse\u00ae implantolo\u0161ki sistem\"}]},{\"@type\":\"WebSite\",\"@id\":\"https:\/\/demeas.rs\/neodent\/#website\",\"url\":\"https:\/\/demeas.rs\/neodent\/\",\"name\":\"Neodent\",\"description\":\"\",\"publisher\":{\"@id\":\"https:\/\/demeas.rs\/neodent\/#organization\"},\"potentialAction\":[{\"@type\":\"SearchAction\",\"target\":{\"@type\":\"EntryPoint\",\"urlTemplate\":\"https:\/\/demeas.rs\/neodent\/?s={search_term_string}\"},\"query-input\":{\"@type\":\"PropertyValueSpecification\",\"valueRequired\":true,\"valueName\":\"search_term_string\"}}],\"inLanguage\":\"en-US\"},{\"@type\":\"Organization\",\"@id\":\"https:\/\/demeas.rs\/neodent\/#organization\",\"name\":\"Demeas - Neodent\",\"url\":\"https:\/\/demeas.rs\/neodent\/\",\"logo\":{\"@type\":\"ImageObject\",\"inLanguage\":\"en-US\",\"@id\":\"https:\/\/demeas.rs\/neodent\/#\/schema\/logo\/image\/\",\"url\":\"https:\/\/demeas.rs\/neodent\/wp-content\/uploads\/sites\/3\/2020\/07\/Neodent_Logo-1.png\",\"contentUrl\":\"https:\/\/demeas.rs\/neodent\/wp-content\/uploads\/sites\/3\/2020\/07\/Neodent_Logo-1.png\",\"width\":200,\"height\":107,\"caption\":\"Demeas - Neodent\"},\"image\":{\"@id\":\"https:\/\/demeas.rs\/neodent\/#\/schema\/logo\/image\/\"}}]}<\/script>\n<!-- \/ Yoast SEO plugin. -->","yoast_head_json":{"title":"Neodent\u00ae Grand Morse\u00ae implantolo\u0161ki sistem - Neodent","robots":{"index":"index","follow":"follow","max-snippet":"max-snippet:-1","max-image-preview":"max-image-preview:large","max-video-preview":"max-video-preview:-1"},"canonical":"https:\/\/demeas.rs\/neodent\/grand-morse-implantoloski-sistem\/","og_locale":"en_US","og_type":"article","og_title":"Neodent\u00ae Grand Morse\u00ae implantolo\u0161ki sistem - Neodent","og_description":"[vc_row row_type=&#8221;parallax&#8221; parallax_content_width=&#8221;full_width&#8221; text_align=&#8221;center&#8221; full_screen_section_height=&#8221;no&#8221; background_image=&#8221;105&#8243; css=&#8221;.vc_custom_1594138254070{padding-top: 200px !important;padding-bottom: 200px !important;}&#8221;][vc_column][vc_empty_space height=&#8221;12px&#8221; css=&#8221;.vc_custom_1594140581359{background-color: #262626 !important;}&#8221;][vc_row_inner row_type=&#8221;row&#8221; type=&#8221;grid&#8221; text_align=&#8221;left&#8221; css_animation=&#8221;&#8221; background_color=&#8221;#ffffff&#8221;][vc_column_inner width=&#8221;2\/3&#8243;][vc_empty_space][vc_empty_space][vc_column_text] Grandioznost je na\u0161e dostignu\u0107e! &nbsp; Neodent\u00ae\u00a0Grand Morse\u00ae\u00a0implantolo\u0161ki sistem je dostignu\u0107e zasnovano na 20 godina iskustva u implantologiji i razmeni iskustava mnogih klini\u010dara \u0161irom sveta....","og_url":"https:\/\/demeas.rs\/neodent\/grand-morse-implantoloski-sistem\/","og_site_name":"Neodent","article_modified_time":"2020-07-13T15:03:54+00:00","twitter_card":"summary_large_image","twitter_misc":{"Est. reading time":"3 minutes"},"schema":{"@context":"https:\/\/schema.org","@graph":[{"@type":"WebPage","@id":"https:\/\/demeas.rs\/neodent\/grand-morse-implantoloski-sistem\/","url":"https:\/\/demeas.rs\/neodent\/grand-morse-implantoloski-sistem\/","name":"Neodent\u00ae Grand Morse\u00ae implantolo\u0161ki sistem - Neodent","isPartOf":{"@id":"https:\/\/demeas.rs\/neodent\/#website"},"datePublished":"2020-07-02T13:42:53+00:00","dateModified":"2020-07-13T15:03:54+00:00","breadcrumb":{"@id":"https:\/\/demeas.rs\/neodent\/grand-morse-implantoloski-sistem\/#breadcrumb"},"inLanguage":"en-US","potentialAction":[{"@type":"ReadAction","target":["https:\/\/demeas.rs\/neodent\/grand-morse-implantoloski-sistem\/"]}]},{"@type":"BreadcrumbList","@id":"https:\/\/demeas.rs\/neodent\/grand-morse-implantoloski-sistem\/#breadcrumb","itemListElement":[{"@type":"ListItem","position":1,"name":"Home","item":"https:\/\/demeas.rs\/neodent\/"},{"@type":"ListItem","position":2,"name":"Neodent\u00ae Grand Morse\u00ae implantolo\u0161ki sistem"}]},{"@type":"WebSite","@id":"https:\/\/demeas.rs\/neodent\/#website","url":"https:\/\/demeas.rs\/neodent\/","name":"Neodent","description":"","publisher":{"@id":"https:\/\/demeas.rs\/neodent\/#organization"},"potentialAction":[{"@type":"SearchAction","target":{"@type":"EntryPoint","urlTemplate":"https:\/\/demeas.rs\/neodent\/?s={search_term_string}"},"query-input":{"@type":"PropertyValueSpecification","valueRequired":true,"valueName":"search_term_string"}}],"inLanguage":"en-US"},{"@type":"Organization","@id":"https:\/\/demeas.rs\/neodent\/#organization","name":"Demeas - Neodent","url":"https:\/\/demeas.rs\/neodent\/","logo":{"@type":"ImageObject","inLanguage":"en-US","@id":"https:\/\/demeas.rs\/neodent\/#\/schema\/logo\/image\/","url":"https:\/\/demeas.rs\/neodent\/wp-content\/uploads\/sites\/3\/2020\/07\/Neodent_Logo-1.png","contentUrl":"https:\/\/demeas.rs\/neodent\/wp-content\/uploads\/sites\/3\/2020\/07\/Neodent_Logo-1.png","width":200,"height":107,"caption":"Demeas - Neodent"},"image":{"@id":"https:\/\/demeas.rs\/neodent\/#\/schema\/logo\/image\/"}}]}},"_links":{"self":[{"href":"https:\/\/demeas.rs\/neodent\/wp-json\/wp\/v2\/pages\/33","targetHints":{"allow":["GET"]}}],"collection":[{"href":"https:\/\/demeas.rs\/neodent\/wp-json\/wp\/v2\/pages"}],"about":[{"href":"https:\/\/demeas.rs\/neodent\/wp-json\/wp\/v2\/types\/page"}],"author":[{"embeddable":true,"href":"https:\/\/demeas.rs\/neodent\/wp-json\/wp\/v2\/users\/1"}],"replies":[{"embeddable":true,"href":"https:\/\/demeas.rs\/neodent\/wp-json\/wp\/v2\/comments?post=33"}],"version-history":[{"count":6,"href":"https:\/\/demeas.rs\/neodent\/wp-json\/wp\/v2\/pages\/33\/revisions"}],"predecessor-version":[{"id":106,"href":"https:\/\/demeas.rs\/neodent\/wp-json\/wp\/v2\/pages\/33\/revisions\/106"}],"wp:attachment":[{"href":"https:\/\/demeas.rs\/neodent\/wp-json\/wp\/v2\/media?parent=33"}],"curies":[{"name":"wp","href":"https:\/\/api.w.org\/{rel}","templated":true}]}}