{"id":35,"date":"2020-07-02T13:43:19","date_gmt":"2020-07-02T13:43:19","guid":{"rendered":"https:\/\/demeas.rs\/neodent\/?page_id=35"},"modified":"2020-08-05T15:19:07","modified_gmt":"2020-08-05T15:19:07","slug":"imedijatni-tretmani-kod-svih-indikacija","status":"publish","type":"page","link":"https:\/\/demeas.rs\/neodent\/imedijatni-tretmani-kod-svih-indikacija\/","title":{"rendered":"Imedijatni tretmani kod svih indikacija"},"content":{"rendered":"<div class=\"wpb-content-wrapper\"><p>[vc_row row_type=&#8221;parallax&#8221; parallax_content_width=&#8221;full_width&#8221; text_align=&#8221;center&#8221; full_screen_section_height=&#8221;no&#8221; background_image=&#8221;105&#8243; css=&#8221;.vc_custom_1594138254070{padding-top: 200px !important;padding-bottom: 200px !important;}&#8221;][vc_column][vc_empty_space height=&#8221;12px&#8221; css=&#8221;.vc_custom_1594140581359{background-color: #262626 !important;}&#8221;][vc_row_inner row_type=&#8221;row&#8221; type=&#8221;grid&#8221; text_align=&#8221;left&#8221; css_animation=&#8221;&#8221; background_color=&#8221;#ffffff&#8221;][vc_column_inner width=&#8221;2\/3&#8243;][vc_empty_space][vc_empty_space][vc_column_text]<\/p>\n<h2><strong>Savremena implantologija \u2013 lider imedijatnih tretmana <\/strong><\/h2>\n<p>&nbsp;<\/p>\n<p>Za 25 godina svog postojanja, <strong>Neodent\u00ae<\/strong> je postao vode\u0107a implantolo\u0161ka kompanija u razvoju protokola imedijatne ugradnje i imedijatnog optere\u0107enja. \u0160tavi\u0161e, <strong>Neodent\u00ae<\/strong> je, uzimaju\u0107i u obzir klju\u010dne biolo\u0161ke principe, razvio nove karakteristike dizajnirane da maksimiziraju predvidivost i dostignu dugotrajne rezultate.[\/vc_column_text][vc_empty_space][\/vc_column_inner][vc_column_inner width=&#8221;1\/3&#8243;][vc_empty_space][vc_empty_space][vc_single_image image=&#8221;123&#8243; img_size=&#8221;full&#8221; onclick=&#8221;link_image&#8221; qode_css_animation=&#8221;&#8221;][vc_empty_space][\/vc_column_inner][\/vc_row_inner][\/vc_column][\/vc_row][vc_row row_type=&#8221;parallax&#8221; parallax_content_width=&#8221;in_grid&#8221; text_align=&#8221;left&#8221; full_screen_section_height=&#8221;no&#8221; background_image=&#8221;124&#8243; css=&#8221;.vc_custom_1596639772029{padding-top: 120px !important;padding-bottom: 120px !important;}&#8221; section_height=&#8221;350&#8243;][vc_column][\/vc_column][\/vc_row][vc_row css_animation=&#8221;&#8221; row_type=&#8221;row&#8221; use_row_as_full_screen_section=&#8221;no&#8221; type=&#8221;grid&#8221; angled_section=&#8221;no&#8221; text_align=&#8221;left&#8221; background_image_as_pattern=&#8221;without_pattern&#8221; z_index=&#8221;&#8221;][vc_column][vc_empty_space][vc_column_text]<\/p>\n<h3 style=\"text-align: center;\">Na\u0161 klju\u010dni fokus<\/h3>\n<p>[\/vc_column_text][\/vc_column][\/vc_row][vc_row css_animation=&#8221;&#8221; row_type=&#8221;row&#8221; use_row_as_full_screen_section=&#8221;no&#8221; type=&#8221;grid&#8221; angled_section=&#8221;no&#8221; text_align=&#8221;left&#8221; background_image_as_pattern=&#8221;without_pattern&#8221; z_index=&#8221;&#8221;][vc_column width=&#8221;1\/3&#8243;][vc_empty_space]<div class='q_icon_with_title medium custom_icon_image center '><div class=\"icon_holder \" style=\" \"><img decoding=\"async\" src=\"https:\/\/demeas.rs\/neodent\/wp-content\/uploads\/sites\/3\/2020\/08\/1.png\" alt=\"\"><\/div><div class=\"icon_text_holder\" style=\"\"><div class=\"icon_text_inner\" style=\"\"><h3 class=\"icon_title\" style=\"\"><\/h3><div class=\"separator small left\" style=\"height: 2px;background-color: #ffffff;width: 20px;margin-top: 20px;margin-bottom: 15px;\"><\/div><p style=''>Imedijatna funkcija za kra\u0107i vremenski period bez graftovanja<\/p><\/div><\/div><\/div>[\/vc_column][vc_column width=&#8221;1\/3&#8243;][vc_empty_space]<div class='q_icon_with_title medium custom_icon_image center '><div class=\"icon_holder \" style=\" \"><img decoding=\"async\" src=\"https:\/\/demeas.rs\/neodent\/wp-content\/uploads\/sites\/3\/2020\/08\/2.png\" alt=\"\"><\/div><div class=\"icon_text_holder\" style=\"\"><div class=\"icon_text_inner\" style=\"\"><h3 class=\"icon_title\" style=\"\"><\/h3><div class=\"separator small left\" style=\"height: 2px;background-color: #ffffff;width: 20px;margin-top: 20px;margin-bottom: 15px;\"><\/div><p style=''>Imedijatno olak\u0161anje zahvalju\u0107i stabilnoj osnovi<\/p><\/div><\/div><\/div>[\/vc_column][vc_column width=&#8221;1\/3&#8243;][vc_empty_space]<div class='q_icon_with_title medium custom_icon_image center '><div class=\"icon_holder \" style=\" \"><img decoding=\"async\" src=\"https:\/\/demeas.rs\/neodent\/wp-content\/uploads\/sites\/3\/2020\/08\/3.png\" alt=\"\"><\/div><div class=\"icon_text_holder\" style=\"\"><div class=\"icon_text_inner\" style=\"\"><h3 class=\"icon_title\" style=\"\"><\/h3><div class=\"separator small left\" style=\"height: 2px;background-color: #ffffff;width: 20px;margin-top: 20px;margin-bottom: 15px;\"><\/div><p style=''>Imedijatna prirodna estetika sa prilogodljivim restorativnim opcijama<\/p><\/div><\/div><\/div>[\/vc_column][\/vc_row][vc_row css_animation=&#8221;&#8221; row_type=&#8221;row&#8221; use_row_as_full_screen_section=&#8221;no&#8221; type=&#8221;grid&#8221; angled_section=&#8221;no&#8221; text_align=&#8221;left&#8221; background_image_as_pattern=&#8221;without_pattern&#8221; css=&#8221;.vc_custom_1594649312484{background-color: #833177 !important;}&#8221; z_index=&#8221;&#8221; background_color=&#8221;#833177&#8243;][vc_column][vc_empty_space height=&#8221;52px&#8221;][vc_column_text]<\/p>\n<h4><span style=\"color: #ffffff;\">Neodent\u00ae dizajn imedijatnih tretmana sa\u010dinjen je od dokazanih karakteristika koje su konstantno primenjivane kroz Neodent\u00ae implantolo\u0161ki sistem. Izgra\u0111en je na osnovu pet klju\u010dnih faktora i dizajniran za postizanje uspe\u0161nih rezultata kod imedijatnih protokola kod svih indikacija: po\u010dev\u0161i od pojedina\u010dnih krunica do bezubih vilica.<\/span><\/h4>\n<p>[\/vc_column_text][vc_empty_space height=&#8221;52px&#8221;][\/vc_column][\/vc_row][vc_row css_animation=&#8221;&#8221; row_type=&#8221;row&#8221; use_row_as_full_screen_section=&#8221;no&#8221; type=&#8221;grid&#8221; angled_section=&#8221;no&#8221; text_align=&#8221;left&#8221; background_image_as_pattern=&#8221;without_pattern&#8221; z_index=&#8221;&#8221;][vc_column][vc_empty_space][vc_empty_space]<div class='q_icon_with_title very_large custom_icon_image '><div class=\"icon_holder \" style=\" \"><img decoding=\"async\" src=\"https:\/\/demeas.rs\/neodent\/wp-content\/uploads\/sites\/3\/2020\/08\/4.png\" alt=\"\"><\/div><div class=\"icon_text_holder\" style=\"\"><div class=\"icon_text_inner\" style=\"\"><h3 class=\"icon_title\" style=\"\">Prilagodljive restorativne opcije<\/h3><div class=\"separator small left\" style=\"height: 2px;background-color: #ffffff;width: 20px;margin-top: 20px;margin-bottom: 15px;\"><\/div><p style=''>Sveobuhvatan raspon restorativnih opcija: od krune do mosta, od radova na cementiranje do radova na \u0161rafljenje, od radova na nivou implantata do radova na nivou abatmenta, od konvencionalnih do digitalnih procesa rada.<\/p><\/div><\/div><\/div>[vc_empty_space]<div class='q_icon_with_title very_large custom_icon_image '><div class=\"icon_holder \" style=\" \"><img decoding=\"async\" src=\"https:\/\/demeas.rs\/neodent\/wp-content\/uploads\/sites\/3\/2020\/08\/5.png\" alt=\"\"><\/div><div class=\"icon_text_holder\" style=\"\"><div class=\"icon_text_inner\" style=\"\"><h3 class=\"icon_title\" style=\"\">Prirodni izlazni profil<\/h3><div class=\"separator small left\" style=\"height: 2px;background-color: #ffffff;width: 20px;margin-top: 20px;margin-bottom: 15px;\"><\/div><p style=''>Konzistentan menad\u017ement mekih tkiva i fleksibilna visina gingive po\u0161tuju biolo\u0161ke razmake dosti\u017eu\u0107i tako imedijatnu funkciju i estetiku.<\/p><\/div><\/div><\/div>[vc_empty_space]<div class='q_icon_with_title very_large custom_icon_image '><div class=\"icon_holder \" style=\" \"><img decoding=\"async\" src=\"https:\/\/demeas.rs\/neodent\/wp-content\/uploads\/sites\/3\/2020\/08\/6.png\" alt=\"\"><\/div><div class=\"icon_text_holder\" style=\"\"><div class=\"icon_text_inner\" style=\"\"><h3 class=\"icon_title\" style=\"\">Duboka \u201cMorse taper\u201d konekcija<\/h3><div class=\"separator small left\" style=\"height: 2px;background-color: #ffffff;width: 20px;margin-top: 20px;margin-bottom: 15px;\"><\/div><p style=''>Duboka \u201cMorse taper\u201d konekcija u kombinaciji sa \u201cplatform switch\u201d dizajnom obezbe\u0111uju \u010dvrsto poklapanje za optimalno zatvaranje i optimalno optere\u0107enje implantata.<\/p><\/div><\/div><\/div>[vc_empty_space]<div class='q_icon_with_title very_large custom_icon_image '><div class=\"icon_holder \" style=\" \"><img decoding=\"async\" src=\"https:\/\/demeas.rs\/neodent\/wp-content\/uploads\/sites\/3\/2020\/08\/7.png\" alt=\"\"><\/div><div class=\"icon_text_holder\" style=\"\"><div class=\"icon_text_inner\" style=\"\"><h3 class=\"icon_title\" style=\"\">Dizajn implantata optimizovan za dostizanje visoke primarne stabilnosti<\/h3><div class=\"separator small left\" style=\"height: 2px;background-color: #ffffff;width: 20px;margin-top: 20px;margin-bottom: 15px;\"><\/div><p style=''>Dizajn oblikovan za postizanje visoke po\u010detne stabilnosti kod razli\u010ditih tipova kostiju, predvi\u0111en za imedijatne tretmane.<\/p><\/div><\/div><\/div>[vc_empty_space]<div class='q_icon_with_title very_large custom_icon_image '><div class=\"icon_holder \" style=\" \"><img decoding=\"async\" src=\"https:\/\/demeas.rs\/neodent\/wp-content\/uploads\/sites\/3\/2020\/08\/8.png\" alt=\"\"><\/div><div class=\"icon_text_holder\" style=\"\"><div class=\"icon_text_inner\" style=\"\"><h3 class=\"icon_title\" style=\"\">Optimalna povr\u0161ina i materijal<\/h3><div class=\"separator small left\" style=\"height: 2px;background-color: #ffffff;width: 20px;margin-top: 20px;margin-bottom: 15px;\"><\/div><p style=''>Najbolje dugoro\u010dne performanse peskirane povr\u0161ine implantata. Hidrofilna povr\u0161ina odgovara na izazove \u010dak i u kompromitovanim situacijama, kod mekane kosti ili imedijatnih protokola.<\/p><\/div><\/div><\/div>[vc_empty_space][vc_empty_space][\/vc_column][\/vc_row]<\/p>\n<\/div>","protected":false},"excerpt":{"rendered":"<p>[vc_row row_type=&#8221;parallax&#8221; parallax_content_width=&#8221;full_width&#8221; text_align=&#8221;center&#8221; full_screen_section_height=&#8221;no&#8221; background_image=&#8221;105&#8243; css=&#8221;.vc_custom_1594138254070{padding-top: 200px !important;padding-bottom: 200px !important;}&#8221;][vc_column][vc_empty_space height=&#8221;12px&#8221; css=&#8221;.vc_custom_1594140581359{background-color: #262626 !important;}&#8221;][vc_row_inner row_type=&#8221;row&#8221; type=&#8221;grid&#8221; text_align=&#8221;left&#8221; css_animation=&#8221;&#8221; background_color=&#8221;#ffffff&#8221;][vc_column_inner width=&#8221;2\/3&#8243;][vc_empty_space][vc_empty_space][vc_column_text] Savremena implantologija \u2013 lider imedijatnih tretmana &nbsp; Za 25 godina svog postojanja, Neodent\u00ae je postao vode\u0107a implantolo\u0161ka kompanija u razvoju protokola imedijatne ugradnje i&#8230;<\/p>\n","protected":false},"author":1,"featured_media":0,"parent":0,"menu_order":0,"comment_status":"closed","ping_status":"closed","template":"full_width.php","meta":{"footnotes":""},"class_list":["post-35","page","type-page","status-publish","hentry"],"yoast_head":"<!-- This site is optimized with the Yoast SEO plugin v27.2 - https:\/\/yoast.com\/product\/yoast-seo-wordpress\/ -->\n<title>Imedijatni tretmani kod svih indikacija - Neodent<\/title>\n<meta name=\"robots\" content=\"index, follow, max-snippet:-1, max-image-preview:large, max-video-preview:-1\" \/>\n<link rel=\"canonical\" href=\"https:\/\/demeas.rs\/neodent\/imedijatni-tretmani-kod-svih-indikacija\/\" \/>\n<meta property=\"og:locale\" content=\"en_US\" \/>\n<meta property=\"og:type\" content=\"article\" \/>\n<meta property=\"og:title\" content=\"Imedijatni tretmani kod svih indikacija - Neodent\" \/>\n<meta property=\"og:description\" content=\"[vc_row row_type=&#8221;parallax&#8221; parallax_content_width=&#8221;full_width&#8221; text_align=&#8221;center&#8221; full_screen_section_height=&#8221;no&#8221; background_image=&#8221;105&#8243; css=&#8221;.vc_custom_1594138254070{padding-top: 200px !important;padding-bottom: 200px !important;}&#8221;][vc_column][vc_empty_space height=&#8221;12px&#8221; css=&#8221;.vc_custom_1594140581359{background-color: #262626 !important;}&#8221;][vc_row_inner row_type=&#8221;row&#8221; type=&#8221;grid&#8221; text_align=&#8221;left&#8221; css_animation=&#8221;&#8221; background_color=&#8221;#ffffff&#8221;][vc_column_inner width=&#8221;2\/3&#8243;][vc_empty_space][vc_empty_space][vc_column_text] Savremena implantologija \u2013 lider imedijatnih tretmana &nbsp; Za 25 godina svog postojanja, Neodent\u00ae je postao vode\u0107a implantolo\u0161ka kompanija u razvoju protokola imedijatne ugradnje i...\" \/>\n<meta property=\"og:url\" content=\"https:\/\/demeas.rs\/neodent\/imedijatni-tretmani-kod-svih-indikacija\/\" \/>\n<meta property=\"og:site_name\" content=\"Neodent\" \/>\n<meta property=\"article:modified_time\" content=\"2020-08-05T15:19:07+00:00\" \/>\n<meta name=\"twitter:card\" content=\"summary_large_image\" \/>\n<meta name=\"twitter:label1\" content=\"Est. reading time\" \/>\n\t<meta name=\"twitter:data1\" content=\"5 minutes\" \/>\n<script type=\"application\/ld+json\" class=\"yoast-schema-graph\">{\"@context\":\"https:\/\/schema.org\",\"@graph\":[{\"@type\":\"WebPage\",\"@id\":\"https:\/\/demeas.rs\/neodent\/imedijatni-tretmani-kod-svih-indikacija\/\",\"url\":\"https:\/\/demeas.rs\/neodent\/imedijatni-tretmani-kod-svih-indikacija\/\",\"name\":\"Imedijatni tretmani kod svih indikacija - Neodent\",\"isPartOf\":{\"@id\":\"https:\/\/demeas.rs\/neodent\/#website\"},\"datePublished\":\"2020-07-02T13:43:19+00:00\",\"dateModified\":\"2020-08-05T15:19:07+00:00\",\"breadcrumb\":{\"@id\":\"https:\/\/demeas.rs\/neodent\/imedijatni-tretmani-kod-svih-indikacija\/#breadcrumb\"},\"inLanguage\":\"en-US\",\"potentialAction\":[{\"@type\":\"ReadAction\",\"target\":[\"https:\/\/demeas.rs\/neodent\/imedijatni-tretmani-kod-svih-indikacija\/\"]}]},{\"@type\":\"BreadcrumbList\",\"@id\":\"https:\/\/demeas.rs\/neodent\/imedijatni-tretmani-kod-svih-indikacija\/#breadcrumb\",\"itemListElement\":[{\"@type\":\"ListItem\",\"position\":1,\"name\":\"Home\",\"item\":\"https:\/\/demeas.rs\/neodent\/\"},{\"@type\":\"ListItem\",\"position\":2,\"name\":\"Imedijatni tretmani kod svih indikacija\"}]},{\"@type\":\"WebSite\",\"@id\":\"https:\/\/demeas.rs\/neodent\/#website\",\"url\":\"https:\/\/demeas.rs\/neodent\/\",\"name\":\"Neodent\",\"description\":\"\",\"publisher\":{\"@id\":\"https:\/\/demeas.rs\/neodent\/#organization\"},\"potentialAction\":[{\"@type\":\"SearchAction\",\"target\":{\"@type\":\"EntryPoint\",\"urlTemplate\":\"https:\/\/demeas.rs\/neodent\/?s={search_term_string}\"},\"query-input\":{\"@type\":\"PropertyValueSpecification\",\"valueRequired\":true,\"valueName\":\"search_term_string\"}}],\"inLanguage\":\"en-US\"},{\"@type\":\"Organization\",\"@id\":\"https:\/\/demeas.rs\/neodent\/#organization\",\"name\":\"Demeas - Neodent\",\"url\":\"https:\/\/demeas.rs\/neodent\/\",\"logo\":{\"@type\":\"ImageObject\",\"inLanguage\":\"en-US\",\"@id\":\"https:\/\/demeas.rs\/neodent\/#\/schema\/logo\/image\/\",\"url\":\"https:\/\/demeas.rs\/neodent\/wp-content\/uploads\/sites\/3\/2020\/07\/Neodent_Logo-1.png\",\"contentUrl\":\"https:\/\/demeas.rs\/neodent\/wp-content\/uploads\/sites\/3\/2020\/07\/Neodent_Logo-1.png\",\"width\":200,\"height\":107,\"caption\":\"Demeas - Neodent\"},\"image\":{\"@id\":\"https:\/\/demeas.rs\/neodent\/#\/schema\/logo\/image\/\"}}]}<\/script>\n<!-- \/ Yoast SEO plugin. -->","yoast_head_json":{"title":"Imedijatni tretmani kod svih indikacija - Neodent","robots":{"index":"index","follow":"follow","max-snippet":"max-snippet:-1","max-image-preview":"max-image-preview:large","max-video-preview":"max-video-preview:-1"},"canonical":"https:\/\/demeas.rs\/neodent\/imedijatni-tretmani-kod-svih-indikacija\/","og_locale":"en_US","og_type":"article","og_title":"Imedijatni tretmani kod svih indikacija - Neodent","og_description":"[vc_row row_type=&#8221;parallax&#8221; parallax_content_width=&#8221;full_width&#8221; text_align=&#8221;center&#8221; full_screen_section_height=&#8221;no&#8221; background_image=&#8221;105&#8243; css=&#8221;.vc_custom_1594138254070{padding-top: 200px !important;padding-bottom: 200px !important;}&#8221;][vc_column][vc_empty_space height=&#8221;12px&#8221; css=&#8221;.vc_custom_1594140581359{background-color: #262626 !important;}&#8221;][vc_row_inner row_type=&#8221;row&#8221; type=&#8221;grid&#8221; text_align=&#8221;left&#8221; css_animation=&#8221;&#8221; background_color=&#8221;#ffffff&#8221;][vc_column_inner width=&#8221;2\/3&#8243;][vc_empty_space][vc_empty_space][vc_column_text] Savremena implantologija \u2013 lider imedijatnih tretmana &nbsp; Za 25 godina svog postojanja, Neodent\u00ae je postao vode\u0107a implantolo\u0161ka kompanija u razvoju protokola imedijatne ugradnje i...","og_url":"https:\/\/demeas.rs\/neodent\/imedijatni-tretmani-kod-svih-indikacija\/","og_site_name":"Neodent","article_modified_time":"2020-08-05T15:19:07+00:00","twitter_card":"summary_large_image","twitter_misc":{"Est. reading time":"5 minutes"},"schema":{"@context":"https:\/\/schema.org","@graph":[{"@type":"WebPage","@id":"https:\/\/demeas.rs\/neodent\/imedijatni-tretmani-kod-svih-indikacija\/","url":"https:\/\/demeas.rs\/neodent\/imedijatni-tretmani-kod-svih-indikacija\/","name":"Imedijatni tretmani kod svih indikacija - Neodent","isPartOf":{"@id":"https:\/\/demeas.rs\/neodent\/#website"},"datePublished":"2020-07-02T13:43:19+00:00","dateModified":"2020-08-05T15:19:07+00:00","breadcrumb":{"@id":"https:\/\/demeas.rs\/neodent\/imedijatni-tretmani-kod-svih-indikacija\/#breadcrumb"},"inLanguage":"en-US","potentialAction":[{"@type":"ReadAction","target":["https:\/\/demeas.rs\/neodent\/imedijatni-tretmani-kod-svih-indikacija\/"]}]},{"@type":"BreadcrumbList","@id":"https:\/\/demeas.rs\/neodent\/imedijatni-tretmani-kod-svih-indikacija\/#breadcrumb","itemListElement":[{"@type":"ListItem","position":1,"name":"Home","item":"https:\/\/demeas.rs\/neodent\/"},{"@type":"ListItem","position":2,"name":"Imedijatni tretmani kod svih indikacija"}]},{"@type":"WebSite","@id":"https:\/\/demeas.rs\/neodent\/#website","url":"https:\/\/demeas.rs\/neodent\/","name":"Neodent","description":"","publisher":{"@id":"https:\/\/demeas.rs\/neodent\/#organization"},"potentialAction":[{"@type":"SearchAction","target":{"@type":"EntryPoint","urlTemplate":"https:\/\/demeas.rs\/neodent\/?s={search_term_string}"},"query-input":{"@type":"PropertyValueSpecification","valueRequired":true,"valueName":"search_term_string"}}],"inLanguage":"en-US"},{"@type":"Organization","@id":"https:\/\/demeas.rs\/neodent\/#organization","name":"Demeas - Neodent","url":"https:\/\/demeas.rs\/neodent\/","logo":{"@type":"ImageObject","inLanguage":"en-US","@id":"https:\/\/demeas.rs\/neodent\/#\/schema\/logo\/image\/","url":"https:\/\/demeas.rs\/neodent\/wp-content\/uploads\/sites\/3\/2020\/07\/Neodent_Logo-1.png","contentUrl":"https:\/\/demeas.rs\/neodent\/wp-content\/uploads\/sites\/3\/2020\/07\/Neodent_Logo-1.png","width":200,"height":107,"caption":"Demeas - Neodent"},"image":{"@id":"https:\/\/demeas.rs\/neodent\/#\/schema\/logo\/image\/"}}]}},"_links":{"self":[{"href":"https:\/\/demeas.rs\/neodent\/wp-json\/wp\/v2\/pages\/35","targetHints":{"allow":["GET"]}}],"collection":[{"href":"https:\/\/demeas.rs\/neodent\/wp-json\/wp\/v2\/pages"}],"about":[{"href":"https:\/\/demeas.rs\/neodent\/wp-json\/wp\/v2\/types\/page"}],"author":[{"embeddable":true,"href":"https:\/\/demeas.rs\/neodent\/wp-json\/wp\/v2\/users\/1"}],"replies":[{"embeddable":true,"href":"https:\/\/demeas.rs\/neodent\/wp-json\/wp\/v2\/comments?post=35"}],"version-history":[{"count":4,"href":"https:\/\/demeas.rs\/neodent\/wp-json\/wp\/v2\/pages\/35\/revisions"}],"predecessor-version":[{"id":134,"href":"https:\/\/demeas.rs\/neodent\/wp-json\/wp\/v2\/pages\/35\/revisions\/134"}],"wp:attachment":[{"href":"https:\/\/demeas.rs\/neodent\/wp-json\/wp\/v2\/media?parent=35"}],"curies":[{"name":"wp","href":"https:\/\/api.w.org\/{rel}","templated":true}]}}