{"id":37,"date":"2020-07-02T13:43:34","date_gmt":"2020-07-02T13:43:34","guid":{"rendered":"https:\/\/demeas.rs\/neodent\/?page_id=37"},"modified":"2020-08-05T15:45:31","modified_gmt":"2020-08-05T15:45:31","slug":"aqua-povrsina","status":"publish","type":"page","link":"https:\/\/demeas.rs\/neodent\/aqua-povrsina\/","title":{"rendered":"Aqua povr\u0161ina"},"content":{"rendered":"<div class=\"wpb-content-wrapper\"><p>[vc_row row_type=&#8221;parallax&#8221; parallax_content_width=&#8221;full_width&#8221; text_align=&#8221;center&#8221; full_screen_section_height=&#8221;no&#8221; background_image=&#8221;105&#8243; css=&#8221;.vc_custom_1594138254070{padding-top: 200px !important;padding-bottom: 200px !important;}&#8221;][vc_column][vc_empty_space height=&#8221;12px&#8221; css=&#8221;.vc_custom_1594140581359{background-color: #262626 !important;}&#8221;][vc_row_inner row_type=&#8221;row&#8221; type=&#8221;grid&#8221; text_align=&#8221;left&#8221; css_animation=&#8221;&#8221; background_color=&#8221;#ffffff&#8221;][vc_column_inner width=&#8221;2\/3&#8243;][vc_empty_space][vc_empty_space][vc_column_text]<\/p>\n<h2><strong>Evolucija koncepta povr\u0161ine<br \/>\nSaznajte vi\u0161e o Acqua tehnologiji, osmi\u0161ljenoj da bi vama bilo lak\u0161e.<br \/>\n<\/strong><\/h2>\n<p>&nbsp;<\/p>\n<p>Jedna od mnogih stvari koje nas ujedinjuju je ta \u0161to i mi, kao i vi postojimo da bi ljudima dali razloga za osmeh. Da bismo dostigli taj cilj mi konstantno investiramo u nova istra\u017eivanja i inovacije. [\/vc_column_text][vc_empty_space][\/vc_column_inner][vc_column_inner width=&#8221;1\/3&#8243;][vc_empty_space][vc_empty_space][vc_single_image image=&#8221;143&#8243; img_size=&#8221;full&#8221; onclick=&#8221;link_image&#8221; qode_css_animation=&#8221;&#8221;][vc_empty_space][\/vc_column_inner][\/vc_row_inner][\/vc_column][\/vc_row][vc_row row_type=&#8221;parallax&#8221; parallax_content_width=&#8221;in_grid&#8221; text_align=&#8221;left&#8221; full_screen_section_height=&#8221;no&#8221; background_image=&#8221;141&#8243; css=&#8221;.vc_custom_1596642075686{padding-top: 120px !important;padding-bottom: 120px !important;}&#8221; section_height=&#8221;350&#8243;][vc_column][\/vc_column][\/vc_row][vc_row css_animation=&#8221;&#8221; row_type=&#8221;row&#8221; use_row_as_full_screen_section=&#8221;no&#8221; type=&#8221;grid&#8221; angled_section=&#8221;no&#8221; text_align=&#8221;left&#8221; background_image_as_pattern=&#8221;without_pattern&#8221; css=&#8221;.vc_custom_1594649312484{background-color: #833177 !important;}&#8221; z_index=&#8221;&#8221; background_color=&#8221;#833177&#8243;][vc_column][vc_empty_space height=&#8221;52px&#8221;][vc_column_text]<\/p>\n<h2><span style=\"color: #ffffff;\">Acqua\u2122 hidrofilna povr\u0161ina je dizajnirana da obezbedi visoku predvidivost tretmana<\/span><\/h2>\n<p><span style=\"color: #ffffff;\">Neodent\u00ae Acqua\u2122 hidrofilna povr\u0161ina predstavlja potpuno novi nivo visoko kvalitetne SLA povr\u0161ine, razvijene za dostizanje uspe\u0161nih rezultata \u010dak i u izazovnim situacijama, kao \u0161to su meka kost ili imedijatni protokoli.<\/span>[\/vc_column_text][vc_empty_space height=&#8221;52px&#8221;][\/vc_column][\/vc_row][vc_row css_animation=&#8221;&#8221; row_type=&#8221;row&#8221; use_row_as_full_screen_section=&#8221;no&#8221; type=&#8221;grid&#8221; angled_section=&#8221;no&#8221; text_align=&#8221;left&#8221; background_image_as_pattern=&#8221;without_pattern&#8221; z_index=&#8221;&#8221;][vc_column][vc_empty_space][vc_column_text]<\/p>\n<h3 style=\"text-align: center;\">Upore\u0111ivanje povr\u0161ina<\/h3>\n<p>[\/vc_column_text][\/vc_column][\/vc_row][vc_row css_animation=&#8221;&#8221; row_type=&#8221;row&#8221; use_row_as_full_screen_section=&#8221;no&#8221; type=&#8221;grid&#8221; angled_section=&#8221;no&#8221; text_align=&#8221;left&#8221; background_image_as_pattern=&#8221;without_pattern&#8221; z_index=&#8221;&#8221;][vc_column width=&#8221;1\/4&#8243;][\/vc_column][vc_column width=&#8221;1\/4&#8243;][vc_empty_space]<div class='q_icon_with_title very_large custom_icon_image center '><div class=\"icon_holder \" style=\" \"><img decoding=\"async\" src=\"https:\/\/demeas.rs\/neodent\/wp-content\/uploads\/sites\/3\/2020\/08\/1-1.png\" alt=\"\"><\/div><div class=\"icon_text_holder\" style=\"\"><div class=\"icon_text_inner\" style=\"\"><h3 class=\"icon_title\" style=\"\">Hidrofobna povr\u0161ina<\/h3><div class=\"separator small left\" style=\"height: 2px;background-color: #ffffff;width: 20px;margin-top: 20px;margin-bottom: 15px;\"><\/div><p style=''>(konvencionalna)<\/p><\/div><\/div><\/div>[\/vc_column][vc_column width=&#8221;1\/4&#8243;][vc_empty_space]<div class='q_icon_with_title very_large custom_icon_image center '><div class=\"icon_holder \" style=\" \"><img decoding=\"async\" src=\"https:\/\/demeas.rs\/neodent\/wp-content\/uploads\/sites\/3\/2020\/08\/2-1.png\" alt=\"\"><\/div><div class=\"icon_text_holder\" style=\"\"><div class=\"icon_text_inner\" style=\"\"><h3 class=\"icon_title\" style=\"\">Acqua<\/h3><div class=\"separator small left\" style=\"height: 2px;background-color: #ffffff;width: 20px;margin-top: 20px;margin-bottom: 15px;\"><\/div><p style=''>Hidrofilna povr\u0161ina<\/p><\/div><\/div><\/div>[\/vc_column][vc_column width=&#8221;1\/4&#8243;][\/vc_column][\/vc_row][vc_row css_animation=&#8221;&#8221; row_type=&#8221;row&#8221; use_row_as_full_screen_section=&#8221;no&#8221; type=&#8221;grid&#8221; angled_section=&#8221;no&#8221; text_align=&#8221;left&#8221; background_image_as_pattern=&#8221;without_pattern&#8221; z_index=&#8221;&#8221;][vc_column][vc_empty_space][vc_column_text]<\/p>\n<h2>Kako se posti\u017ee hidrofilnost Acqua povr\u0161ine?<\/h2>\n<p>Sloj titanijum oksida na povr\u0161ini implantata je elektronegativan. Posledice ove karakteristike su smanjenje kontakta izme\u017eu povr\u0161ine implantata i krvi, koja je tako\u0111e elektronegativna.<\/p>\n<p>Implantati sa hidrofilnom povr\u0161inom se karakteri\u0161u slojem elektropzitivnog titanijum oksida. Fizi\u010dko-hemijska aktivacija Acqua povr\u0161ine menja negativno naelektrisanu povr\u0161inu u pozitivnu, privla\u010de\u0107i jone iz krvi i unapre\u0111uju\u0107i kontakt krvi i povr\u0161ine implantata.<\/p>\n<p>&nbsp;<\/p>\n<p>&nbsp;<\/p>\n<h2>Acqua inovativna povr\u0161ina: pouzdanost i samopouzdanje u va\u0161im rukama!<\/h2>\n<h4>Bolji kontakt izme\u0111u kosti i implantata<br \/>\nBr\u017ea regeneracija kosti<\/h4>\n<p>[\/vc_column_text][vc_empty_space][\/vc_column][\/vc_row]<\/p>\n<\/div>","protected":false},"excerpt":{"rendered":"<p>[vc_row row_type=&#8221;parallax&#8221; parallax_content_width=&#8221;full_width&#8221; text_align=&#8221;center&#8221; full_screen_section_height=&#8221;no&#8221; background_image=&#8221;105&#8243; css=&#8221;.vc_custom_1594138254070{padding-top: 200px !important;padding-bottom: 200px !important;}&#8221;][vc_column][vc_empty_space height=&#8221;12px&#8221; css=&#8221;.vc_custom_1594140581359{background-color: #262626 !important;}&#8221;][vc_row_inner row_type=&#8221;row&#8221; type=&#8221;grid&#8221; text_align=&#8221;left&#8221; css_animation=&#8221;&#8221; background_color=&#8221;#ffffff&#8221;][vc_column_inner width=&#8221;2\/3&#8243;][vc_empty_space][vc_empty_space][vc_column_text] Evolucija koncepta povr\u0161ine Saznajte vi\u0161e o Acqua tehnologiji, osmi\u0161ljenoj da bi vama bilo lak\u0161e. &nbsp; Jedna od mnogih stvari koje nas ujedinjuju je ta&#8230;<\/p>\n","protected":false},"author":1,"featured_media":0,"parent":0,"menu_order":0,"comment_status":"closed","ping_status":"closed","template":"full_width.php","meta":{"footnotes":""},"class_list":["post-37","page","type-page","status-publish","hentry"],"yoast_head":"<!-- This site is optimized with the Yoast SEO plugin v27.2 - https:\/\/yoast.com\/product\/yoast-seo-wordpress\/ -->\n<title>Aqua povr\u0161ina - Neodent<\/title>\n<meta name=\"robots\" content=\"index, follow, max-snippet:-1, max-image-preview:large, max-video-preview:-1\" \/>\n<link rel=\"canonical\" href=\"https:\/\/demeas.rs\/neodent\/aqua-povrsina\/\" \/>\n<meta property=\"og:locale\" content=\"en_US\" \/>\n<meta property=\"og:type\" content=\"article\" \/>\n<meta property=\"og:title\" content=\"Aqua povr\u0161ina - Neodent\" \/>\n<meta property=\"og:description\" content=\"[vc_row row_type=&#8221;parallax&#8221; parallax_content_width=&#8221;full_width&#8221; text_align=&#8221;center&#8221; full_screen_section_height=&#8221;no&#8221; background_image=&#8221;105&#8243; css=&#8221;.vc_custom_1594138254070{padding-top: 200px !important;padding-bottom: 200px !important;}&#8221;][vc_column][vc_empty_space height=&#8221;12px&#8221; css=&#8221;.vc_custom_1594140581359{background-color: #262626 !important;}&#8221;][vc_row_inner row_type=&#8221;row&#8221; type=&#8221;grid&#8221; text_align=&#8221;left&#8221; css_animation=&#8221;&#8221; background_color=&#8221;#ffffff&#8221;][vc_column_inner width=&#8221;2\/3&#8243;][vc_empty_space][vc_empty_space][vc_column_text] Evolucija koncepta povr\u0161ine Saznajte vi\u0161e o Acqua tehnologiji, osmi\u0161ljenoj da bi vama bilo lak\u0161e. &nbsp; Jedna od mnogih stvari koje nas ujedinjuju je ta...\" \/>\n<meta property=\"og:url\" content=\"https:\/\/demeas.rs\/neodent\/aqua-povrsina\/\" \/>\n<meta property=\"og:site_name\" content=\"Neodent\" \/>\n<meta property=\"article:modified_time\" content=\"2020-08-05T15:45:31+00:00\" \/>\n<meta name=\"twitter:card\" content=\"summary_large_image\" \/>\n<meta name=\"twitter:label1\" content=\"Est. reading time\" \/>\n\t<meta name=\"twitter:data1\" content=\"3 minutes\" \/>\n<script type=\"application\/ld+json\" class=\"yoast-schema-graph\">{\"@context\":\"https:\/\/schema.org\",\"@graph\":[{\"@type\":\"WebPage\",\"@id\":\"https:\/\/demeas.rs\/neodent\/aqua-povrsina\/\",\"url\":\"https:\/\/demeas.rs\/neodent\/aqua-povrsina\/\",\"name\":\"Aqua povr\u0161ina - Neodent\",\"isPartOf\":{\"@id\":\"https:\/\/demeas.rs\/neodent\/#website\"},\"datePublished\":\"2020-07-02T13:43:34+00:00\",\"dateModified\":\"2020-08-05T15:45:31+00:00\",\"breadcrumb\":{\"@id\":\"https:\/\/demeas.rs\/neodent\/aqua-povrsina\/#breadcrumb\"},\"inLanguage\":\"en-US\",\"potentialAction\":[{\"@type\":\"ReadAction\",\"target\":[\"https:\/\/demeas.rs\/neodent\/aqua-povrsina\/\"]}]},{\"@type\":\"BreadcrumbList\",\"@id\":\"https:\/\/demeas.rs\/neodent\/aqua-povrsina\/#breadcrumb\",\"itemListElement\":[{\"@type\":\"ListItem\",\"position\":1,\"name\":\"Home\",\"item\":\"https:\/\/demeas.rs\/neodent\/\"},{\"@type\":\"ListItem\",\"position\":2,\"name\":\"Aqua povr\u0161ina\"}]},{\"@type\":\"WebSite\",\"@id\":\"https:\/\/demeas.rs\/neodent\/#website\",\"url\":\"https:\/\/demeas.rs\/neodent\/\",\"name\":\"Neodent\",\"description\":\"\",\"publisher\":{\"@id\":\"https:\/\/demeas.rs\/neodent\/#organization\"},\"potentialAction\":[{\"@type\":\"SearchAction\",\"target\":{\"@type\":\"EntryPoint\",\"urlTemplate\":\"https:\/\/demeas.rs\/neodent\/?s={search_term_string}\"},\"query-input\":{\"@type\":\"PropertyValueSpecification\",\"valueRequired\":true,\"valueName\":\"search_term_string\"}}],\"inLanguage\":\"en-US\"},{\"@type\":\"Organization\",\"@id\":\"https:\/\/demeas.rs\/neodent\/#organization\",\"name\":\"Demeas - Neodent\",\"url\":\"https:\/\/demeas.rs\/neodent\/\",\"logo\":{\"@type\":\"ImageObject\",\"inLanguage\":\"en-US\",\"@id\":\"https:\/\/demeas.rs\/neodent\/#\/schema\/logo\/image\/\",\"url\":\"https:\/\/demeas.rs\/neodent\/wp-content\/uploads\/sites\/3\/2020\/07\/Neodent_Logo-1.png\",\"contentUrl\":\"https:\/\/demeas.rs\/neodent\/wp-content\/uploads\/sites\/3\/2020\/07\/Neodent_Logo-1.png\",\"width\":200,\"height\":107,\"caption\":\"Demeas - Neodent\"},\"image\":{\"@id\":\"https:\/\/demeas.rs\/neodent\/#\/schema\/logo\/image\/\"}}]}<\/script>\n<!-- \/ Yoast SEO plugin. -->","yoast_head_json":{"title":"Aqua povr\u0161ina - Neodent","robots":{"index":"index","follow":"follow","max-snippet":"max-snippet:-1","max-image-preview":"max-image-preview:large","max-video-preview":"max-video-preview:-1"},"canonical":"https:\/\/demeas.rs\/neodent\/aqua-povrsina\/","og_locale":"en_US","og_type":"article","og_title":"Aqua povr\u0161ina - Neodent","og_description":"[vc_row row_type=&#8221;parallax&#8221; parallax_content_width=&#8221;full_width&#8221; text_align=&#8221;center&#8221; full_screen_section_height=&#8221;no&#8221; background_image=&#8221;105&#8243; css=&#8221;.vc_custom_1594138254070{padding-top: 200px !important;padding-bottom: 200px !important;}&#8221;][vc_column][vc_empty_space height=&#8221;12px&#8221; css=&#8221;.vc_custom_1594140581359{background-color: #262626 !important;}&#8221;][vc_row_inner row_type=&#8221;row&#8221; type=&#8221;grid&#8221; text_align=&#8221;left&#8221; css_animation=&#8221;&#8221; background_color=&#8221;#ffffff&#8221;][vc_column_inner width=&#8221;2\/3&#8243;][vc_empty_space][vc_empty_space][vc_column_text] Evolucija koncepta povr\u0161ine Saznajte vi\u0161e o Acqua tehnologiji, osmi\u0161ljenoj da bi vama bilo lak\u0161e. &nbsp; Jedna od mnogih stvari koje nas ujedinjuju je ta...","og_url":"https:\/\/demeas.rs\/neodent\/aqua-povrsina\/","og_site_name":"Neodent","article_modified_time":"2020-08-05T15:45:31+00:00","twitter_card":"summary_large_image","twitter_misc":{"Est. reading time":"3 minutes"},"schema":{"@context":"https:\/\/schema.org","@graph":[{"@type":"WebPage","@id":"https:\/\/demeas.rs\/neodent\/aqua-povrsina\/","url":"https:\/\/demeas.rs\/neodent\/aqua-povrsina\/","name":"Aqua povr\u0161ina - Neodent","isPartOf":{"@id":"https:\/\/demeas.rs\/neodent\/#website"},"datePublished":"2020-07-02T13:43:34+00:00","dateModified":"2020-08-05T15:45:31+00:00","breadcrumb":{"@id":"https:\/\/demeas.rs\/neodent\/aqua-povrsina\/#breadcrumb"},"inLanguage":"en-US","potentialAction":[{"@type":"ReadAction","target":["https:\/\/demeas.rs\/neodent\/aqua-povrsina\/"]}]},{"@type":"BreadcrumbList","@id":"https:\/\/demeas.rs\/neodent\/aqua-povrsina\/#breadcrumb","itemListElement":[{"@type":"ListItem","position":1,"name":"Home","item":"https:\/\/demeas.rs\/neodent\/"},{"@type":"ListItem","position":2,"name":"Aqua povr\u0161ina"}]},{"@type":"WebSite","@id":"https:\/\/demeas.rs\/neodent\/#website","url":"https:\/\/demeas.rs\/neodent\/","name":"Neodent","description":"","publisher":{"@id":"https:\/\/demeas.rs\/neodent\/#organization"},"potentialAction":[{"@type":"SearchAction","target":{"@type":"EntryPoint","urlTemplate":"https:\/\/demeas.rs\/neodent\/?s={search_term_string}"},"query-input":{"@type":"PropertyValueSpecification","valueRequired":true,"valueName":"search_term_string"}}],"inLanguage":"en-US"},{"@type":"Organization","@id":"https:\/\/demeas.rs\/neodent\/#organization","name":"Demeas - Neodent","url":"https:\/\/demeas.rs\/neodent\/","logo":{"@type":"ImageObject","inLanguage":"en-US","@id":"https:\/\/demeas.rs\/neodent\/#\/schema\/logo\/image\/","url":"https:\/\/demeas.rs\/neodent\/wp-content\/uploads\/sites\/3\/2020\/07\/Neodent_Logo-1.png","contentUrl":"https:\/\/demeas.rs\/neodent\/wp-content\/uploads\/sites\/3\/2020\/07\/Neodent_Logo-1.png","width":200,"height":107,"caption":"Demeas - Neodent"},"image":{"@id":"https:\/\/demeas.rs\/neodent\/#\/schema\/logo\/image\/"}}]}},"_links":{"self":[{"href":"https:\/\/demeas.rs\/neodent\/wp-json\/wp\/v2\/pages\/37","targetHints":{"allow":["GET"]}}],"collection":[{"href":"https:\/\/demeas.rs\/neodent\/wp-json\/wp\/v2\/pages"}],"about":[{"href":"https:\/\/demeas.rs\/neodent\/wp-json\/wp\/v2\/types\/page"}],"author":[{"embeddable":true,"href":"https:\/\/demeas.rs\/neodent\/wp-json\/wp\/v2\/users\/1"}],"replies":[{"embeddable":true,"href":"https:\/\/demeas.rs\/neodent\/wp-json\/wp\/v2\/comments?post=37"}],"version-history":[{"count":5,"href":"https:\/\/demeas.rs\/neodent\/wp-json\/wp\/v2\/pages\/37\/revisions"}],"predecessor-version":[{"id":138,"href":"https:\/\/demeas.rs\/neodent\/wp-json\/wp\/v2\/pages\/37\/revisions\/138"}],"wp:attachment":[{"href":"https:\/\/demeas.rs\/neodent\/wp-json\/wp\/v2\/media?parent=37"}],"curies":[{"name":"wp","href":"https:\/\/api.w.org\/{rel}","templated":true}]}}