{"id":27,"date":"2020-07-01T17:00:29","date_gmt":"2020-07-01T17:00:29","guid":{"rendered":"https:\/\/demeas.rs\/straumann\/?page_id=27"},"modified":"2020-07-09T09:59:29","modified_gmt":"2020-07-09T09:59:29","slug":"blt","status":"publish","type":"page","link":"https:\/\/demeas.rs\/straumann\/blt\/","title":{"rendered":"Straumann\u00ae Bone Level Tapered Linija Implantata"},"content":{"rendered":"<div class=\"wpb-content-wrapper\"><p>[vc_row row_type=&#8221;parallax&#8221; parallax_content_width=&#8221;full_width&#8221; text_align=&#8221;center&#8221; full_screen_section_height=&#8221;no&#8221; background_image=&#8221;105&#8243; css=&#8221;.vc_custom_1594138254070{padding-top: 200px !important;padding-bottom: 200px !important;}&#8221;][vc_column][vc_empty_space height=&#8221;12px&#8221; css=&#8221;.vc_custom_1594140581359{background-color: #262626 !important;}&#8221;][vc_row_inner row_type=&#8221;row&#8221; type=&#8221;grid&#8221; text_align=&#8221;left&#8221; css_animation=&#8221;&#8221; background_color=&#8221;#ffffff&#8221;][vc_column_inner width=&#8221;2\/3&#8243;][vc_empty_space][vc_empty_space][vc_column_text]<\/p>\n<h2>Fleksibilna linija implantata za dokazanu estetiku.<\/h2>\n<p>&nbsp;<\/p>\n<p><strong>Straumann\u00ae Bone Level<\/strong> implantati su dizajnirani sa ciljem da obezbede, kako prirodan izgled i ose\u0107aj, tako i veliku fleksibilnost i balansiran protetski portfolio za svaku indikaciju.<\/p>\n<p>&nbsp;<\/p>\n<p>Sinonim su za odli\u010dnu klini\u010dku u\u010dinkovitost, izvanrednu estetiku i najvi\u0161i stepen zadovoljstva pacijenta. \u0160ta vi\u0161e, na\u0161a tehnologija samonarezuju\u0107ih implantata, <a href=\"https:\/\/www.straumann.com\/en\/dental-professionals\/products-and-solutions\/dental-implants\/dental-implant-materials.html#roxolid\">Roxolid\u00ae<\/a>\u00a0i\u00a0<a href=\"https:\/\/www.straumann.com\/en\/dental-professionals\/products-and-solutions\/dental-implants\/dental-implant-surfaces.html#slactive\">SLActive\u00ae<\/a> smanjuju invazivnost i pove\u0107avaju predvidivost i uspe\u0161nost tretmana.[\/vc_column_text][vc_empty_space][\/vc_column_inner][vc_column_inner width=&#8221;1\/3&#8243;][vc_empty_space][vc_empty_space][vc_single_image image=&#8221;69&#8243; img_size=&#8221;full&#8221; onclick=&#8221;link_image&#8221; qode_css_animation=&#8221;&#8221;][vc_empty_space][\/vc_column_inner][\/vc_row_inner][vc_empty_space height=&#8221;300px&#8221;][\/vc_column][\/vc_row][vc_row css_animation=&#8221;&#8221; row_type=&#8221;row&#8221; use_row_as_full_screen_section=&#8221;no&#8221; type=&#8221;grid&#8221; angled_section=&#8221;no&#8221; text_align=&#8221;left&#8221; background_image_as_pattern=&#8221;without_pattern&#8221; z_index=&#8221;&#8221;][vc_column width=&#8221;1\/3&#8243;][vc_empty_space][vc_single_image image=&#8221;71&#8243; img_size=&#8221;full&#8221; onclick=&#8221;link_image&#8221; qode_css_animation=&#8221;&#8221;][vc_single_image image=&#8221;72&#8243; img_size=&#8221;full&#8221; onclick=&#8221;link_image&#8221; qode_css_animation=&#8221;&#8221;][\/vc_column][vc_column css_animation=&#8221;none&#8221; width=&#8221;2\/3&#8243;][vc_empty_space][vc_empty_space]<div class='q_icon_with_title medium custom_icon_image '><div class=\"icon_holder \" style=\" \"><img decoding=\"async\" src=\"https:\/\/demeas.rs\/straumann\/wp-content\/uploads\/sites\/2\/2020\/07\/Reduced-invasiveness-Limegreen.png\" alt=\"\"><\/div><div class=\"icon_text_holder\" style=\"\"><div class=\"icon_text_inner\" style=\"\"><h4 class=\"icon_title\" style=\"\">Redukovana Invazivnost Tretmana<\/h4><p style=''>Invazivnost tretmana je smanjena kori\u0161\u0107enjem manjih implantata sa visokokvalitetnim osobinama materijala Roxolid\u00ae.<\/p><\/div><\/div><\/div>[vc_empty_space]<div class='q_icon_with_title medium custom_icon_image '><div class=\"icon_holder \" style=\" \"><img decoding=\"async\" src=\"https:\/\/demeas.rs\/straumann\/wp-content\/uploads\/sites\/2\/2020\/07\/Smile-Limegreen.png\" alt=\"\"><\/div><div class=\"icon_text_holder\" style=\"\"><div class=\"icon_text_inner\" style=\"\"><h4 class=\"icon_title\" style=\"\">Uspe\u0161nost Tretmana<\/h4><p style=''>Visoka predvidivost, kra\u0107i period zarastanja i unapre\u0111ena regeneracija kosti \u010dak i u kompromitovanim regijama zahvaljuju\u0107i na\u0161oj SLActive\u00ae povr\u0161ini.<\/p><\/div><\/div><\/div>[vc_empty_space]<div class='q_icon_with_title medium custom_icon_image '><div class=\"icon_holder \" style=\" \"><img decoding=\"async\" src=\"https:\/\/demeas.rs\/straumann\/wp-content\/uploads\/sites\/2\/2020\/07\/Leaf-Limegreen.png\" alt=\"\"><\/div><div class=\"icon_text_holder\" style=\"\"><div class=\"icon_text_inner\" style=\"\"><h4 class=\"icon_title\" style=\"\">Biologija<\/h4><p style=''>Optimizovano o\u010duvanje krestalne kosti Bone Control dizajnom.<\/p><\/div><\/div><\/div>[vc_empty_space]<div class='q_icon_with_title medium custom_icon_image '><div class=\"icon_holder \" style=\" \"><img decoding=\"async\" src=\"https:\/\/demeas.rs\/straumann\/wp-content\/uploads\/sites\/2\/2020\/07\/Smile-Limegreen.png\" alt=\"\"><\/div><div class=\"icon_text_holder\" style=\"\"><div class=\"icon_text_inner\" style=\"\"><h4 class=\"icon_title\" style=\"\">Estetika<\/h4><p style=''>Izvanredni estetski rezultati uz pomo\u0107 izbalansiranog protetskog asortimana.<\/p><\/div><\/div><\/div>[vc_empty_space]<div class='q_icon_with_title medium custom_icon_image '><div class=\"icon_holder \" style=\" \"><img decoding=\"async\" src=\"https:\/\/demeas.rs\/straumann\/wp-content\/uploads\/sites\/2\/2020\/07\/Thumbs-up-Limegreen.png\" alt=\"\"><\/div><div class=\"icon_text_holder\" style=\"\"><div class=\"icon_text_inner\" style=\"\"><h4 class=\"icon_title\" style=\"\">Rukovanje<\/h4><p style=''>Jednostavno rukovanje i osigurana preciznost sa CrossFit\u00ae konekcijom i LoximTM prenosnikom.<\/p><\/div><\/div><\/div>[vc_empty_space]<div class='q_icon_with_title medium custom_icon_image '><div class=\"icon_holder \" style=\" \"><img decoding=\"async\" src=\"https:\/\/demeas.rs\/straumann\/wp-content\/uploads\/sites\/2\/2020\/07\/Evidence.png\" alt=\"\"><\/div><div class=\"icon_text_holder\" style=\"\"><div class=\"icon_text_inner\" style=\"\"><h4 class=\"icon_title\" style=\"\">Nau\u010dno Dokazano<\/h4><p style=''>Zasnovano na nau\u010dnim ispitivanjima, Straumann BLT implantati su preporu\u010dljivi za sve indikacije, a naro\u010dito za radove u estetskoj regiji.<\/p><\/div><\/div><\/div>[vc_empty_space]<div class='q_icon_with_title medium custom_icon_image '><div class=\"icon_holder \" style=\" \"><img decoding=\"async\" src=\"https:\/\/demeas.rs\/straumann\/wp-content\/uploads\/sites\/2\/2020\/07\/Peace-of-Mind.png\" alt=\"\"><\/div><div class=\"icon_text_holder\" style=\"\"><div class=\"icon_text_inner\" style=\"\"><h4 class=\"icon_title\" style=\"\">Posebne Pogodnosti<\/h4><p style=''>Straumann Roxolid\u00ae nudi do\u017eivotnu garanciju na implantate.<\/p><\/div><\/div><\/div>[vc_empty_space][vc_empty_space][\/vc_column][\/vc_row][vc_row css_animation=&#8221;&#8221; row_type=&#8221;row&#8221; use_row_as_full_screen_section=&#8221;no&#8221; type=&#8221;full_width&#8221; angled_section=&#8221;no&#8221; text_align=&#8221;left&#8221; background_image_as_pattern=&#8221;without_pattern&#8221; z_index=&#8221;&#8221; background_color=&#8221;#7aad36&#8243; padding_top=&#8221;30px&#8221; padding_bottom=&#8221;30px&#8221;][vc_column][vc_row_inner row_type=&#8221;row&#8221; type=&#8221;grid&#8221; text_align=&#8221;left&#8221; css_animation=&#8221;&#8221;][vc_column_inner width=&#8221;1\/2&#8243;][vc_empty_space height=&#8221;132px&#8221;][vc_column_text]<\/p>\n<h4><span style=\"color: #ffffff;\">Straumann BLT implantati\u00a0 nude klini\u010dki dokazane karakteristike, a dodatnu prednost predstavlja koni\u010dni dizajn implantata koji omogu\u0107uje odli\u010dnu primarnu stabilnost u mekoj kosti i alveolama neposredno nakon ekstrakcije zuba. Koni\u010dan oblik vam omogu\u0107ava i manipulaciju ograni\u010denim anatomskim karakteristikama pacijenta.<\/span><\/h4>\n<p>[\/vc_column_text][vc_empty_space height=&#8221;72px&#8221;]<a  itemprop=\"url\" href=\"https:\/\/demeas.rs\/contact-us\/\" target=\"_self\" data-hover-background-color=\"#ffffff\" data-hover-color=\"#262626\" class=\"qbutton  big_large center default\" style=\"color: #ffffff; background-color:#262626;\">Kontaktirajte nas<i class=\"qode_icon_font_awesome fa fa-envelope qode_button_icon_element\" style=\"color: #ffffff\"><\/i><\/a>[\/vc_column_inner][vc_column_inner width=&#8221;1\/2&#8243;][vc_single_image image=&#8221;107&#8243; img_size=&#8221;large&#8221; qode_css_animation=&#8221;&#8221;][\/vc_column_inner][\/vc_row_inner][\/vc_column][\/vc_row]<\/p>\n<\/div>","protected":false},"excerpt":{"rendered":"<p>[vc_row row_type=&#8221;parallax&#8221; parallax_content_width=&#8221;full_width&#8221; text_align=&#8221;center&#8221; full_screen_section_height=&#8221;no&#8221; background_image=&#8221;105&#8243; css=&#8221;.vc_custom_1594138254070{padding-top: 200px !important;padding-bottom: 200px !important;}&#8221;][vc_column][vc_empty_space height=&#8221;12px&#8221; css=&#8221;.vc_custom_1594140581359{background-color: #262626 !important;}&#8221;][vc_row_inner row_type=&#8221;row&#8221; type=&#8221;grid&#8221; text_align=&#8221;left&#8221; css_animation=&#8221;&#8221; background_color=&#8221;#ffffff&#8221;][vc_column_inner width=&#8221;2\/3&#8243;][vc_empty_space][vc_empty_space][vc_column_text] Fleksibilna linija implantata za dokazanu estetiku. &nbsp; Straumann\u00ae Bone Level implantati su dizajnirani sa ciljem da obezbede, kako prirodan izgled i ose\u0107aj, tako i&#8230;<\/p>\n","protected":false},"author":1,"featured_media":0,"parent":0,"menu_order":0,"comment_status":"closed","ping_status":"closed","template":"full_width.php","meta":{"footnotes":""},"class_list":["post-27","page","type-page","status-publish","hentry"],"yoast_head":"<!-- This site is optimized with the Yoast SEO plugin v27.2 - https:\/\/yoast.com\/product\/yoast-seo-wordpress\/ -->\n<title>Straumann\u00ae Bone Level Tapered Linija Implantata - Straumann<\/title>\n<meta name=\"robots\" content=\"index, follow, max-snippet:-1, max-image-preview:large, max-video-preview:-1\" \/>\n<link rel=\"canonical\" href=\"https:\/\/demeas.rs\/straumann\/blt\/\" \/>\n<meta property=\"og:locale\" content=\"en_US\" \/>\n<meta property=\"og:type\" content=\"article\" \/>\n<meta property=\"og:title\" content=\"Straumann\u00ae Bone Level Tapered Linija Implantata - Straumann\" \/>\n<meta property=\"og:description\" content=\"[vc_row row_type=&#8221;parallax&#8221; parallax_content_width=&#8221;full_width&#8221; text_align=&#8221;center&#8221; full_screen_section_height=&#8221;no&#8221; background_image=&#8221;105&#8243; css=&#8221;.vc_custom_1594138254070{padding-top: 200px !important;padding-bottom: 200px !important;}&#8221;][vc_column][vc_empty_space height=&#8221;12px&#8221; css=&#8221;.vc_custom_1594140581359{background-color: #262626 !important;}&#8221;][vc_row_inner row_type=&#8221;row&#8221; type=&#8221;grid&#8221; text_align=&#8221;left&#8221; css_animation=&#8221;&#8221; background_color=&#8221;#ffffff&#8221;][vc_column_inner width=&#8221;2\/3&#8243;][vc_empty_space][vc_empty_space][vc_column_text] Fleksibilna linija implantata za dokazanu estetiku. &nbsp; Straumann\u00ae Bone Level implantati su dizajnirani sa ciljem da obezbede, kako prirodan izgled i ose\u0107aj, tako i...\" \/>\n<meta property=\"og:url\" content=\"https:\/\/demeas.rs\/straumann\/blt\/\" \/>\n<meta property=\"og:site_name\" content=\"Straumann\" \/>\n<meta property=\"article:modified_time\" content=\"2020-07-09T09:59:29+00:00\" \/>\n<meta name=\"twitter:card\" content=\"summary_large_image\" \/>\n<meta name=\"twitter:label1\" content=\"Est. reading time\" \/>\n\t<meta name=\"twitter:data1\" content=\"4 minutes\" \/>\n<script type=\"application\/ld+json\" class=\"yoast-schema-graph\">{\"@context\":\"https:\/\/schema.org\",\"@graph\":[{\"@type\":\"WebPage\",\"@id\":\"https:\/\/demeas.rs\/straumann\/blt\/\",\"url\":\"https:\/\/demeas.rs\/straumann\/blt\/\",\"name\":\"Straumann\u00ae Bone Level Tapered Linija Implantata - Straumann\",\"isPartOf\":{\"@id\":\"https:\/\/demeas.rs\/straumann\/#website\"},\"datePublished\":\"2020-07-01T17:00:29+00:00\",\"dateModified\":\"2020-07-09T09:59:29+00:00\",\"breadcrumb\":{\"@id\":\"https:\/\/demeas.rs\/straumann\/blt\/#breadcrumb\"},\"inLanguage\":\"en-US\",\"potentialAction\":[{\"@type\":\"ReadAction\",\"target\":[\"https:\/\/demeas.rs\/straumann\/blt\/\"]}]},{\"@type\":\"BreadcrumbList\",\"@id\":\"https:\/\/demeas.rs\/straumann\/blt\/#breadcrumb\",\"itemListElement\":[{\"@type\":\"ListItem\",\"position\":1,\"name\":\"Home\",\"item\":\"https:\/\/demeas.rs\/straumann\/\"},{\"@type\":\"ListItem\",\"position\":2,\"name\":\"Straumann\u00ae Bone Level Tapered Linija Implantata\"}]},{\"@type\":\"WebSite\",\"@id\":\"https:\/\/demeas.rs\/straumann\/#website\",\"url\":\"https:\/\/demeas.rs\/straumann\/\",\"name\":\"Straumann\",\"description\":\"Just another Swissdent site\",\"publisher\":{\"@id\":\"https:\/\/demeas.rs\/straumann\/#organization\"},\"potentialAction\":[{\"@type\":\"SearchAction\",\"target\":{\"@type\":\"EntryPoint\",\"urlTemplate\":\"https:\/\/demeas.rs\/straumann\/?s={search_term_string}\"},\"query-input\":{\"@type\":\"PropertyValueSpecification\",\"valueRequired\":true,\"valueName\":\"search_term_string\"}}],\"inLanguage\":\"en-US\"},{\"@type\":\"Organization\",\"@id\":\"https:\/\/demeas.rs\/straumann\/#organization\",\"name\":\"Demeas - Straumann\",\"url\":\"https:\/\/demeas.rs\/straumann\/\",\"logo\":{\"@type\":\"ImageObject\",\"inLanguage\":\"en-US\",\"@id\":\"https:\/\/demeas.rs\/straumann\/#\/schema\/logo\/image\/\",\"url\":\"https:\/\/demeas.rs\/straumann\/wp-content\/uploads\/sites\/2\/2020\/07\/str-logo.png\",\"contentUrl\":\"https:\/\/demeas.rs\/straumann\/wp-content\/uploads\/sites\/2\/2020\/07\/str-logo.png\",\"width\":227,\"height\":84,\"caption\":\"Demeas - Straumann\"},\"image\":{\"@id\":\"https:\/\/demeas.rs\/straumann\/#\/schema\/logo\/image\/\"}}]}<\/script>\n<!-- \/ Yoast SEO plugin. -->","yoast_head_json":{"title":"Straumann\u00ae Bone Level Tapered Linija Implantata - Straumann","robots":{"index":"index","follow":"follow","max-snippet":"max-snippet:-1","max-image-preview":"max-image-preview:large","max-video-preview":"max-video-preview:-1"},"canonical":"https:\/\/demeas.rs\/straumann\/blt\/","og_locale":"en_US","og_type":"article","og_title":"Straumann\u00ae Bone Level Tapered Linija Implantata - Straumann","og_description":"[vc_row row_type=&#8221;parallax&#8221; parallax_content_width=&#8221;full_width&#8221; text_align=&#8221;center&#8221; full_screen_section_height=&#8221;no&#8221; background_image=&#8221;105&#8243; css=&#8221;.vc_custom_1594138254070{padding-top: 200px !important;padding-bottom: 200px !important;}&#8221;][vc_column][vc_empty_space height=&#8221;12px&#8221; css=&#8221;.vc_custom_1594140581359{background-color: #262626 !important;}&#8221;][vc_row_inner row_type=&#8221;row&#8221; type=&#8221;grid&#8221; text_align=&#8221;left&#8221; css_animation=&#8221;&#8221; background_color=&#8221;#ffffff&#8221;][vc_column_inner width=&#8221;2\/3&#8243;][vc_empty_space][vc_empty_space][vc_column_text] Fleksibilna linija implantata za dokazanu estetiku. &nbsp; Straumann\u00ae Bone Level implantati su dizajnirani sa ciljem da obezbede, kako prirodan izgled i ose\u0107aj, tako i...","og_url":"https:\/\/demeas.rs\/straumann\/blt\/","og_site_name":"Straumann","article_modified_time":"2020-07-09T09:59:29+00:00","twitter_card":"summary_large_image","twitter_misc":{"Est. reading time":"4 minutes"},"schema":{"@context":"https:\/\/schema.org","@graph":[{"@type":"WebPage","@id":"https:\/\/demeas.rs\/straumann\/blt\/","url":"https:\/\/demeas.rs\/straumann\/blt\/","name":"Straumann\u00ae Bone Level Tapered Linija Implantata - Straumann","isPartOf":{"@id":"https:\/\/demeas.rs\/straumann\/#website"},"datePublished":"2020-07-01T17:00:29+00:00","dateModified":"2020-07-09T09:59:29+00:00","breadcrumb":{"@id":"https:\/\/demeas.rs\/straumann\/blt\/#breadcrumb"},"inLanguage":"en-US","potentialAction":[{"@type":"ReadAction","target":["https:\/\/demeas.rs\/straumann\/blt\/"]}]},{"@type":"BreadcrumbList","@id":"https:\/\/demeas.rs\/straumann\/blt\/#breadcrumb","itemListElement":[{"@type":"ListItem","position":1,"name":"Home","item":"https:\/\/demeas.rs\/straumann\/"},{"@type":"ListItem","position":2,"name":"Straumann\u00ae Bone Level Tapered Linija Implantata"}]},{"@type":"WebSite","@id":"https:\/\/demeas.rs\/straumann\/#website","url":"https:\/\/demeas.rs\/straumann\/","name":"Straumann","description":"Just another Swissdent site","publisher":{"@id":"https:\/\/demeas.rs\/straumann\/#organization"},"potentialAction":[{"@type":"SearchAction","target":{"@type":"EntryPoint","urlTemplate":"https:\/\/demeas.rs\/straumann\/?s={search_term_string}"},"query-input":{"@type":"PropertyValueSpecification","valueRequired":true,"valueName":"search_term_string"}}],"inLanguage":"en-US"},{"@type":"Organization","@id":"https:\/\/demeas.rs\/straumann\/#organization","name":"Demeas - Straumann","url":"https:\/\/demeas.rs\/straumann\/","logo":{"@type":"ImageObject","inLanguage":"en-US","@id":"https:\/\/demeas.rs\/straumann\/#\/schema\/logo\/image\/","url":"https:\/\/demeas.rs\/straumann\/wp-content\/uploads\/sites\/2\/2020\/07\/str-logo.png","contentUrl":"https:\/\/demeas.rs\/straumann\/wp-content\/uploads\/sites\/2\/2020\/07\/str-logo.png","width":227,"height":84,"caption":"Demeas - Straumann"},"image":{"@id":"https:\/\/demeas.rs\/straumann\/#\/schema\/logo\/image\/"}}]}},"_links":{"self":[{"href":"https:\/\/demeas.rs\/straumann\/wp-json\/wp\/v2\/pages\/27","targetHints":{"allow":["GET"]}}],"collection":[{"href":"https:\/\/demeas.rs\/straumann\/wp-json\/wp\/v2\/pages"}],"about":[{"href":"https:\/\/demeas.rs\/straumann\/wp-json\/wp\/v2\/types\/page"}],"author":[{"embeddable":true,"href":"https:\/\/demeas.rs\/straumann\/wp-json\/wp\/v2\/users\/1"}],"replies":[{"embeddable":true,"href":"https:\/\/demeas.rs\/straumann\/wp-json\/wp\/v2\/comments?post=27"}],"version-history":[{"count":20,"href":"https:\/\/demeas.rs\/straumann\/wp-json\/wp\/v2\/pages\/27\/revisions"}],"predecessor-version":[{"id":66,"href":"https:\/\/demeas.rs\/straumann\/wp-json\/wp\/v2\/pages\/27\/revisions\/66"}],"wp:attachment":[{"href":"https:\/\/demeas.rs\/straumann\/wp-json\/wp\/v2\/media?parent=27"}],"curies":[{"name":"wp","href":"https:\/\/api.w.org\/{rel}","templated":true}]}}