{"id":29,"date":"2020-07-01T17:00:48","date_gmt":"2020-07-01T17:00:48","guid":{"rendered":"https:\/\/demeas.rs\/straumann\/?page_id=29"},"modified":"2020-08-10T14:28:14","modified_gmt":"2020-08-10T14:28:14","slug":"sp","status":"publish","type":"page","link":"https:\/\/demeas.rs\/straumann\/sp\/","title":{"rendered":"Standard Plus"},"content":{"rendered":"<div class=\"wpb-content-wrapper\"><p>[vc_row row_type=&#8221;parallax&#8221; parallax_content_width=&#8221;full_width&#8221; text_align=&#8221;center&#8221; full_screen_section_height=&#8221;no&#8221; background_image=&#8221;130&#8243; css=&#8221;.vc_custom_1594742340033{padding-top: 200px !important;padding-bottom: 200px !important;}&#8221;][vc_column][vc_empty_space height=&#8221;12px&#8221; css=&#8221;.vc_custom_1594140581359{background-color: #262626 !important;}&#8221;][vc_row_inner row_type=&#8221;row&#8221; type=&#8221;grid&#8221; text_align=&#8221;left&#8221; css_animation=&#8221;&#8221; background_color=&#8221;#ffffff&#8221;][vc_column_inner width=&#8221;2\/3&#8243;][vc_empty_space][vc_empty_space][vc_column_text]<\/p>\n<h2><strong>Straumann\u00ae Tissue Level Implantati<\/strong><\/h2>\n<h3>Ikona implantologije.<\/h3>\n<p>Dizajnirana za jednofaznu hirurgiju kako bi pojednostavila proces i redukovala komleksnost tretmana, ova linija implantata ide korak dalje. Pored o\u010duvanja kosti ona \u010duva i periimplantno zdravlje va\u0161ih pacijenata. Jednostavni za ugradnju, dizajnirani da po\u0161tuju biolo\u0161ki razmak, Straumann\u00ae Tissue Level implantati sa SLA povr\u0161inom prema nezavisnoj klini\u010dkoj studiji koja obuhvata veliki broj pacijenata pokazuju najni\u017ei stepen mogu\u0107nosti razvoja periimplantitisa nakon 9 godina. Nakon vi\u0161e od 40 godina inovacija i izvanredne klini\u010dke u\u010dinkovitosti, danas je to jedan od najbolje dokumentovanih implatolo\u0161kih sistema na tr\u017ei\u0161tu.[\/vc_column_text][vc_empty_space][\/vc_column_inner][vc_column_inner width=&#8221;1\/3&#8243;][vc_empty_space][vc_empty_space][vc_single_image image=&#8221;118&#8243; img_size=&#8221;medium&#8221; onclick=&#8221;link_image&#8221; qode_css_animation=&#8221;&#8221;][vc_empty_space][\/vc_column_inner][\/vc_row_inner][vc_row_inner row_type=&#8221;row&#8221; type=&#8221;grid&#8221; text_align=&#8221;left&#8221; css_animation=&#8221;&#8221; background_color=&#8221;#ffffff&#8221;][vc_column_inner width=&#8221;2\/3&#8243;][vc_empty_space][vc_empty_space][vc_column_text]<\/p>\n<h2><strong>Straumann\u00ae Standard Plus Short Implantat<\/strong><\/h2>\n<h3>Svet novih mogu\u0107nosti.<\/h3>\n<p>Straumann\u00ae<strong>\u00a0Standard Plus ,,Short\u2019\u2019<\/strong>\u00a0implantat du\u017eine 4mm dostupan je u dimenzijama 4.1 i 4.8 sa RN i WN promerom vratnog dela. \u00a0Specifi\u010dnost ovog implantata \u010dini spoj Bone Level navoja i SynOcta konekcije. Dolazi u kombinaciji Roxolid\u00ae materijala i SLActive\u00ae povr\u0161ine, \u0161to garantuje uspe\u0161nost celokupne terapije. Jedinstveni premium implantat od 4mm pru\u017ea vi\u0161e mogu\u0107nosti pri ugradnji bez kompleksne vertikalne augmentacije. Uz novu generaciju LOXIM prenosnika, olak\u0161ano je rukovanje bez upotrebe klju\u010da za pridr\u017eavanje.<\/p>\n<p>Indikovan za donju vilicu.[\/vc_column_text][vc_empty_space][\/vc_column_inner][vc_column_inner width=&#8221;1\/3&#8243;][vc_empty_space][vc_empty_space][vc_single_image image=&#8221;122&#8243; img_size=&#8221;medium&#8221; alignment=&#8221;center&#8221; onclick=&#8221;link_image&#8221; qode_css_animation=&#8221;&#8221;][vc_empty_space][\/vc_column_inner][\/vc_row_inner][vc_empty_space height=&#8221;300px&#8221;][\/vc_column][\/vc_row][vc_row css_animation=&#8221;&#8221; row_type=&#8221;row&#8221; use_row_as_full_screen_section=&#8221;no&#8221; type=&#8221;grid&#8221; angled_section=&#8221;no&#8221; text_align=&#8221;left&#8221; background_image_as_pattern=&#8221;without_pattern&#8221; z_index=&#8221;&#8221;][vc_column width=&#8221;1\/3&#8243;][vc_empty_space][vc_single_image image=&#8221;117&#8243; img_size=&#8221;full&#8221; alignment=&#8221;center&#8221; onclick=&#8221;link_image&#8221; qode_css_animation=&#8221;&#8221;][vc_single_image image=&#8221;118&#8243; img_size=&#8221;full&#8221; onclick=&#8221;link_image&#8221; qode_css_animation=&#8221;&#8221;][\/vc_column][vc_column css_animation=&#8221;none&#8221; width=&#8221;2\/3&#8243;][vc_empty_space][vc_empty_space]<div class='q_icon_with_title medium custom_icon_image '><div class=\"icon_holder \" style=\" \"><img decoding=\"async\" src=\"https:\/\/demeas.rs\/straumann\/wp-content\/uploads\/sites\/2\/2020\/07\/Leaf-Limegreen.png\" alt=\"\"><\/div><div class=\"icon_text_holder\" style=\"\"><div class=\"icon_text_inner\" style=\"\"><h4 class=\"icon_title\" style=\"\">Biologija<\/h4><p style=''>Opona\u0161a prirodnu anatomiju, po\u0161tuju\u0107i biolo\u0161ki razmak kod svih dimenzija.<\/p><\/div><\/div><\/div>[vc_empty_space]<div class='q_icon_with_title medium custom_icon_image '><div class=\"icon_holder \" style=\" \"><img decoding=\"async\" src=\"https:\/\/demeas.rs\/straumann\/wp-content\/uploads\/sites\/2\/2020\/07\/Bone.png\" alt=\"\"><\/div><div class=\"icon_text_holder\" style=\"\"><div class=\"icon_text_inner\" style=\"\"><h4 class=\"icon_title\" style=\"\">Oseointegracija<\/h4><p style=''>Visok stepen predvidivosti, kra\u0107e vreme terapije i pobolj\u0161ana regeneracija kosti \u010dak i u kompromitovanim slu\u010dejavima zahvaljuju\u0107i SLActive\u00ae povr\u0161ini.<\/p><\/div><\/div><\/div>[vc_empty_space]<div class='q_icon_with_title medium custom_icon_image '><div class=\"icon_holder \" style=\" \"><img decoding=\"async\" src=\"https:\/\/demeas.rs\/straumann\/wp-content\/uploads\/sites\/2\/2020\/07\/Muscle.png\" alt=\"\"><\/div><div class=\"icon_text_holder\" style=\"\"><div class=\"icon_text_inner\" style=\"\"><h4 class=\"icon_title\" style=\"\">Snaga<\/h4><p style=''>Smanjena invazivnost postupka zahvaljuju\u0107i manjim implantatima sa na\u0161im Roxolid\u00ae materijalom visokih performansi.<\/p><\/div><\/div><\/div>[vc_empty_space]<div class='q_icon_with_title medium custom_icon_image '><div class=\"icon_holder \" style=\" \"><img decoding=\"async\" src=\"https:\/\/demeas.rs\/straumann\/wp-content\/uploads\/sites\/2\/2020\/07\/BLX-Beyond-Immediacy-Limegreen.png\" alt=\"\"><\/div><div class=\"icon_text_holder\" style=\"\"><div class=\"icon_text_inner\" style=\"\"><h4 class=\"icon_title\" style=\"\">Efikasnost<\/h4><p style=''>Pojednostavljen i efikasniji tretman.<\/p><\/div><\/div><\/div>[vc_empty_space]<div class='q_icon_with_title medium custom_icon_image '><div class=\"icon_holder \" style=\" \"><img decoding=\"async\" src=\"https:\/\/demeas.rs\/straumann\/wp-content\/uploads\/sites\/2\/2020\/07\/Thumbs-up-Limegreen.png\" alt=\"\"><\/div><div class=\"icon_text_holder\" style=\"\"><div class=\"icon_text_inner\" style=\"\"><h4 class=\"icon_title\" style=\"\">Rukovanje<\/h4><p style=''>Fleksibilnost i pouzdanost zahvaljuju\u0107i synOcta\u00ae konekciji. Lak\u0161e rukovanje sa na\u0161im Loxim\u2122 prenosnikom.<\/p><\/div><\/div><\/div>[vc_empty_space]<div class='q_icon_with_title medium custom_icon_image '><div class=\"icon_holder \" style=\" \"><img decoding=\"async\" src=\"https:\/\/demeas.rs\/straumann\/wp-content\/uploads\/sites\/2\/2020\/07\/Hygiene-Limegreen.png\" alt=\"\"><\/div><div class=\"icon_text_holder\" style=\"\"><div class=\"icon_text_inner\" style=\"\"><h4 class=\"icon_title\" style=\"\">Higijena<\/h4><p style=''>Znatno olak\u0161ana zahvaljuju\u0107i protetskoj margini u nivou mekih tkiva.<\/p><\/div><\/div><\/div>[vc_empty_space]<div class='q_icon_with_title medium custom_icon_image '><div class=\"icon_holder \" style=\" \"><img decoding=\"async\" src=\"https:\/\/demeas.rs\/straumann\/wp-content\/uploads\/sites\/2\/2020\/07\/Guided-Surgery.png\" alt=\"\"><\/div><div class=\"icon_text_holder\" style=\"\"><div class=\"icon_text_inner\" style=\"\"><h4 class=\"icon_title\" style=\"\">Vo\u0111ena hirurgija<\/h4><p style=''>Tako\u0111e omogu\u0107ena vo\u0111ena hirurgija.<\/p><\/div><\/div><\/div>[vc_empty_space]<div class='q_icon_with_title medium custom_icon_image '><div class=\"icon_holder \" style=\" \"><img decoding=\"async\" src=\"https:\/\/demeas.rs\/straumann\/wp-content\/uploads\/sites\/2\/2020\/07\/Smile-Limegreen.png\" alt=\"\"><\/div><div class=\"icon_text_holder\" style=\"\"><div class=\"icon_text_inner\" style=\"\"><h4 class=\"icon_title\" style=\"\">Estetika<\/h4><p style=''>Profil koji olak\u0161ava menad\u017ement mekih tkiva.<\/p><\/div><\/div><\/div>[vc_empty_space][vc_empty_space][\/vc_column][\/vc_row][vc_row css_animation=&#8221;&#8221; row_type=&#8221;row&#8221; use_row_as_full_screen_section=&#8221;no&#8221; type=&#8221;full_width&#8221; angled_section=&#8221;no&#8221; text_align=&#8221;left&#8221; background_image_as_pattern=&#8221;without_pattern&#8221; z_index=&#8221;&#8221; background_color=&#8221;#7aad36&#8243; padding_top=&#8221;30px&#8221; padding_bottom=&#8221;30px&#8221;][vc_column][vc_row_inner row_type=&#8221;row&#8221; type=&#8221;grid&#8221; text_align=&#8221;left&#8221; css_animation=&#8221;&#8221;][vc_column_inner width=&#8221;1\/2&#8243;][vc_empty_space height=&#8221;132px&#8221;][vc_column_text]<\/p>\n<h2><span style=\"color: #ffffff\">Straumann\u00ae Standard Plus Implantat<\/span><\/h2>\n<h3><span style=\"color: #ffffff\">Fleksibilno re\u0161enje za vi\u0161e opcija.<\/span><\/h3>\n<p><span style=\"color: #ffffff\">Straumann\u00ae\u00a0Standard Plus\u00a0implantat, ugra\u0111uje se u nivou mekih tkiva. Svojim poliranim vratnim delom od 1.8mm omogu\u0107ava optimalan menad\u017ement mekih tkiva. Ovaj cilindri\u010dni implantat dostupan je u dimenzijama pre\u010dnika 3.3mm, 4.1mm i 4.8mm sa razli\u010ditim promerom vratnog dela: (RN) \u00d84.8mm, (WN) \u00d86.5mm.<\/span><\/p>\n<p><span style=\"color: #ffffff\">Nova generacija Standard Plus implantata nudi kombinaciju: Roxolid\u00ae\u00a0materijala,\u00a0SLActive\u00ae\u00a0povr\u0161ine, SynOcta\u00ae konekcije, Loxim\u00ae prenosnika, kao i \u0161irok protetski izbor re\u0161enja.<\/span>[\/vc_column_text][vc_empty_space height=&#8221;72px&#8221;]<a  itemprop=\"url\" href=\"https:\/\/demeas.rs\/contact-us\/\" target=\"_self\" data-hover-background-color=\"#ffffff\" data-hover-color=\"#262626\" class=\"qbutton  big_large center default\" style=\"color: #ffffff; background-color:#262626;\">Kontaktirajte nas<i class=\"qode_icon_font_awesome fa fa-envelope qode_button_icon_element\" style=\"color: #ffffff\"><\/i><\/a>[\/vc_column_inner][vc_column_inner width=&#8221;1\/2&#8243;][vc_single_image image=&#8221;118&#8243; img_size=&#8221;large&#8221; qode_css_animation=&#8221;&#8221;][\/vc_column_inner][\/vc_row_inner][\/vc_column][\/vc_row]<\/p>\n<\/div>","protected":false},"excerpt":{"rendered":"<p>[vc_row row_type=&#8221;parallax&#8221; parallax_content_width=&#8221;full_width&#8221; text_align=&#8221;center&#8221; full_screen_section_height=&#8221;no&#8221; background_image=&#8221;130&#8243; css=&#8221;.vc_custom_1594742340033{padding-top: 200px !important;padding-bottom: 200px !important;}&#8221;][vc_column][vc_empty_space height=&#8221;12px&#8221; css=&#8221;.vc_custom_1594140581359{background-color: #262626 !important;}&#8221;][vc_row_inner row_type=&#8221;row&#8221; type=&#8221;grid&#8221; text_align=&#8221;left&#8221; css_animation=&#8221;&#8221; background_color=&#8221;#ffffff&#8221;][vc_column_inner width=&#8221;2\/3&#8243;][vc_empty_space][vc_empty_space][vc_column_text] Straumann\u00ae Tissue Level Implantati Ikona implantologije. Dizajnirana za jednofaznu hirurgiju kako bi pojednostavila proces i redukovala komleksnost tretmana, ova linija implantata ide korak dalje&#8230;.<\/p>\n","protected":false},"author":1,"featured_media":0,"parent":0,"menu_order":0,"comment_status":"closed","ping_status":"closed","template":"full_width.php","meta":{"footnotes":""},"class_list":["post-29","page","type-page","status-publish","hentry"],"yoast_head":"<!-- This site is optimized with the Yoast SEO plugin v27.2 - https:\/\/yoast.com\/product\/yoast-seo-wordpress\/ -->\n<title>Standard Plus - Straumann<\/title>\n<meta name=\"robots\" content=\"index, follow, max-snippet:-1, max-image-preview:large, max-video-preview:-1\" \/>\n<link rel=\"canonical\" href=\"https:\/\/demeas.rs\/straumann\/sp\/\" \/>\n<meta property=\"og:locale\" content=\"en_US\" \/>\n<meta property=\"og:type\" content=\"article\" \/>\n<meta property=\"og:title\" content=\"Standard Plus - Straumann\" \/>\n<meta property=\"og:description\" content=\"[vc_row row_type=&#8221;parallax&#8221; parallax_content_width=&#8221;full_width&#8221; text_align=&#8221;center&#8221; full_screen_section_height=&#8221;no&#8221; background_image=&#8221;130&#8243; css=&#8221;.vc_custom_1594742340033{padding-top: 200px !important;padding-bottom: 200px !important;}&#8221;][vc_column][vc_empty_space height=&#8221;12px&#8221; css=&#8221;.vc_custom_1594140581359{background-color: #262626 !important;}&#8221;][vc_row_inner row_type=&#8221;row&#8221; type=&#8221;grid&#8221; text_align=&#8221;left&#8221; css_animation=&#8221;&#8221; background_color=&#8221;#ffffff&#8221;][vc_column_inner width=&#8221;2\/3&#8243;][vc_empty_space][vc_empty_space][vc_column_text] Straumann\u00ae Tissue Level Implantati Ikona implantologije. Dizajnirana za jednofaznu hirurgiju kako bi pojednostavila proces i redukovala komleksnost tretmana, ova linija implantata ide korak dalje....\" \/>\n<meta property=\"og:url\" content=\"https:\/\/demeas.rs\/straumann\/sp\/\" \/>\n<meta property=\"og:site_name\" content=\"Straumann\" \/>\n<meta property=\"article:modified_time\" content=\"2020-08-10T14:28:14+00:00\" \/>\n<meta name=\"twitter:card\" content=\"summary_large_image\" \/>\n<meta name=\"twitter:label1\" content=\"Est. reading time\" \/>\n\t<meta name=\"twitter:data1\" content=\"5 minutes\" \/>\n<script type=\"application\/ld+json\" class=\"yoast-schema-graph\">{\"@context\":\"https:\/\/schema.org\",\"@graph\":[{\"@type\":\"WebPage\",\"@id\":\"https:\/\/demeas.rs\/straumann\/sp\/\",\"url\":\"https:\/\/demeas.rs\/straumann\/sp\/\",\"name\":\"Standard Plus - Straumann\",\"isPartOf\":{\"@id\":\"https:\/\/demeas.rs\/straumann\/#website\"},\"datePublished\":\"2020-07-01T17:00:48+00:00\",\"dateModified\":\"2020-08-10T14:28:14+00:00\",\"breadcrumb\":{\"@id\":\"https:\/\/demeas.rs\/straumann\/sp\/#breadcrumb\"},\"inLanguage\":\"en-US\",\"potentialAction\":[{\"@type\":\"ReadAction\",\"target\":[\"https:\/\/demeas.rs\/straumann\/sp\/\"]}]},{\"@type\":\"BreadcrumbList\",\"@id\":\"https:\/\/demeas.rs\/straumann\/sp\/#breadcrumb\",\"itemListElement\":[{\"@type\":\"ListItem\",\"position\":1,\"name\":\"Home\",\"item\":\"https:\/\/demeas.rs\/straumann\/\"},{\"@type\":\"ListItem\",\"position\":2,\"name\":\"Standard Plus\"}]},{\"@type\":\"WebSite\",\"@id\":\"https:\/\/demeas.rs\/straumann\/#website\",\"url\":\"https:\/\/demeas.rs\/straumann\/\",\"name\":\"Straumann\",\"description\":\"Just another Swissdent site\",\"publisher\":{\"@id\":\"https:\/\/demeas.rs\/straumann\/#organization\"},\"potentialAction\":[{\"@type\":\"SearchAction\",\"target\":{\"@type\":\"EntryPoint\",\"urlTemplate\":\"https:\/\/demeas.rs\/straumann\/?s={search_term_string}\"},\"query-input\":{\"@type\":\"PropertyValueSpecification\",\"valueRequired\":true,\"valueName\":\"search_term_string\"}}],\"inLanguage\":\"en-US\"},{\"@type\":\"Organization\",\"@id\":\"https:\/\/demeas.rs\/straumann\/#organization\",\"name\":\"Demeas - Straumann\",\"url\":\"https:\/\/demeas.rs\/straumann\/\",\"logo\":{\"@type\":\"ImageObject\",\"inLanguage\":\"en-US\",\"@id\":\"https:\/\/demeas.rs\/straumann\/#\/schema\/logo\/image\/\",\"url\":\"https:\/\/demeas.rs\/straumann\/wp-content\/uploads\/sites\/2\/2020\/07\/str-logo.png\",\"contentUrl\":\"https:\/\/demeas.rs\/straumann\/wp-content\/uploads\/sites\/2\/2020\/07\/str-logo.png\",\"width\":227,\"height\":84,\"caption\":\"Demeas - Straumann\"},\"image\":{\"@id\":\"https:\/\/demeas.rs\/straumann\/#\/schema\/logo\/image\/\"}}]}<\/script>\n<!-- \/ Yoast SEO plugin. -->","yoast_head_json":{"title":"Standard Plus - Straumann","robots":{"index":"index","follow":"follow","max-snippet":"max-snippet:-1","max-image-preview":"max-image-preview:large","max-video-preview":"max-video-preview:-1"},"canonical":"https:\/\/demeas.rs\/straumann\/sp\/","og_locale":"en_US","og_type":"article","og_title":"Standard Plus - Straumann","og_description":"[vc_row row_type=&#8221;parallax&#8221; parallax_content_width=&#8221;full_width&#8221; text_align=&#8221;center&#8221; full_screen_section_height=&#8221;no&#8221; background_image=&#8221;130&#8243; css=&#8221;.vc_custom_1594742340033{padding-top: 200px !important;padding-bottom: 200px !important;}&#8221;][vc_column][vc_empty_space height=&#8221;12px&#8221; css=&#8221;.vc_custom_1594140581359{background-color: #262626 !important;}&#8221;][vc_row_inner row_type=&#8221;row&#8221; type=&#8221;grid&#8221; text_align=&#8221;left&#8221; css_animation=&#8221;&#8221; background_color=&#8221;#ffffff&#8221;][vc_column_inner width=&#8221;2\/3&#8243;][vc_empty_space][vc_empty_space][vc_column_text] Straumann\u00ae Tissue Level Implantati Ikona implantologije. Dizajnirana za jednofaznu hirurgiju kako bi pojednostavila proces i redukovala komleksnost tretmana, ova linija implantata ide korak dalje....","og_url":"https:\/\/demeas.rs\/straumann\/sp\/","og_site_name":"Straumann","article_modified_time":"2020-08-10T14:28:14+00:00","twitter_card":"summary_large_image","twitter_misc":{"Est. reading time":"5 minutes"},"schema":{"@context":"https:\/\/schema.org","@graph":[{"@type":"WebPage","@id":"https:\/\/demeas.rs\/straumann\/sp\/","url":"https:\/\/demeas.rs\/straumann\/sp\/","name":"Standard Plus - Straumann","isPartOf":{"@id":"https:\/\/demeas.rs\/straumann\/#website"},"datePublished":"2020-07-01T17:00:48+00:00","dateModified":"2020-08-10T14:28:14+00:00","breadcrumb":{"@id":"https:\/\/demeas.rs\/straumann\/sp\/#breadcrumb"},"inLanguage":"en-US","potentialAction":[{"@type":"ReadAction","target":["https:\/\/demeas.rs\/straumann\/sp\/"]}]},{"@type":"BreadcrumbList","@id":"https:\/\/demeas.rs\/straumann\/sp\/#breadcrumb","itemListElement":[{"@type":"ListItem","position":1,"name":"Home","item":"https:\/\/demeas.rs\/straumann\/"},{"@type":"ListItem","position":2,"name":"Standard Plus"}]},{"@type":"WebSite","@id":"https:\/\/demeas.rs\/straumann\/#website","url":"https:\/\/demeas.rs\/straumann\/","name":"Straumann","description":"Just another Swissdent site","publisher":{"@id":"https:\/\/demeas.rs\/straumann\/#organization"},"potentialAction":[{"@type":"SearchAction","target":{"@type":"EntryPoint","urlTemplate":"https:\/\/demeas.rs\/straumann\/?s={search_term_string}"},"query-input":{"@type":"PropertyValueSpecification","valueRequired":true,"valueName":"search_term_string"}}],"inLanguage":"en-US"},{"@type":"Organization","@id":"https:\/\/demeas.rs\/straumann\/#organization","name":"Demeas - Straumann","url":"https:\/\/demeas.rs\/straumann\/","logo":{"@type":"ImageObject","inLanguage":"en-US","@id":"https:\/\/demeas.rs\/straumann\/#\/schema\/logo\/image\/","url":"https:\/\/demeas.rs\/straumann\/wp-content\/uploads\/sites\/2\/2020\/07\/str-logo.png","contentUrl":"https:\/\/demeas.rs\/straumann\/wp-content\/uploads\/sites\/2\/2020\/07\/str-logo.png","width":227,"height":84,"caption":"Demeas - Straumann"},"image":{"@id":"https:\/\/demeas.rs\/straumann\/#\/schema\/logo\/image\/"}}]}},"_links":{"self":[{"href":"https:\/\/demeas.rs\/straumann\/wp-json\/wp\/v2\/pages\/29","targetHints":{"allow":["GET"]}}],"collection":[{"href":"https:\/\/demeas.rs\/straumann\/wp-json\/wp\/v2\/pages"}],"about":[{"href":"https:\/\/demeas.rs\/straumann\/wp-json\/wp\/v2\/types\/page"}],"author":[{"embeddable":true,"href":"https:\/\/demeas.rs\/straumann\/wp-json\/wp\/v2\/users\/1"}],"replies":[{"embeddable":true,"href":"https:\/\/demeas.rs\/straumann\/wp-json\/wp\/v2\/comments?post=29"}],"version-history":[{"count":7,"href":"https:\/\/demeas.rs\/straumann\/wp-json\/wp\/v2\/pages\/29\/revisions"}],"predecessor-version":[{"id":238,"href":"https:\/\/demeas.rs\/straumann\/wp-json\/wp\/v2\/pages\/29\/revisions\/238"}],"wp:attachment":[{"href":"https:\/\/demeas.rs\/straumann\/wp-json\/wp\/v2\/media?parent=29"}],"curies":[{"name":"wp","href":"https:\/\/api.w.org\/{rel}","templated":true}]}}