{"id":33,"date":"2020-07-01T17:01:35","date_gmt":"2020-07-01T17:01:35","guid":{"rendered":"https:\/\/demeas.rs\/straumann\/?page_id=33"},"modified":"2020-07-17T14:02:12","modified_gmt":"2020-07-17T14:02:12","slug":"pure-ceramic","status":"publish","type":"page","link":"https:\/\/demeas.rs\/straumann\/pure-ceramic\/","title":{"rendered":"Straumann\u00ae PURE Ceramic Implantolo\u0161ki Sistem"},"content":{"rendered":"<div class=\"wpb-content-wrapper\"><p>[vc_row row_type=&#8221;parallax&#8221; parallax_content_width=&#8221;full_width&#8221; text_align=&#8221;center&#8221; full_screen_section_height=&#8221;no&#8221; background_image=&#8221;160&#8243; css=&#8221;.vc_custom_1594993612847{padding-top: 200px !important;padding-bottom: 200px !important;}&#8221;][vc_column][vc_empty_space height=&#8221;12px&#8221; css=&#8221;.vc_custom_1594140581359{background-color: #262626 !important;}&#8221;][vc_row_inner row_type=&#8221;row&#8221; type=&#8221;grid&#8221; text_align=&#8221;left&#8221; css_animation=&#8221;&#8221; background_color=&#8221;#ffffff&#8221;][vc_column_inner width=&#8221;2\/3&#8243;][vc_empty_space][vc_empty_space][vc_column_text]<\/p>\n<h2>Straumann\u00ae PURE Ceramic Monotype\u00a0Implantat<\/h2>\n<p>&nbsp;<\/p>\n<p><strong>Vi\u0161e od \u010cISTE estetike. Bezmetalno re\u0161enje za prirodan izgled.<\/strong><\/p>\n<p>&nbsp;<\/p>\n<p><strong>Straumann\u00ae PURE Ceramic Monotype<\/strong> je jednodelni \u00a0implantat zasnovan na proverenim karakteristikama Standard Plus i Bone Level implantata. Pored standardnog, naj\u010de\u0161\u0107e kori\u0161\u0107enog dijametra od 4.1 mm, Pure Ceramic postoji i u varijanti od 3.3 mm sa razli\u010ditim du\u017einama implantata i razli\u010ditim visinama abatmenta.\u00a0Implantat manjeg dijametra poma\u017ee u uspe\u0161nom re\u0161avanju specifi\u010dnih situacija, naro\u010dito ako se radi o frontalnoj regiji.[\/vc_column_text][vc_empty_space][\/vc_column_inner][vc_column_inner width=&#8221;1\/3&#8243;][vc_empty_space][vc_empty_space][vc_single_image image=&#8221;155&#8243; img_size=&#8221;full&#8221; onclick=&#8221;link_image&#8221; qode_css_animation=&#8221;&#8221;][vc_empty_space][\/vc_column_inner][\/vc_row_inner][vc_row_inner row_type=&#8221;row&#8221; type=&#8221;grid&#8221; text_align=&#8221;left&#8221; css_animation=&#8221;&#8221; background_color=&#8221;#ffffff&#8221;][vc_column_inner width=&#8221;2\/3&#8243;][vc_empty_space][vc_empty_space][vc_column_text]<\/p>\n<h2>Straumann\u00ae PURE Ceramic Dvodelni Implantat<\/h2>\n<p>&nbsp;<\/p>\n<p><strong>Fleksibilno dvodelno re\u0161enje za prirodan izgled.<\/strong><\/p>\n<p>&nbsp;<\/p>\n<p><strong>Straumann\u00ae PURE Ceramic Implantat<\/strong> ima dvodelni dizajn zasnovan na karakteristikama Standard Plus i Bone Level implantata. Njegova unutra\u0161nja konekcija sa odgovaraju\u0107im protetskim re\u0161enjima objedinjuje pouzdanost Straumann\u00ae performansi i visoke estetske rezultate. Dostupan je u razli\u010ditim du\u017einama od 8 do 14 mm, dijametra 4.1 mm.[\/vc_column_text][vc_empty_space][\/vc_column_inner][vc_column_inner width=&#8221;1\/3&#8243;][vc_empty_space][vc_empty_space][vc_single_image image=&#8221;156&#8243; img_size=&#8221;full&#8221; onclick=&#8221;link_image&#8221; qode_css_animation=&#8221;&#8221;][vc_empty_space][\/vc_column_inner][\/vc_row_inner][vc_empty_space height=&#8221;300px&#8221;][\/vc_column][\/vc_row][vc_row css_animation=&#8221;&#8221; row_type=&#8221;row&#8221; use_row_as_full_screen_section=&#8221;no&#8221; type=&#8221;grid&#8221; angled_section=&#8221;no&#8221; text_align=&#8221;left&#8221; background_image_as_pattern=&#8221;without_pattern&#8221; z_index=&#8221;&#8221;][vc_column width=&#8221;1\/3&#8243;][vc_empty_space][vc_single_image image=&#8221;157&#8243; img_size=&#8221;full&#8221; onclick=&#8221;link_image&#8221; qode_css_animation=&#8221;&#8221;][vc_single_image image=&#8221;158&#8243; img_size=&#8221;full&#8221; onclick=&#8221;link_image&#8221; qode_css_animation=&#8221;&#8221;][\/vc_column][vc_column css_animation=&#8221;none&#8221; width=&#8221;2\/3&#8243;][vc_empty_space][vc_empty_space]<div class='q_icon_with_title medium custom_icon_image '><div class=\"icon_holder \" style=\" \"><img decoding=\"async\" src=\"https:\/\/demeas.rs\/straumann\/wp-content\/uploads\/sites\/2\/2020\/07\/Smile-Limegreen.png\" alt=\"\"><\/div><div class=\"icon_text_holder\" style=\"\"><div class=\"icon_text_inner\" style=\"\"><h4 class=\"icon_title\" style=\"\">Estetika<\/h4><p style=''>Vrhinski estetski rezultati, pogodan menad\u017ement mekih tkiva.<\/p><\/div><\/div><\/div>[vc_empty_space]<div class='q_icon_with_title medium custom_icon_image '><div class=\"icon_holder \" style=\" \"><img decoding=\"async\" src=\"https:\/\/demeas.rs\/straumann\/wp-content\/uploads\/sites\/2\/2020\/07\/Quality-Limegreen-1.png\" alt=\"\"><\/div><div class=\"icon_text_holder\" style=\"\"><div class=\"icon_text_inner\" style=\"\"><h4 class=\"icon_title\" style=\"\">Kvalitet<\/h4><p style=''>Cirkonijum visokih performansi, 100% dokazan kvalitet.<\/p><\/div><\/div><\/div>[vc_empty_space]<div class='q_icon_with_title medium custom_icon_image '><div class=\"icon_holder \" style=\" \"><img decoding=\"async\" src=\"https:\/\/demeas.rs\/straumann\/wp-content\/uploads\/sites\/2\/2020\/07\/Material-Structure-Limegreen.png\" alt=\"\"><\/div><div class=\"icon_text_holder\" style=\"\"><div class=\"icon_text_inner\" style=\"\"><h4 class=\"icon_title\" style=\"\">Povr\u0161ina<\/h4><p style=''>ZLA\u00ae povr\u0161ina sa revolucionarnim karakteristikama.<\/p><\/div><\/div><\/div>[vc_empty_space]<div class='q_icon_with_title medium custom_icon_image '><div class=\"icon_holder \" style=\" \"><img decoding=\"async\" src=\"https:\/\/demeas.rs\/straumann\/wp-content\/uploads\/sites\/2\/2020\/07\/Flexibility-Limegreen.png\" alt=\"\"><\/div><div class=\"icon_text_holder\" style=\"\"><div class=\"icon_text_inner\" style=\"\"><h4 class=\"icon_title\" style=\"\">Fleksibilnost<\/h4><p style=''>Fleksibilni protokoli, digitalno pre-operativno planiranje.<\/p><\/div><\/div><\/div>[vc_empty_space]<div class='q_icon_with_title medium custom_icon_image '><div class=\"icon_holder \" style=\" \"><img decoding=\"async\" src=\"https:\/\/demeas.rs\/straumann\/wp-content\/uploads\/sites\/2\/2020\/07\/CB_Icon_Create-opportunities-Limegreen.png\" alt=\"\"><\/div><div class=\"icon_text_holder\" style=\"\"><div class=\"icon_text_inner\" style=\"\"><h4 class=\"icon_title\" style=\"\">Inovacija<\/h4><p style=''>Novi sistem koji vam omogu\u0107ava da prove\u0107ate broj pacijenata.<\/p><\/div><\/div><\/div>[vc_empty_space]<div class='q_icon_with_title medium custom_icon_image '><div class=\"icon_holder \" style=\" \"><img decoding=\"async\" src=\"https:\/\/demeas.rs\/straumann\/wp-content\/uploads\/sites\/2\/2020\/07\/Metal-Free-Limegreen.png\" alt=\"\"><\/div><div class=\"icon_text_holder\" style=\"\"><div class=\"icon_text_inner\" style=\"\"><h4 class=\"icon_title\" style=\"\">Bez metala<\/h4><p style=''>Bezmetalna alternativa titanijumskim implantatima.<\/p><\/div><\/div><\/div>[vc_empty_space]<div class='q_icon_with_title medium custom_icon_image '><div class=\"icon_holder \" style=\" \"><img decoding=\"async\" src=\"https:\/\/demeas.rs\/straumann\/wp-content\/uploads\/sites\/2\/2020\/07\/BLX-Esthetic-Ease-Limegreen.png\" alt=\"\"><\/div><div class=\"icon_text_holder\" style=\"\"><div class=\"icon_text_inner\" style=\"\"><h4 class=\"icon_title\" style=\"\">Fokus<\/h4><p style=''>Restauracije u estetskoj regiji: Omogu\u0107ite svojim pacijentima da u\u017eivaju u \u017eivota sa lepim osmehom.<\/p><\/div><\/div><\/div>[vc_empty_space]<div class='q_icon_with_title medium custom_icon_image '><div class=\"icon_holder \" style=\" \"><img decoding=\"async\" src=\"https:\/\/demeas.rs\/straumann\/wp-content\/uploads\/sites\/2\/2020\/07\/Guarantee-Limegreen.png\" alt=\"\"><\/div><div class=\"icon_text_holder\" style=\"\"><div class=\"icon_text_inner\" style=\"\"><h4 class=\"icon_title\" style=\"\">Straumann\u00ae do\u017eivotna garancija<\/h4><p style=''>Za va\u0161 spokoj<\/p><\/div><\/div><\/div>[vc_empty_space][vc_empty_space][\/vc_column][\/vc_row][vc_row css_animation=&#8221;&#8221; row_type=&#8221;row&#8221; use_row_as_full_screen_section=&#8221;no&#8221; type=&#8221;full_width&#8221; angled_section=&#8221;no&#8221; text_align=&#8221;left&#8221; background_image_as_pattern=&#8221;without_pattern&#8221; z_index=&#8221;&#8221; background_color=&#8221;#7aad36&#8243; padding_top=&#8221;30px&#8221; padding_bottom=&#8221;30px&#8221;][vc_column][vc_row_inner row_type=&#8221;row&#8221; type=&#8221;grid&#8221; text_align=&#8221;left&#8221; css_animation=&#8221;&#8221;][vc_column_inner width=&#8221;1\/2&#8243;][vc_empty_space height=&#8221;72px&#8221;][vc_column_text]<\/p>\n<h3><span style=\"color: #ffffff;\">Otkrijte prirodno \u010distu belinu.<br \/>\nVolite svoj osmeh.<\/span><\/h3>\n<p><span style=\"color: #ffffff;\">Ne postoji ni\u0161ta lep\u0161e od vedrog i sre\u0107nog osmeha. Sa PURE Ceramic implantolo\u0161kim sistemom \u010dak i va\u0161i vrlo zahtevni pacijenti mogu se smejati sa velikim samopouzdanjem. Beskompromisan kada su u pitanju estetika, pouzdanost i najprirodniji izbor materijala, PURE Ceramic sistem je rezultat 12 godina dugog, neumornog istra\u017eivanja i razvoja kako bi se zadovoljili najvi\u0161i standardi premijum kvaliteta. Ovaj sistem kombinuje \u0161vajcarski kvalitet, preciznost, snagu i klini\u010dki uspeh kod inovativnih re\u0161enja pri \u010demu vam omogu\u0107uje da iza\u0111ete u susret potrebama pacijenata.<\/span>[\/vc_column_text][vc_empty_space height=&#8221;72px&#8221;]<a  itemprop=\"url\" href=\"https:\/\/demeas.rs\/contact-us\/\" target=\"_self\" data-hover-background-color=\"#ffffff\" data-hover-color=\"#262626\" class=\"qbutton  big_large center default\" style=\"color: #ffffff; background-color:#262626;\">Kontaktirajte nas<i class=\"qode_icon_font_awesome fa fa-envelope qode_button_icon_element\" style=\"color: #ffffff\"><\/i><\/a>[vc_empty_space height=&#8221;72px&#8221;][\/vc_column_inner][vc_column_inner width=&#8221;1\/2&#8243;][vc_empty_space][vc_single_image image=&#8221;81&#8243; img_size=&#8221;large&#8221; qode_css_animation=&#8221;&#8221;][\/vc_column_inner][\/vc_row_inner][\/vc_column][\/vc_row]<\/p>\n<\/div>","protected":false},"excerpt":{"rendered":"<p>[vc_row row_type=&#8221;parallax&#8221; parallax_content_width=&#8221;full_width&#8221; text_align=&#8221;center&#8221; full_screen_section_height=&#8221;no&#8221; background_image=&#8221;160&#8243; css=&#8221;.vc_custom_1594993612847{padding-top: 200px !important;padding-bottom: 200px !important;}&#8221;][vc_column][vc_empty_space height=&#8221;12px&#8221; css=&#8221;.vc_custom_1594140581359{background-color: #262626 !important;}&#8221;][vc_row_inner row_type=&#8221;row&#8221; type=&#8221;grid&#8221; text_align=&#8221;left&#8221; css_animation=&#8221;&#8221; background_color=&#8221;#ffffff&#8221;][vc_column_inner width=&#8221;2\/3&#8243;][vc_empty_space][vc_empty_space][vc_column_text] Straumann\u00ae PURE Ceramic Monotype\u00a0Implantat &nbsp; Vi\u0161e od \u010cISTE estetike. Bezmetalno re\u0161enje za prirodan izgled. &nbsp; Straumann\u00ae PURE Ceramic Monotype je jednodelni \u00a0implantat zasnovan na&#8230;<\/p>\n","protected":false},"author":1,"featured_media":0,"parent":0,"menu_order":0,"comment_status":"closed","ping_status":"closed","template":"full_width.php","meta":{"footnotes":""},"class_list":["post-33","page","type-page","status-publish","hentry"],"yoast_head":"<!-- This site is optimized with the Yoast SEO plugin v27.2 - https:\/\/yoast.com\/product\/yoast-seo-wordpress\/ -->\n<title>Straumann\u00ae PURE Ceramic Implantolo\u0161ki Sistem - Straumann<\/title>\n<meta name=\"robots\" content=\"index, follow, max-snippet:-1, max-image-preview:large, max-video-preview:-1\" \/>\n<link rel=\"canonical\" href=\"https:\/\/demeas.rs\/straumann\/pure-ceramic\/\" \/>\n<meta property=\"og:locale\" content=\"en_US\" \/>\n<meta property=\"og:type\" content=\"article\" \/>\n<meta property=\"og:title\" content=\"Straumann\u00ae PURE Ceramic Implantolo\u0161ki Sistem - Straumann\" \/>\n<meta property=\"og:description\" content=\"[vc_row row_type=&#8221;parallax&#8221; parallax_content_width=&#8221;full_width&#8221; text_align=&#8221;center&#8221; full_screen_section_height=&#8221;no&#8221; background_image=&#8221;160&#8243; css=&#8221;.vc_custom_1594993612847{padding-top: 200px !important;padding-bottom: 200px !important;}&#8221;][vc_column][vc_empty_space height=&#8221;12px&#8221; css=&#8221;.vc_custom_1594140581359{background-color: #262626 !important;}&#8221;][vc_row_inner row_type=&#8221;row&#8221; type=&#8221;grid&#8221; text_align=&#8221;left&#8221; css_animation=&#8221;&#8221; background_color=&#8221;#ffffff&#8221;][vc_column_inner width=&#8221;2\/3&#8243;][vc_empty_space][vc_empty_space][vc_column_text] Straumann\u00ae PURE Ceramic Monotype\u00a0Implantat &nbsp; Vi\u0161e od \u010cISTE estetike. Bezmetalno re\u0161enje za prirodan izgled. &nbsp; Straumann\u00ae PURE Ceramic Monotype je jednodelni \u00a0implantat zasnovan na...\" \/>\n<meta property=\"og:url\" content=\"https:\/\/demeas.rs\/straumann\/pure-ceramic\/\" \/>\n<meta property=\"og:site_name\" content=\"Straumann\" \/>\n<meta property=\"article:modified_time\" content=\"2020-07-17T14:02:12+00:00\" \/>\n<meta name=\"twitter:card\" content=\"summary_large_image\" \/>\n<meta name=\"twitter:label1\" content=\"Est. reading time\" \/>\n\t<meta name=\"twitter:data1\" content=\"5 minutes\" \/>\n<script type=\"application\/ld+json\" class=\"yoast-schema-graph\">{\"@context\":\"https:\/\/schema.org\",\"@graph\":[{\"@type\":\"WebPage\",\"@id\":\"https:\/\/demeas.rs\/straumann\/pure-ceramic\/\",\"url\":\"https:\/\/demeas.rs\/straumann\/pure-ceramic\/\",\"name\":\"Straumann\u00ae PURE Ceramic Implantolo\u0161ki Sistem - Straumann\",\"isPartOf\":{\"@id\":\"https:\/\/demeas.rs\/straumann\/#website\"},\"datePublished\":\"2020-07-01T17:01:35+00:00\",\"dateModified\":\"2020-07-17T14:02:12+00:00\",\"breadcrumb\":{\"@id\":\"https:\/\/demeas.rs\/straumann\/pure-ceramic\/#breadcrumb\"},\"inLanguage\":\"en-US\",\"potentialAction\":[{\"@type\":\"ReadAction\",\"target\":[\"https:\/\/demeas.rs\/straumann\/pure-ceramic\/\"]}]},{\"@type\":\"BreadcrumbList\",\"@id\":\"https:\/\/demeas.rs\/straumann\/pure-ceramic\/#breadcrumb\",\"itemListElement\":[{\"@type\":\"ListItem\",\"position\":1,\"name\":\"Home\",\"item\":\"https:\/\/demeas.rs\/straumann\/\"},{\"@type\":\"ListItem\",\"position\":2,\"name\":\"Straumann\u00ae PURE Ceramic Implantolo\u0161ki Sistem\"}]},{\"@type\":\"WebSite\",\"@id\":\"https:\/\/demeas.rs\/straumann\/#website\",\"url\":\"https:\/\/demeas.rs\/straumann\/\",\"name\":\"Straumann\",\"description\":\"Just another Swissdent site\",\"publisher\":{\"@id\":\"https:\/\/demeas.rs\/straumann\/#organization\"},\"potentialAction\":[{\"@type\":\"SearchAction\",\"target\":{\"@type\":\"EntryPoint\",\"urlTemplate\":\"https:\/\/demeas.rs\/straumann\/?s={search_term_string}\"},\"query-input\":{\"@type\":\"PropertyValueSpecification\",\"valueRequired\":true,\"valueName\":\"search_term_string\"}}],\"inLanguage\":\"en-US\"},{\"@type\":\"Organization\",\"@id\":\"https:\/\/demeas.rs\/straumann\/#organization\",\"name\":\"Demeas - Straumann\",\"url\":\"https:\/\/demeas.rs\/straumann\/\",\"logo\":{\"@type\":\"ImageObject\",\"inLanguage\":\"en-US\",\"@id\":\"https:\/\/demeas.rs\/straumann\/#\/schema\/logo\/image\/\",\"url\":\"https:\/\/demeas.rs\/straumann\/wp-content\/uploads\/sites\/2\/2020\/07\/str-logo.png\",\"contentUrl\":\"https:\/\/demeas.rs\/straumann\/wp-content\/uploads\/sites\/2\/2020\/07\/str-logo.png\",\"width\":227,\"height\":84,\"caption\":\"Demeas - Straumann\"},\"image\":{\"@id\":\"https:\/\/demeas.rs\/straumann\/#\/schema\/logo\/image\/\"}}]}<\/script>\n<!-- \/ Yoast SEO plugin. -->","yoast_head_json":{"title":"Straumann\u00ae PURE Ceramic Implantolo\u0161ki Sistem - Straumann","robots":{"index":"index","follow":"follow","max-snippet":"max-snippet:-1","max-image-preview":"max-image-preview:large","max-video-preview":"max-video-preview:-1"},"canonical":"https:\/\/demeas.rs\/straumann\/pure-ceramic\/","og_locale":"en_US","og_type":"article","og_title":"Straumann\u00ae PURE Ceramic Implantolo\u0161ki Sistem - Straumann","og_description":"[vc_row row_type=&#8221;parallax&#8221; parallax_content_width=&#8221;full_width&#8221; text_align=&#8221;center&#8221; full_screen_section_height=&#8221;no&#8221; background_image=&#8221;160&#8243; css=&#8221;.vc_custom_1594993612847{padding-top: 200px !important;padding-bottom: 200px !important;}&#8221;][vc_column][vc_empty_space height=&#8221;12px&#8221; css=&#8221;.vc_custom_1594140581359{background-color: #262626 !important;}&#8221;][vc_row_inner row_type=&#8221;row&#8221; type=&#8221;grid&#8221; text_align=&#8221;left&#8221; css_animation=&#8221;&#8221; background_color=&#8221;#ffffff&#8221;][vc_column_inner width=&#8221;2\/3&#8243;][vc_empty_space][vc_empty_space][vc_column_text] Straumann\u00ae PURE Ceramic Monotype\u00a0Implantat &nbsp; Vi\u0161e od \u010cISTE estetike. Bezmetalno re\u0161enje za prirodan izgled. &nbsp; Straumann\u00ae PURE Ceramic Monotype je jednodelni \u00a0implantat zasnovan na...","og_url":"https:\/\/demeas.rs\/straumann\/pure-ceramic\/","og_site_name":"Straumann","article_modified_time":"2020-07-17T14:02:12+00:00","twitter_card":"summary_large_image","twitter_misc":{"Est. reading time":"5 minutes"},"schema":{"@context":"https:\/\/schema.org","@graph":[{"@type":"WebPage","@id":"https:\/\/demeas.rs\/straumann\/pure-ceramic\/","url":"https:\/\/demeas.rs\/straumann\/pure-ceramic\/","name":"Straumann\u00ae PURE Ceramic Implantolo\u0161ki Sistem - Straumann","isPartOf":{"@id":"https:\/\/demeas.rs\/straumann\/#website"},"datePublished":"2020-07-01T17:01:35+00:00","dateModified":"2020-07-17T14:02:12+00:00","breadcrumb":{"@id":"https:\/\/demeas.rs\/straumann\/pure-ceramic\/#breadcrumb"},"inLanguage":"en-US","potentialAction":[{"@type":"ReadAction","target":["https:\/\/demeas.rs\/straumann\/pure-ceramic\/"]}]},{"@type":"BreadcrumbList","@id":"https:\/\/demeas.rs\/straumann\/pure-ceramic\/#breadcrumb","itemListElement":[{"@type":"ListItem","position":1,"name":"Home","item":"https:\/\/demeas.rs\/straumann\/"},{"@type":"ListItem","position":2,"name":"Straumann\u00ae PURE Ceramic Implantolo\u0161ki Sistem"}]},{"@type":"WebSite","@id":"https:\/\/demeas.rs\/straumann\/#website","url":"https:\/\/demeas.rs\/straumann\/","name":"Straumann","description":"Just another Swissdent site","publisher":{"@id":"https:\/\/demeas.rs\/straumann\/#organization"},"potentialAction":[{"@type":"SearchAction","target":{"@type":"EntryPoint","urlTemplate":"https:\/\/demeas.rs\/straumann\/?s={search_term_string}"},"query-input":{"@type":"PropertyValueSpecification","valueRequired":true,"valueName":"search_term_string"}}],"inLanguage":"en-US"},{"@type":"Organization","@id":"https:\/\/demeas.rs\/straumann\/#organization","name":"Demeas - Straumann","url":"https:\/\/demeas.rs\/straumann\/","logo":{"@type":"ImageObject","inLanguage":"en-US","@id":"https:\/\/demeas.rs\/straumann\/#\/schema\/logo\/image\/","url":"https:\/\/demeas.rs\/straumann\/wp-content\/uploads\/sites\/2\/2020\/07\/str-logo.png","contentUrl":"https:\/\/demeas.rs\/straumann\/wp-content\/uploads\/sites\/2\/2020\/07\/str-logo.png","width":227,"height":84,"caption":"Demeas - Straumann"},"image":{"@id":"https:\/\/demeas.rs\/straumann\/#\/schema\/logo\/image\/"}}]}},"_links":{"self":[{"href":"https:\/\/demeas.rs\/straumann\/wp-json\/wp\/v2\/pages\/33","targetHints":{"allow":["GET"]}}],"collection":[{"href":"https:\/\/demeas.rs\/straumann\/wp-json\/wp\/v2\/pages"}],"about":[{"href":"https:\/\/demeas.rs\/straumann\/wp-json\/wp\/v2\/types\/page"}],"author":[{"embeddable":true,"href":"https:\/\/demeas.rs\/straumann\/wp-json\/wp\/v2\/users\/1"}],"replies":[{"embeddable":true,"href":"https:\/\/demeas.rs\/straumann\/wp-json\/wp\/v2\/comments?post=33"}],"version-history":[{"count":7,"href":"https:\/\/demeas.rs\/straumann\/wp-json\/wp\/v2\/pages\/33\/revisions"}],"predecessor-version":[{"id":171,"href":"https:\/\/demeas.rs\/straumann\/wp-json\/wp\/v2\/pages\/33\/revisions\/171"}],"wp:attachment":[{"href":"https:\/\/demeas.rs\/straumann\/wp-json\/wp\/v2\/media?parent=33"}],"curies":[{"name":"wp","href":"https:\/\/api.w.org\/{rel}","templated":true}]}}