{"id":37,"date":"2020-07-01T17:02:11","date_gmt":"2020-07-01T17:02:11","guid":{"rendered":"https:\/\/demeas.rs\/straumann\/?page_id=37"},"modified":"2020-07-13T15:54:46","modified_gmt":"2020-07-13T15:54:46","slug":"imedijatna-ugradnja","status":"publish","type":"page","link":"https:\/\/demeas.rs\/straumann\/imedijatna-ugradnja\/","title":{"rendered":"Imedijatna ugradnja"},"content":{"rendered":"<div class=\"wpb-content-wrapper\"><p>[vc_row css_animation=&#8221;&#8221; row_type=&#8221;row&#8221; use_row_as_full_screen_section=&#8221;no&#8221; type=&#8221;grid&#8221; angled_section=&#8221;no&#8221; text_align=&#8221;left&#8221; background_image_as_pattern=&#8221;without_pattern&#8221; z_index=&#8221;&#8221;][vc_column][vc_empty_space height=&#8221;52px&#8221;][vc_column_text]<\/p>\n<h2><strong>Straumann\u00ae ImmediaXy<\/strong><\/h2>\n<h2>Podi\u017eemo protokol imedijatne ugradnje na slede\u0107i nivo.<\/h2>\n<p>[\/vc_column_text][vc_empty_space height=&#8221;52px&#8221;][\/vc_column][\/vc_row][vc_row row_type=&#8221;parallax&#8221; parallax_content_width=&#8221;in_grid&#8221; text_align=&#8221;left&#8221; full_screen_section_height=&#8221;no&#8221; background_image=&#8221;113&#8243;][vc_column][vc_row_inner row_type=&#8221;row&#8221; type=&#8221;grid&#8221; text_align=&#8221;left&#8221; css_animation=&#8221;&#8221; css=&#8221;.vc_custom_1594655632974{padding-top: 250px !important;padding-bottom: 250px !important;}&#8221;][vc_column_inner][vc_column_text css=&#8221;.vc_custom_1594655665654{padding-top: 30px !important;padding-right: 20px !important;padding-bottom: 30px !important;padding-left: 20px !important;background-color: rgba(255,255,255,0.67) !important;*background-color: rgb(255,255,255) !important;}&#8221;]<\/p>\n<h6>Pove\u0107ana potreba pacijenata za \u0161to kra\u0107im vremenom le\u010denja, rastu\u0107i broj dokazanih studija na temu predvidivog dugor\u010dnog uspeha i pozitivnih efekata na produktivnost i razvoj u\u010dinili su protokol imedijatne ugradnje popularnim izborom u implantologiji.<\/h6>\n<p>&nbsp;<\/p>\n<p>&nbsp;<\/p>\n<h6>Podr\u017ean sopstvenim nau\u010dnim pristupom i izgradnjom zaostav\u0161tine inovacija, Strauman sada imedijatne protokole podi\u017ee na slede\u0107i nivo pouzdanosti i efikasnosti.<\/h6>\n<h6><\/h6>\n<p>&nbsp;<\/p>\n<h6>Straumann nudi ekosisiteme re\u0161enja koja su dizajnirana da omogu\u0107e stomatol\u0161kim stru\u010dnjacima da samouvereno i efikasno obezbede svojim pacijentima privremni rad u najkra\u0107em mogu\u0107em roku kada je to mogu\u0107e \u2013 odmah! Bez obzira da li se radi o jednom zubu, vi\u0161e zuba ili celoj vilici.<\/h6>\n<p>[\/vc_column_text][\/vc_column_inner][\/vc_row_inner][\/vc_column][\/vc_row][vc_row css_animation=&#8221;&#8221; row_type=&#8221;row&#8221; use_row_as_full_screen_section=&#8221;no&#8221; type=&#8221;grid&#8221; angled_section=&#8221;no&#8221; text_align=&#8221;left&#8221; background_image_as_pattern=&#8221;without_pattern&#8221; z_index=&#8221;&#8221;][vc_column][\/vc_column][\/vc_row]<\/p>\n<\/div>","protected":false},"excerpt":{"rendered":"<p>[vc_row css_animation=&#8221;&#8221; row_type=&#8221;row&#8221; use_row_as_full_screen_section=&#8221;no&#8221; type=&#8221;grid&#8221; angled_section=&#8221;no&#8221; text_align=&#8221;left&#8221; background_image_as_pattern=&#8221;without_pattern&#8221; z_index=&#8221;&#8221;][vc_column][vc_empty_space height=&#8221;52px&#8221;][vc_column_text] Straumann\u00ae ImmediaXy Podi\u017eemo protokol imedijatne ugradnje na slede\u0107i nivo. [\/vc_column_text][vc_empty_space height=&#8221;52px&#8221;][\/vc_column][\/vc_row][vc_row row_type=&#8221;parallax&#8221; parallax_content_width=&#8221;in_grid&#8221; text_align=&#8221;left&#8221; full_screen_section_height=&#8221;no&#8221; background_image=&#8221;113&#8243;][vc_column][vc_row_inner row_type=&#8221;row&#8221; type=&#8221;grid&#8221; text_align=&#8221;left&#8221; css_animation=&#8221;&#8221; css=&#8221;.vc_custom_1594655632974{padding-top: 250px !important;padding-bottom: 250px !important;}&#8221;][vc_column_inner][vc_column_text css=&#8221;.vc_custom_1594655665654{padding-top: 30px !important;padding-right: 20px !important;padding-bottom: 30px !important;padding-left: 20px !important;background-color: rgba(255,255,255,0.67)&#8230;<\/p>\n","protected":false},"author":1,"featured_media":0,"parent":0,"menu_order":0,"comment_status":"closed","ping_status":"closed","template":"full_width.php","meta":{"footnotes":""},"class_list":["post-37","page","type-page","status-publish","hentry"],"yoast_head":"<!-- This site is optimized with the Yoast SEO plugin v27.2 - https:\/\/yoast.com\/product\/yoast-seo-wordpress\/ -->\n<title>Imedijatna ugradnja - Straumann<\/title>\n<meta name=\"robots\" content=\"index, follow, max-snippet:-1, max-image-preview:large, max-video-preview:-1\" \/>\n<link rel=\"canonical\" href=\"https:\/\/demeas.rs\/straumann\/imedijatna-ugradnja\/\" \/>\n<meta property=\"og:locale\" content=\"en_US\" \/>\n<meta property=\"og:type\" content=\"article\" \/>\n<meta property=\"og:title\" content=\"Imedijatna ugradnja - Straumann\" \/>\n<meta property=\"og:description\" content=\"[vc_row css_animation=&#8221;&#8221; row_type=&#8221;row&#8221; use_row_as_full_screen_section=&#8221;no&#8221; type=&#8221;grid&#8221; angled_section=&#8221;no&#8221; text_align=&#8221;left&#8221; background_image_as_pattern=&#8221;without_pattern&#8221; z_index=&#8221;&#8221;][vc_column][vc_empty_space height=&#8221;52px&#8221;][vc_column_text] Straumann\u00ae ImmediaXy Podi\u017eemo protokol imedijatne ugradnje na slede\u0107i nivo. [\/vc_column_text][vc_empty_space height=&#8221;52px&#8221;][\/vc_column][\/vc_row][vc_row row_type=&#8221;parallax&#8221; parallax_content_width=&#8221;in_grid&#8221; text_align=&#8221;left&#8221; full_screen_section_height=&#8221;no&#8221; background_image=&#8221;113&#8243;][vc_column][vc_row_inner row_type=&#8221;row&#8221; type=&#8221;grid&#8221; text_align=&#8221;left&#8221; css_animation=&#8221;&#8221; css=&#8221;.vc_custom_1594655632974{padding-top: 250px !important;padding-bottom: 250px !important;}&#8221;][vc_column_inner][vc_column_text css=&#8221;.vc_custom_1594655665654{padding-top: 30px !important;padding-right: 20px !important;padding-bottom: 30px !important;padding-left: 20px !important;background-color: rgba(255,255,255,0.67)...\" \/>\n<meta property=\"og:url\" content=\"https:\/\/demeas.rs\/straumann\/imedijatna-ugradnja\/\" \/>\n<meta property=\"og:site_name\" content=\"Straumann\" \/>\n<meta property=\"article:modified_time\" content=\"2020-07-13T15:54:46+00:00\" \/>\n<meta name=\"twitter:card\" content=\"summary_large_image\" \/>\n<meta name=\"twitter:label1\" content=\"Est. reading time\" \/>\n\t<meta name=\"twitter:data1\" content=\"2 minutes\" \/>\n<script type=\"application\/ld+json\" class=\"yoast-schema-graph\">{\"@context\":\"https:\/\/schema.org\",\"@graph\":[{\"@type\":\"WebPage\",\"@id\":\"https:\/\/demeas.rs\/straumann\/imedijatna-ugradnja\/\",\"url\":\"https:\/\/demeas.rs\/straumann\/imedijatna-ugradnja\/\",\"name\":\"Imedijatna ugradnja - Straumann\",\"isPartOf\":{\"@id\":\"https:\/\/demeas.rs\/straumann\/#website\"},\"datePublished\":\"2020-07-01T17:02:11+00:00\",\"dateModified\":\"2020-07-13T15:54:46+00:00\",\"breadcrumb\":{\"@id\":\"https:\/\/demeas.rs\/straumann\/imedijatna-ugradnja\/#breadcrumb\"},\"inLanguage\":\"en-US\",\"potentialAction\":[{\"@type\":\"ReadAction\",\"target\":[\"https:\/\/demeas.rs\/straumann\/imedijatna-ugradnja\/\"]}]},{\"@type\":\"BreadcrumbList\",\"@id\":\"https:\/\/demeas.rs\/straumann\/imedijatna-ugradnja\/#breadcrumb\",\"itemListElement\":[{\"@type\":\"ListItem\",\"position\":1,\"name\":\"Home\",\"item\":\"https:\/\/demeas.rs\/straumann\/\"},{\"@type\":\"ListItem\",\"position\":2,\"name\":\"Imedijatna ugradnja\"}]},{\"@type\":\"WebSite\",\"@id\":\"https:\/\/demeas.rs\/straumann\/#website\",\"url\":\"https:\/\/demeas.rs\/straumann\/\",\"name\":\"Straumann\",\"description\":\"Just another Swissdent site\",\"publisher\":{\"@id\":\"https:\/\/demeas.rs\/straumann\/#organization\"},\"potentialAction\":[{\"@type\":\"SearchAction\",\"target\":{\"@type\":\"EntryPoint\",\"urlTemplate\":\"https:\/\/demeas.rs\/straumann\/?s={search_term_string}\"},\"query-input\":{\"@type\":\"PropertyValueSpecification\",\"valueRequired\":true,\"valueName\":\"search_term_string\"}}],\"inLanguage\":\"en-US\"},{\"@type\":\"Organization\",\"@id\":\"https:\/\/demeas.rs\/straumann\/#organization\",\"name\":\"Demeas - Straumann\",\"url\":\"https:\/\/demeas.rs\/straumann\/\",\"logo\":{\"@type\":\"ImageObject\",\"inLanguage\":\"en-US\",\"@id\":\"https:\/\/demeas.rs\/straumann\/#\/schema\/logo\/image\/\",\"url\":\"https:\/\/demeas.rs\/straumann\/wp-content\/uploads\/sites\/2\/2020\/07\/str-logo.png\",\"contentUrl\":\"https:\/\/demeas.rs\/straumann\/wp-content\/uploads\/sites\/2\/2020\/07\/str-logo.png\",\"width\":227,\"height\":84,\"caption\":\"Demeas - Straumann\"},\"image\":{\"@id\":\"https:\/\/demeas.rs\/straumann\/#\/schema\/logo\/image\/\"}}]}<\/script>\n<!-- \/ Yoast SEO plugin. -->","yoast_head_json":{"title":"Imedijatna ugradnja - Straumann","robots":{"index":"index","follow":"follow","max-snippet":"max-snippet:-1","max-image-preview":"max-image-preview:large","max-video-preview":"max-video-preview:-1"},"canonical":"https:\/\/demeas.rs\/straumann\/imedijatna-ugradnja\/","og_locale":"en_US","og_type":"article","og_title":"Imedijatna ugradnja - Straumann","og_description":"[vc_row css_animation=&#8221;&#8221; row_type=&#8221;row&#8221; use_row_as_full_screen_section=&#8221;no&#8221; type=&#8221;grid&#8221; angled_section=&#8221;no&#8221; text_align=&#8221;left&#8221; background_image_as_pattern=&#8221;without_pattern&#8221; z_index=&#8221;&#8221;][vc_column][vc_empty_space height=&#8221;52px&#8221;][vc_column_text] Straumann\u00ae ImmediaXy Podi\u017eemo protokol imedijatne ugradnje na slede\u0107i nivo. [\/vc_column_text][vc_empty_space height=&#8221;52px&#8221;][\/vc_column][\/vc_row][vc_row row_type=&#8221;parallax&#8221; parallax_content_width=&#8221;in_grid&#8221; text_align=&#8221;left&#8221; full_screen_section_height=&#8221;no&#8221; background_image=&#8221;113&#8243;][vc_column][vc_row_inner row_type=&#8221;row&#8221; type=&#8221;grid&#8221; text_align=&#8221;left&#8221; css_animation=&#8221;&#8221; css=&#8221;.vc_custom_1594655632974{padding-top: 250px !important;padding-bottom: 250px !important;}&#8221;][vc_column_inner][vc_column_text css=&#8221;.vc_custom_1594655665654{padding-top: 30px !important;padding-right: 20px !important;padding-bottom: 30px !important;padding-left: 20px !important;background-color: rgba(255,255,255,0.67)...","og_url":"https:\/\/demeas.rs\/straumann\/imedijatna-ugradnja\/","og_site_name":"Straumann","article_modified_time":"2020-07-13T15:54:46+00:00","twitter_card":"summary_large_image","twitter_misc":{"Est. reading time":"2 minutes"},"schema":{"@context":"https:\/\/schema.org","@graph":[{"@type":"WebPage","@id":"https:\/\/demeas.rs\/straumann\/imedijatna-ugradnja\/","url":"https:\/\/demeas.rs\/straumann\/imedijatna-ugradnja\/","name":"Imedijatna ugradnja - Straumann","isPartOf":{"@id":"https:\/\/demeas.rs\/straumann\/#website"},"datePublished":"2020-07-01T17:02:11+00:00","dateModified":"2020-07-13T15:54:46+00:00","breadcrumb":{"@id":"https:\/\/demeas.rs\/straumann\/imedijatna-ugradnja\/#breadcrumb"},"inLanguage":"en-US","potentialAction":[{"@type":"ReadAction","target":["https:\/\/demeas.rs\/straumann\/imedijatna-ugradnja\/"]}]},{"@type":"BreadcrumbList","@id":"https:\/\/demeas.rs\/straumann\/imedijatna-ugradnja\/#breadcrumb","itemListElement":[{"@type":"ListItem","position":1,"name":"Home","item":"https:\/\/demeas.rs\/straumann\/"},{"@type":"ListItem","position":2,"name":"Imedijatna ugradnja"}]},{"@type":"WebSite","@id":"https:\/\/demeas.rs\/straumann\/#website","url":"https:\/\/demeas.rs\/straumann\/","name":"Straumann","description":"Just another Swissdent site","publisher":{"@id":"https:\/\/demeas.rs\/straumann\/#organization"},"potentialAction":[{"@type":"SearchAction","target":{"@type":"EntryPoint","urlTemplate":"https:\/\/demeas.rs\/straumann\/?s={search_term_string}"},"query-input":{"@type":"PropertyValueSpecification","valueRequired":true,"valueName":"search_term_string"}}],"inLanguage":"en-US"},{"@type":"Organization","@id":"https:\/\/demeas.rs\/straumann\/#organization","name":"Demeas - Straumann","url":"https:\/\/demeas.rs\/straumann\/","logo":{"@type":"ImageObject","inLanguage":"en-US","@id":"https:\/\/demeas.rs\/straumann\/#\/schema\/logo\/image\/","url":"https:\/\/demeas.rs\/straumann\/wp-content\/uploads\/sites\/2\/2020\/07\/str-logo.png","contentUrl":"https:\/\/demeas.rs\/straumann\/wp-content\/uploads\/sites\/2\/2020\/07\/str-logo.png","width":227,"height":84,"caption":"Demeas - Straumann"},"image":{"@id":"https:\/\/demeas.rs\/straumann\/#\/schema\/logo\/image\/"}}]}},"_links":{"self":[{"href":"https:\/\/demeas.rs\/straumann\/wp-json\/wp\/v2\/pages\/37","targetHints":{"allow":["GET"]}}],"collection":[{"href":"https:\/\/demeas.rs\/straumann\/wp-json\/wp\/v2\/pages"}],"about":[{"href":"https:\/\/demeas.rs\/straumann\/wp-json\/wp\/v2\/types\/page"}],"author":[{"embeddable":true,"href":"https:\/\/demeas.rs\/straumann\/wp-json\/wp\/v2\/users\/1"}],"replies":[{"embeddable":true,"href":"https:\/\/demeas.rs\/straumann\/wp-json\/wp\/v2\/comments?post=37"}],"version-history":[{"count":4,"href":"https:\/\/demeas.rs\/straumann\/wp-json\/wp\/v2\/pages\/37\/revisions"}],"predecessor-version":[{"id":115,"href":"https:\/\/demeas.rs\/straumann\/wp-json\/wp\/v2\/pages\/37\/revisions\/115"}],"wp:attachment":[{"href":"https:\/\/demeas.rs\/straumann\/wp-json\/wp\/v2\/media?parent=37"}],"curies":[{"name":"wp","href":"https:\/\/api.w.org\/{rel}","templated":true}]}}