{"id":39,"date":"2020-07-01T17:02:33","date_gmt":"2020-07-01T17:02:33","guid":{"rendered":"https:\/\/demeas.rs\/straumann\/?page_id=39"},"modified":"2020-08-05T16:11:17","modified_gmt":"2020-08-05T16:11:17","slug":"straumann-pro-arch","status":"publish","type":"page","link":"https:\/\/demeas.rs\/straumann\/straumann-pro-arch\/","title":{"rendered":"Straumann Pro Arch"},"content":{"rendered":"<div class=\"wpb-content-wrapper\"><p>[vc_row css_animation=&#8221;&#8221; row_type=&#8221;row&#8221; use_row_as_full_screen_section=&#8221;no&#8221; type=&#8221;grid&#8221; angled_section=&#8221;no&#8221; text_align=&#8221;left&#8221; background_image_as_pattern=&#8221;without_pattern&#8221; z_index=&#8221;&#8221;][vc_column][vc_empty_space][vc_column_text]<\/p>\n<h2>Efikasna re\u0161enja kod bezubih pacijenata<\/h2>\n<h4>Jer svako od nas je poseban.<\/h4>\n<p>Nudimo vam obiman portfolio za le\u010denje bezubih pacijenata \u2013 pregr\u0161t re\u0161enja za zadatke koji ostaju veliki izazov obzirom na o\u010dekivanja pacijenata i klini\u010dka ograni\u010denja koja postoje. Mo\u017eemo vam pomo\u0107i procenom i nu\u0111enjem pravih solucija bez obzira da li se radi o fiksnim ili mobilnim radovima.[\/vc_column_text][vc_empty_space][\/vc_column][\/vc_row][vc_row row_type=&#8221;parallax&#8221; parallax_content_width=&#8221;in_grid&#8221; text_align=&#8221;left&#8221; full_screen_section_height=&#8221;no&#8221; background_image=&#8221;209&#8243;][vc_column][vc_empty_space height=&#8221;132px&#8221;][vc_row_inner row_type=&#8221;row&#8221; type=&#8221;grid&#8221; text_align=&#8221;left&#8221; css_animation=&#8221;&#8221;][vc_column_inner width=&#8221;1\/4&#8243;][\/vc_column_inner][vc_column_inner width=&#8221;1\/2&#8243; css=&#8221;.vc_custom_1596643723249{padding-top: 10px !important;padding-right: 10px !important;padding-bottom: 10px !important;padding-left: 10px !important;background-color: rgba(255,255,255,0.69) !important;*background-color: rgb(255,255,255) !important;}&#8221;][vc_empty_space]<div class='q_icon_with_title medium custom_icon_image '><div class=\"icon_holder \" style=\" \"><img decoding=\"async\" src=\"https:\/\/demeas.rs\/straumann\/wp-content\/uploads\/sites\/2\/2020\/08\/Preservation-Limegreen.png\" alt=\"\"><\/div><div class=\"icon_text_holder\" style=\"\"><div class=\"icon_text_inner\" style=\"\"><h4 class=\"icon_title\" style=\"\">Usredsre\u0111eni na pacijente<\/h4><p style=''>Sasvim slobodno odaberite tretman na osnovu specifi\u010dnih indikacija i potreba pacijenata, njihovih prioriteta i finansijske situacije.<\/p><\/div><\/div><\/div>[vc_empty_space]<div class='q_icon_with_title medium custom_icon_image '><div class=\"icon_holder \" style=\" \"><img decoding=\"async\" src=\"https:\/\/demeas.rs\/straumann\/wp-content\/uploads\/sites\/2\/2020\/08\/BLX-Market-segment-Limegreen.png\" alt=\"\"><\/div><div class=\"icon_text_holder\" style=\"\"><div class=\"icon_text_inner\" style=\"\"><h4 class=\"icon_title\" style=\"\">Rast poslovanja<\/h4><p style=''>Kombinujte \u0161irok spektar tretmana sa jasnom komunikacijom sa pacijnetima i ostalim alatima za razvoj poslovanja kako biste negovali rast va\u0161e prakse.<\/p><\/div><\/div><\/div>[vc_empty_space]<div class='q_icon_with_title medium custom_icon_image '><div class=\"icon_holder \" style=\" \"><img decoding=\"async\" src=\"https:\/\/demeas.rs\/straumann\/wp-content\/uploads\/sites\/2\/2020\/07\/Peace-of-Mind.png\" alt=\"\"><\/div><div class=\"icon_text_holder\" style=\"\"><div class=\"icon_text_inner\" style=\"\"><h4 class=\"icon_title\" style=\"\">Tako je lako<\/h4><p style=''>Verujte izvanrednim materijalima koji obezbe\u0111uju visoke performanse, snagu i dugove\u010dnost.<\/p><\/div><\/div><\/div>[vc_empty_space][\/vc_column_inner][vc_column_inner width=&#8221;1\/4&#8243;][\/vc_column_inner][\/vc_row_inner][vc_empty_space height=&#8221;132px&#8221;][\/vc_column][\/vc_row]<\/p>\n<\/div>","protected":false},"excerpt":{"rendered":"<p>[vc_row css_animation=&#8221;&#8221; row_type=&#8221;row&#8221; use_row_as_full_screen_section=&#8221;no&#8221; type=&#8221;grid&#8221; angled_section=&#8221;no&#8221; text_align=&#8221;left&#8221; background_image_as_pattern=&#8221;without_pattern&#8221; z_index=&#8221;&#8221;][vc_column][vc_empty_space][vc_column_text] Efikasna re\u0161enja kod bezubih pacijenata Jer svako od nas je poseban. Nudimo vam obiman portfolio za le\u010denje bezubih pacijenata \u2013 pregr\u0161t re\u0161enja za zadatke koji ostaju veliki izazov obzirom na o\u010dekivanja pacijenata i klini\u010dka ograni\u010denja koja&#8230;<\/p>\n","protected":false},"author":1,"featured_media":0,"parent":0,"menu_order":0,"comment_status":"closed","ping_status":"closed","template":"full_width.php","meta":{"footnotes":""},"class_list":["post-39","page","type-page","status-publish","hentry"],"yoast_head":"<!-- This site is optimized with the Yoast SEO plugin v27.2 - https:\/\/yoast.com\/product\/yoast-seo-wordpress\/ -->\n<title>Straumann Pro Arch - Straumann<\/title>\n<meta name=\"robots\" content=\"index, follow, max-snippet:-1, max-image-preview:large, max-video-preview:-1\" \/>\n<link rel=\"canonical\" href=\"https:\/\/demeas.rs\/straumann\/straumann-pro-arch\/\" \/>\n<meta property=\"og:locale\" content=\"en_US\" \/>\n<meta property=\"og:type\" content=\"article\" \/>\n<meta property=\"og:title\" content=\"Straumann Pro Arch - Straumann\" \/>\n<meta property=\"og:description\" content=\"[vc_row css_animation=&#8221;&#8221; row_type=&#8221;row&#8221; use_row_as_full_screen_section=&#8221;no&#8221; type=&#8221;grid&#8221; angled_section=&#8221;no&#8221; text_align=&#8221;left&#8221; background_image_as_pattern=&#8221;without_pattern&#8221; z_index=&#8221;&#8221;][vc_column][vc_empty_space][vc_column_text] Efikasna re\u0161enja kod bezubih pacijenata Jer svako od nas je poseban. Nudimo vam obiman portfolio za le\u010denje bezubih pacijenata \u2013 pregr\u0161t re\u0161enja za zadatke koji ostaju veliki izazov obzirom na o\u010dekivanja pacijenata i klini\u010dka ograni\u010denja koja...\" \/>\n<meta property=\"og:url\" content=\"https:\/\/demeas.rs\/straumann\/straumann-pro-arch\/\" \/>\n<meta property=\"og:site_name\" content=\"Straumann\" \/>\n<meta property=\"article:modified_time\" content=\"2020-08-05T16:11:17+00:00\" \/>\n<meta name=\"twitter:card\" content=\"summary_large_image\" \/>\n<meta name=\"twitter:label1\" content=\"Est. reading time\" \/>\n\t<meta name=\"twitter:data1\" content=\"2 minutes\" \/>\n<script type=\"application\/ld+json\" class=\"yoast-schema-graph\">{\"@context\":\"https:\/\/schema.org\",\"@graph\":[{\"@type\":\"WebPage\",\"@id\":\"https:\/\/demeas.rs\/straumann\/straumann-pro-arch\/\",\"url\":\"https:\/\/demeas.rs\/straumann\/straumann-pro-arch\/\",\"name\":\"Straumann Pro Arch - Straumann\",\"isPartOf\":{\"@id\":\"https:\/\/demeas.rs\/straumann\/#website\"},\"datePublished\":\"2020-07-01T17:02:33+00:00\",\"dateModified\":\"2020-08-05T16:11:17+00:00\",\"breadcrumb\":{\"@id\":\"https:\/\/demeas.rs\/straumann\/straumann-pro-arch\/#breadcrumb\"},\"inLanguage\":\"en-US\",\"potentialAction\":[{\"@type\":\"ReadAction\",\"target\":[\"https:\/\/demeas.rs\/straumann\/straumann-pro-arch\/\"]}]},{\"@type\":\"BreadcrumbList\",\"@id\":\"https:\/\/demeas.rs\/straumann\/straumann-pro-arch\/#breadcrumb\",\"itemListElement\":[{\"@type\":\"ListItem\",\"position\":1,\"name\":\"Home\",\"item\":\"https:\/\/demeas.rs\/straumann\/\"},{\"@type\":\"ListItem\",\"position\":2,\"name\":\"Straumann Pro Arch\"}]},{\"@type\":\"WebSite\",\"@id\":\"https:\/\/demeas.rs\/straumann\/#website\",\"url\":\"https:\/\/demeas.rs\/straumann\/\",\"name\":\"Straumann\",\"description\":\"Just another Swissdent site\",\"publisher\":{\"@id\":\"https:\/\/demeas.rs\/straumann\/#organization\"},\"potentialAction\":[{\"@type\":\"SearchAction\",\"target\":{\"@type\":\"EntryPoint\",\"urlTemplate\":\"https:\/\/demeas.rs\/straumann\/?s={search_term_string}\"},\"query-input\":{\"@type\":\"PropertyValueSpecification\",\"valueRequired\":true,\"valueName\":\"search_term_string\"}}],\"inLanguage\":\"en-US\"},{\"@type\":\"Organization\",\"@id\":\"https:\/\/demeas.rs\/straumann\/#organization\",\"name\":\"Demeas - Straumann\",\"url\":\"https:\/\/demeas.rs\/straumann\/\",\"logo\":{\"@type\":\"ImageObject\",\"inLanguage\":\"en-US\",\"@id\":\"https:\/\/demeas.rs\/straumann\/#\/schema\/logo\/image\/\",\"url\":\"https:\/\/demeas.rs\/straumann\/wp-content\/uploads\/sites\/2\/2020\/07\/str-logo.png\",\"contentUrl\":\"https:\/\/demeas.rs\/straumann\/wp-content\/uploads\/sites\/2\/2020\/07\/str-logo.png\",\"width\":227,\"height\":84,\"caption\":\"Demeas - Straumann\"},\"image\":{\"@id\":\"https:\/\/demeas.rs\/straumann\/#\/schema\/logo\/image\/\"}}]}<\/script>\n<!-- \/ Yoast SEO plugin. -->","yoast_head_json":{"title":"Straumann Pro Arch - Straumann","robots":{"index":"index","follow":"follow","max-snippet":"max-snippet:-1","max-image-preview":"max-image-preview:large","max-video-preview":"max-video-preview:-1"},"canonical":"https:\/\/demeas.rs\/straumann\/straumann-pro-arch\/","og_locale":"en_US","og_type":"article","og_title":"Straumann Pro Arch - Straumann","og_description":"[vc_row css_animation=&#8221;&#8221; row_type=&#8221;row&#8221; use_row_as_full_screen_section=&#8221;no&#8221; type=&#8221;grid&#8221; angled_section=&#8221;no&#8221; text_align=&#8221;left&#8221; background_image_as_pattern=&#8221;without_pattern&#8221; z_index=&#8221;&#8221;][vc_column][vc_empty_space][vc_column_text] Efikasna re\u0161enja kod bezubih pacijenata Jer svako od nas je poseban. Nudimo vam obiman portfolio za le\u010denje bezubih pacijenata \u2013 pregr\u0161t re\u0161enja za zadatke koji ostaju veliki izazov obzirom na o\u010dekivanja pacijenata i klini\u010dka ograni\u010denja koja...","og_url":"https:\/\/demeas.rs\/straumann\/straumann-pro-arch\/","og_site_name":"Straumann","article_modified_time":"2020-08-05T16:11:17+00:00","twitter_card":"summary_large_image","twitter_misc":{"Est. reading time":"2 minutes"},"schema":{"@context":"https:\/\/schema.org","@graph":[{"@type":"WebPage","@id":"https:\/\/demeas.rs\/straumann\/straumann-pro-arch\/","url":"https:\/\/demeas.rs\/straumann\/straumann-pro-arch\/","name":"Straumann Pro Arch - Straumann","isPartOf":{"@id":"https:\/\/demeas.rs\/straumann\/#website"},"datePublished":"2020-07-01T17:02:33+00:00","dateModified":"2020-08-05T16:11:17+00:00","breadcrumb":{"@id":"https:\/\/demeas.rs\/straumann\/straumann-pro-arch\/#breadcrumb"},"inLanguage":"en-US","potentialAction":[{"@type":"ReadAction","target":["https:\/\/demeas.rs\/straumann\/straumann-pro-arch\/"]}]},{"@type":"BreadcrumbList","@id":"https:\/\/demeas.rs\/straumann\/straumann-pro-arch\/#breadcrumb","itemListElement":[{"@type":"ListItem","position":1,"name":"Home","item":"https:\/\/demeas.rs\/straumann\/"},{"@type":"ListItem","position":2,"name":"Straumann Pro Arch"}]},{"@type":"WebSite","@id":"https:\/\/demeas.rs\/straumann\/#website","url":"https:\/\/demeas.rs\/straumann\/","name":"Straumann","description":"Just another Swissdent site","publisher":{"@id":"https:\/\/demeas.rs\/straumann\/#organization"},"potentialAction":[{"@type":"SearchAction","target":{"@type":"EntryPoint","urlTemplate":"https:\/\/demeas.rs\/straumann\/?s={search_term_string}"},"query-input":{"@type":"PropertyValueSpecification","valueRequired":true,"valueName":"search_term_string"}}],"inLanguage":"en-US"},{"@type":"Organization","@id":"https:\/\/demeas.rs\/straumann\/#organization","name":"Demeas - Straumann","url":"https:\/\/demeas.rs\/straumann\/","logo":{"@type":"ImageObject","inLanguage":"en-US","@id":"https:\/\/demeas.rs\/straumann\/#\/schema\/logo\/image\/","url":"https:\/\/demeas.rs\/straumann\/wp-content\/uploads\/sites\/2\/2020\/07\/str-logo.png","contentUrl":"https:\/\/demeas.rs\/straumann\/wp-content\/uploads\/sites\/2\/2020\/07\/str-logo.png","width":227,"height":84,"caption":"Demeas - Straumann"},"image":{"@id":"https:\/\/demeas.rs\/straumann\/#\/schema\/logo\/image\/"}}]}},"_links":{"self":[{"href":"https:\/\/demeas.rs\/straumann\/wp-json\/wp\/v2\/pages\/39","targetHints":{"allow":["GET"]}}],"collection":[{"href":"https:\/\/demeas.rs\/straumann\/wp-json\/wp\/v2\/pages"}],"about":[{"href":"https:\/\/demeas.rs\/straumann\/wp-json\/wp\/v2\/types\/page"}],"author":[{"embeddable":true,"href":"https:\/\/demeas.rs\/straumann\/wp-json\/wp\/v2\/users\/1"}],"replies":[{"embeddable":true,"href":"https:\/\/demeas.rs\/straumann\/wp-json\/wp\/v2\/comments?post=39"}],"version-history":[{"count":5,"href":"https:\/\/demeas.rs\/straumann\/wp-json\/wp\/v2\/pages\/39\/revisions"}],"predecessor-version":[{"id":214,"href":"https:\/\/demeas.rs\/straumann\/wp-json\/wp\/v2\/pages\/39\/revisions\/214"}],"wp:attachment":[{"href":"https:\/\/demeas.rs\/straumann\/wp-json\/wp\/v2\/media?parent=39"}],"curies":[{"name":"wp","href":"https:\/\/api.w.org\/{rel}","templated":true}]}}