{"id":41,"date":"2020-07-01T17:02:52","date_gmt":"2020-07-01T17:02:52","guid":{"rendered":"https:\/\/demeas.rs\/straumann\/?page_id=41"},"modified":"2020-07-17T14:54:39","modified_gmt":"2020-07-17T14:54:39","slug":"digitalne-performanse","status":"publish","type":"page","link":"https:\/\/demeas.rs\/straumann\/digitalne-performanse\/","title":{"rendered":"Digitalne performanse"},"content":{"rendered":"<div class=\"wpb-content-wrapper\"><p>[vc_row css_animation=&#8221;&#8221; row_type=&#8221;row&#8221; use_row_as_full_screen_section=&#8221;no&#8221; type=&#8221;grid&#8221; angled_section=&#8221;no&#8221; text_align=&#8221;left&#8221; background_image_as_pattern=&#8221;without_pattern&#8221; z_index=&#8221;&#8221; css=&#8221;.vc_custom_1594997177992{padding-top: 50px !important;padding-bottom: 50px !important;}&#8221;][vc_column][vc_column_text]<\/p>\n<h2>Plug &amp; Play re\u0161enja za tehni\u010dare i stomatologe.<\/h2>\n<p>&nbsp;<\/p>\n<p>Sve \u0161to se mo\u017ee digitalizovati bi\u0107e digitalizovano. Budite ispred konkurencije i postanite lider u digitalnoj stomatologiji sa Straumann\u00ae CARES\u00ae Digital Solutions, na\u0161om obimnom i fleksibilnom digitalnom ponudom. Posve\u0107eni smo va\u0161im specifi\u010dnim potrebama i \u017eelji da va\u0161 radni dan olak\u0161amo, u\u010dinimo ga predvidljivijim i profitabilnijim. Straumann\u00ae CARES\u00ae kombinuje pa\u017eljivo odabranu, u klasi najbolju, stomatol\u0161ku opremu sa najsavremenijom digitalnom tehnologijom, premium materijalima i prilago\u0111enim uslugama za nesmetani digitalni tok rada.[\/vc_column_text][\/vc_column][\/vc_row][vc_row row_type=&#8221;parallax&#8221; parallax_content_width=&#8221;in_grid&#8221; text_align=&#8221;left&#8221; full_screen_section_height=&#8221;no&#8221; background_image=&#8221;196&#8243;][vc_column][vc_empty_space height=&#8221;152px&#8221;][vc_row_inner row_type=&#8221;row&#8221; type=&#8221;full_width&#8221; text_align=&#8221;left&#8221; css_animation=&#8221;&#8221;][vc_column_inner width=&#8221;1\/2&#8243; css=&#8221;.vc_custom_1594997527711{background-color: rgba(255,255,255,0.5) !important;*background-color: rgb(255,255,255) !important;}&#8221;][vc_column_text]<\/p>\n<h3><span style=\"color: #000000;\">Konkurentnost<\/span><\/h3>\n<p><span style=\"color: #000000;\">Ponudite ve\u0107i izbor protetskih re\u0161enja i usluga.<\/span><\/p>\n<p>&nbsp;<\/p>\n<h3><span style=\"color: #000000;\">Kvalitet<\/span><\/h3>\n<p><span style=\"color: #000000;\">Osigurajte konzistentne visoko kvalitetne rezultate kroz potpuno proverene, modernizovane tokove rada.<\/span><\/p>\n<p>&nbsp;<\/p>\n<h3><span style=\"color: #000000;\">Profitabilnost<\/span><\/h3>\n<p><span style=\"color: #000000;\">Profitirajte na efikasnim, optimizovanim digitalnim re\u0161enjima.<\/span>[\/vc_column_text][vc_empty_space][\/vc_column_inner][vc_column_inner width=&#8221;1\/2&#8243; css=&#8221;.vc_custom_1594997543766{background-color: rgba(255,255,255,0.5) !important;*background-color: rgb(255,255,255) !important;}&#8221;][vc_column_text]<\/p>\n<h3><span style=\"color: #000000;\">Produktivnost<\/span><\/h3>\n<p><span style=\"color: #000000;\">Pove\u0107ajte preciznost i dnevnu produktivnost, smanjite koli\u010dinu vremena utro\u0161enog za izradu.<\/span><\/p>\n<p>&nbsp;<\/p>\n<h3><span style=\"color: #000000;\">Jednostavnost<\/span><\/h3>\n<p><span style=\"color: #000000;\">Redukujte slo\u017eenost postupka i potrebu da lutate od jednog do drugog sistema.<\/span><\/p>\n<p>&nbsp;<\/p>\n<h3><span style=\"color: #000000;\">Fleksibilnost<\/span><\/h3>\n<p><span style=\"color: #000000;\">Obezbedite potpunu fleksibilnost zahvaljuju\u0107i otvorenim standardima i povezanosti sa tre\u0107im stranama.<\/span>[\/vc_column_text][vc_empty_space][\/vc_column_inner][\/vc_row_inner][vc_empty_space height=&#8221;152px&#8221;][\/vc_column][\/vc_row]<\/p>\n<\/div>","protected":false},"excerpt":{"rendered":"<p>[vc_row css_animation=&#8221;&#8221; row_type=&#8221;row&#8221; use_row_as_full_screen_section=&#8221;no&#8221; type=&#8221;grid&#8221; angled_section=&#8221;no&#8221; text_align=&#8221;left&#8221; background_image_as_pattern=&#8221;without_pattern&#8221; z_index=&#8221;&#8221; css=&#8221;.vc_custom_1594997177992{padding-top: 50px !important;padding-bottom: 50px !important;}&#8221;][vc_column][vc_column_text] Plug &amp; Play re\u0161enja za tehni\u010dare i stomatologe. &nbsp; Sve \u0161to se mo\u017ee digitalizovati bi\u0107e digitalizovano. Budite ispred konkurencije i postanite lider u digitalnoj stomatologiji sa Straumann\u00ae CARES\u00ae Digital Solutions, na\u0161om&#8230;<\/p>\n","protected":false},"author":1,"featured_media":0,"parent":0,"menu_order":0,"comment_status":"closed","ping_status":"closed","template":"full_width.php","meta":{"footnotes":""},"class_list":["post-41","page","type-page","status-publish","hentry"],"yoast_head":"<!-- This site is optimized with the Yoast SEO plugin v27.2 - https:\/\/yoast.com\/product\/yoast-seo-wordpress\/ -->\n<title>Digitalne performanse - Straumann<\/title>\n<meta name=\"robots\" content=\"index, follow, max-snippet:-1, max-image-preview:large, max-video-preview:-1\" \/>\n<link rel=\"canonical\" href=\"https:\/\/demeas.rs\/straumann\/digitalne-performanse\/\" \/>\n<meta property=\"og:locale\" content=\"en_US\" \/>\n<meta property=\"og:type\" content=\"article\" \/>\n<meta property=\"og:title\" content=\"Digitalne performanse - Straumann\" \/>\n<meta property=\"og:description\" content=\"[vc_row css_animation=&#8221;&#8221; row_type=&#8221;row&#8221; use_row_as_full_screen_section=&#8221;no&#8221; type=&#8221;grid&#8221; angled_section=&#8221;no&#8221; text_align=&#8221;left&#8221; background_image_as_pattern=&#8221;without_pattern&#8221; z_index=&#8221;&#8221; css=&#8221;.vc_custom_1594997177992{padding-top: 50px !important;padding-bottom: 50px !important;}&#8221;][vc_column][vc_column_text] Plug &amp; Play re\u0161enja za tehni\u010dare i stomatologe. &nbsp; Sve \u0161to se mo\u017ee digitalizovati bi\u0107e digitalizovano. Budite ispred konkurencije i postanite lider u digitalnoj stomatologiji sa Straumann\u00ae CARES\u00ae Digital Solutions, na\u0161om...\" \/>\n<meta property=\"og:url\" content=\"https:\/\/demeas.rs\/straumann\/digitalne-performanse\/\" \/>\n<meta property=\"og:site_name\" content=\"Straumann\" \/>\n<meta property=\"article:modified_time\" content=\"2020-07-17T14:54:39+00:00\" \/>\n<meta name=\"twitter:card\" content=\"summary_large_image\" \/>\n<meta name=\"twitter:label1\" content=\"Est. reading time\" \/>\n\t<meta name=\"twitter:data1\" content=\"2 minutes\" \/>\n<script type=\"application\/ld+json\" class=\"yoast-schema-graph\">{\"@context\":\"https:\/\/schema.org\",\"@graph\":[{\"@type\":\"WebPage\",\"@id\":\"https:\/\/demeas.rs\/straumann\/digitalne-performanse\/\",\"url\":\"https:\/\/demeas.rs\/straumann\/digitalne-performanse\/\",\"name\":\"Digitalne performanse - Straumann\",\"isPartOf\":{\"@id\":\"https:\/\/demeas.rs\/straumann\/#website\"},\"datePublished\":\"2020-07-01T17:02:52+00:00\",\"dateModified\":\"2020-07-17T14:54:39+00:00\",\"breadcrumb\":{\"@id\":\"https:\/\/demeas.rs\/straumann\/digitalne-performanse\/#breadcrumb\"},\"inLanguage\":\"en-US\",\"potentialAction\":[{\"@type\":\"ReadAction\",\"target\":[\"https:\/\/demeas.rs\/straumann\/digitalne-performanse\/\"]}]},{\"@type\":\"BreadcrumbList\",\"@id\":\"https:\/\/demeas.rs\/straumann\/digitalne-performanse\/#breadcrumb\",\"itemListElement\":[{\"@type\":\"ListItem\",\"position\":1,\"name\":\"Home\",\"item\":\"https:\/\/demeas.rs\/straumann\/\"},{\"@type\":\"ListItem\",\"position\":2,\"name\":\"Digitalne performanse\"}]},{\"@type\":\"WebSite\",\"@id\":\"https:\/\/demeas.rs\/straumann\/#website\",\"url\":\"https:\/\/demeas.rs\/straumann\/\",\"name\":\"Straumann\",\"description\":\"Just another Swissdent site\",\"publisher\":{\"@id\":\"https:\/\/demeas.rs\/straumann\/#organization\"},\"potentialAction\":[{\"@type\":\"SearchAction\",\"target\":{\"@type\":\"EntryPoint\",\"urlTemplate\":\"https:\/\/demeas.rs\/straumann\/?s={search_term_string}\"},\"query-input\":{\"@type\":\"PropertyValueSpecification\",\"valueRequired\":true,\"valueName\":\"search_term_string\"}}],\"inLanguage\":\"en-US\"},{\"@type\":\"Organization\",\"@id\":\"https:\/\/demeas.rs\/straumann\/#organization\",\"name\":\"Demeas - Straumann\",\"url\":\"https:\/\/demeas.rs\/straumann\/\",\"logo\":{\"@type\":\"ImageObject\",\"inLanguage\":\"en-US\",\"@id\":\"https:\/\/demeas.rs\/straumann\/#\/schema\/logo\/image\/\",\"url\":\"https:\/\/demeas.rs\/straumann\/wp-content\/uploads\/sites\/2\/2020\/07\/str-logo.png\",\"contentUrl\":\"https:\/\/demeas.rs\/straumann\/wp-content\/uploads\/sites\/2\/2020\/07\/str-logo.png\",\"width\":227,\"height\":84,\"caption\":\"Demeas - Straumann\"},\"image\":{\"@id\":\"https:\/\/demeas.rs\/straumann\/#\/schema\/logo\/image\/\"}}]}<\/script>\n<!-- \/ Yoast SEO plugin. -->","yoast_head_json":{"title":"Digitalne performanse - Straumann","robots":{"index":"index","follow":"follow","max-snippet":"max-snippet:-1","max-image-preview":"max-image-preview:large","max-video-preview":"max-video-preview:-1"},"canonical":"https:\/\/demeas.rs\/straumann\/digitalne-performanse\/","og_locale":"en_US","og_type":"article","og_title":"Digitalne performanse - Straumann","og_description":"[vc_row css_animation=&#8221;&#8221; row_type=&#8221;row&#8221; use_row_as_full_screen_section=&#8221;no&#8221; type=&#8221;grid&#8221; angled_section=&#8221;no&#8221; text_align=&#8221;left&#8221; background_image_as_pattern=&#8221;without_pattern&#8221; z_index=&#8221;&#8221; css=&#8221;.vc_custom_1594997177992{padding-top: 50px !important;padding-bottom: 50px !important;}&#8221;][vc_column][vc_column_text] Plug &amp; Play re\u0161enja za tehni\u010dare i stomatologe. &nbsp; Sve \u0161to se mo\u017ee digitalizovati bi\u0107e digitalizovano. Budite ispred konkurencije i postanite lider u digitalnoj stomatologiji sa Straumann\u00ae CARES\u00ae Digital Solutions, na\u0161om...","og_url":"https:\/\/demeas.rs\/straumann\/digitalne-performanse\/","og_site_name":"Straumann","article_modified_time":"2020-07-17T14:54:39+00:00","twitter_card":"summary_large_image","twitter_misc":{"Est. reading time":"2 minutes"},"schema":{"@context":"https:\/\/schema.org","@graph":[{"@type":"WebPage","@id":"https:\/\/demeas.rs\/straumann\/digitalne-performanse\/","url":"https:\/\/demeas.rs\/straumann\/digitalne-performanse\/","name":"Digitalne performanse - Straumann","isPartOf":{"@id":"https:\/\/demeas.rs\/straumann\/#website"},"datePublished":"2020-07-01T17:02:52+00:00","dateModified":"2020-07-17T14:54:39+00:00","breadcrumb":{"@id":"https:\/\/demeas.rs\/straumann\/digitalne-performanse\/#breadcrumb"},"inLanguage":"en-US","potentialAction":[{"@type":"ReadAction","target":["https:\/\/demeas.rs\/straumann\/digitalne-performanse\/"]}]},{"@type":"BreadcrumbList","@id":"https:\/\/demeas.rs\/straumann\/digitalne-performanse\/#breadcrumb","itemListElement":[{"@type":"ListItem","position":1,"name":"Home","item":"https:\/\/demeas.rs\/straumann\/"},{"@type":"ListItem","position":2,"name":"Digitalne performanse"}]},{"@type":"WebSite","@id":"https:\/\/demeas.rs\/straumann\/#website","url":"https:\/\/demeas.rs\/straumann\/","name":"Straumann","description":"Just another Swissdent site","publisher":{"@id":"https:\/\/demeas.rs\/straumann\/#organization"},"potentialAction":[{"@type":"SearchAction","target":{"@type":"EntryPoint","urlTemplate":"https:\/\/demeas.rs\/straumann\/?s={search_term_string}"},"query-input":{"@type":"PropertyValueSpecification","valueRequired":true,"valueName":"search_term_string"}}],"inLanguage":"en-US"},{"@type":"Organization","@id":"https:\/\/demeas.rs\/straumann\/#organization","name":"Demeas - Straumann","url":"https:\/\/demeas.rs\/straumann\/","logo":{"@type":"ImageObject","inLanguage":"en-US","@id":"https:\/\/demeas.rs\/straumann\/#\/schema\/logo\/image\/","url":"https:\/\/demeas.rs\/straumann\/wp-content\/uploads\/sites\/2\/2020\/07\/str-logo.png","contentUrl":"https:\/\/demeas.rs\/straumann\/wp-content\/uploads\/sites\/2\/2020\/07\/str-logo.png","width":227,"height":84,"caption":"Demeas - Straumann"},"image":{"@id":"https:\/\/demeas.rs\/straumann\/#\/schema\/logo\/image\/"}}]}},"_links":{"self":[{"href":"https:\/\/demeas.rs\/straumann\/wp-json\/wp\/v2\/pages\/41","targetHints":{"allow":["GET"]}}],"collection":[{"href":"https:\/\/demeas.rs\/straumann\/wp-json\/wp\/v2\/pages"}],"about":[{"href":"https:\/\/demeas.rs\/straumann\/wp-json\/wp\/v2\/types\/page"}],"author":[{"embeddable":true,"href":"https:\/\/demeas.rs\/straumann\/wp-json\/wp\/v2\/users\/1"}],"replies":[{"embeddable":true,"href":"https:\/\/demeas.rs\/straumann\/wp-json\/wp\/v2\/comments?post=41"}],"version-history":[{"count":7,"href":"https:\/\/demeas.rs\/straumann\/wp-json\/wp\/v2\/pages\/41\/revisions"}],"predecessor-version":[{"id":198,"href":"https:\/\/demeas.rs\/straumann\/wp-json\/wp\/v2\/pages\/41\/revisions\/198"}],"wp:attachment":[{"href":"https:\/\/demeas.rs\/straumann\/wp-json\/wp\/v2\/media?parent=41"}],"curies":[{"name":"wp","href":"https:\/\/api.w.org\/{rel}","templated":true}]}}